{"id":142758,"date":"2025-05-18T23:15:13","date_gmt":"2025-05-18T23:15:13","guid":{"rendered":"https:\/\/staging2.stylingagenten.com\/da\/produkt\/fudge-clean-blonde-damage-rewind-violet-shampoo-50ml\/"},"modified":"2026-04-12T22:07:28","modified_gmt":"2026-04-12T22:07:28","slug":"fudge-clean-blonde-damage-rewind-violet-shampoo-50ml","status":"publish","type":"product","link":"https:\/\/stylingagenten.com\/da\/produkt\/fudge-clean-blonde-damage-rewind-violet-shampoo-50ml\/","title":{"rendered":"Fudge Clean Blonde Damage Rewind Violet Shampoo 50ml"},"content":{"rendered":"<p>Clean Blonde Damage Rewind Violet Toning Shampoo er en sulfatfri shampoo med intense og effektive violette mikropigmenter, der straks bek\u00e6mper gule nuancer i blondt h\u00e5r. Beriget med Opti-plex&trade; Teknologi, der styrker og beskytter h\u00e5ret for at holde det i perfekt stand.<\/p>\n<p>Opti-Plex indeholder hydrogeneret vegetabilsk protein, der styrker h\u00e5ret indefra og ud. V&auml;as p&aring; ydersiden og efterlader den st\u00e6rkere, blankere og med et j\u00e6vnt lag af sk\u00e6l. Abil ME 45 fungerer som en vigtig fugtighedscreme og hj\u00e6lper ogs\u00e5 med at beskytte h\u00e5ret mod farvetab og skader fra varme, styling og milj\u00f8et. Shampooen g\u00f8r h\u00e5ret 90% st\u00e6rkere og dobbelt s\u00e5 st\u00e6rkt; bl\u00f8d.<\/p>\n","protected":false},"excerpt":{"rendered":"<p>Clean Blonde Damage Rewind Violet Toning Shampoo er en sulfatfri shampoo med intense og effektive violette mikropigmenter, der straks bek\u00e6mper gule nuancer i blondt h\u00e5r. Beriget med Opti-plex&trade; Teknologi, der styrker og beskytter h\u00e5ret for at holde det i perfekt stand. Opti-Plex indeholder hydrogeneret vegetabilsk protein, der styrker h\u00e5ret indefra og ud. V&auml;as p&aring; ydersiden [&hellip;]<\/p>\n","protected":false},"featured_media":142756,"comment_status":"open","ping_status":"closed","template":"","meta":{"_trash_the_other_posts":false},"product_brand":[],"product_cat":[563,1004],"product_tag":[2916],"berocket_brand":[1319],"class_list":{"0":"post-142758","1":"product","2":"type-product","3":"status-publish","4":"has-post-thumbnail","6":"product_cat-shampoo","7":"product_cat-solvshampoo","8":"product_tag-fudge-clean-blonde-damage-rewind-violet-shampoo","9":"pa_brand-fudge","10":"pa_variant-50ml","11":"berocket_brand-fudge","13":"first","14":"instock","15":"sale","16":"taxable","17":"shipping-taxable","18":"purchasable","19":"product-type-simple"},"_links":{"self":[{"href":"https:\/\/stylingagenten.com\/da\/wp-json\/wp\/v2\/product\/142758","targetHints":{"allow":["GET"]}}],"collection":[{"href":"https:\/\/stylingagenten.com\/da\/wp-json\/wp\/v2\/product"}],"about":[{"href":"https:\/\/stylingagenten.com\/da\/wp-json\/wp\/v2\/types\/product"}],"replies":[{"embeddable":true,"href":"https:\/\/stylingagenten.com\/da\/wp-json\/wp\/v2\/comments?post=142758"}],"version-history":[{"count":0,"href":"https:\/\/stylingagenten.com\/da\/wp-json\/wp\/v2\/product\/142758\/revisions"}],"wp:featuredmedia":[{"embeddable":true,"href":"https:\/\/stylingagenten.com\/da\/wp-json\/wp\/v2\/media\/142756"}],"wp:attachment":[{"href":"https:\/\/stylingagenten.com\/da\/wp-json\/wp\/v2\/media?parent=142758"}],"wp:term":[{"taxonomy":"product_brand","embeddable":true,"href":"https:\/\/stylingagenten.com\/da\/wp-json\/wp\/v2\/product_brand?post=142758"},{"taxonomy":"product_cat","embeddable":true,"href":"https:\/\/stylingagenten.com\/da\/wp-json\/wp\/v2\/product_cat?post=142758"},{"taxonomy":"product_tag","embeddable":true,"href":"https:\/\/stylingagenten.com\/da\/wp-json\/wp\/v2\/product_tag?post=142758"},{"taxonomy":"berocket_brand","embeddable":true,"href":"https:\/\/stylingagenten.com\/da\/wp-json\/wp\/v2\/berocket_brand?post=142758"}],"curies":[{"name":"wp","href":"https:\/\/api.w.org\/{rel}","templated":true}]}}