{"id":142748,"date":"2025-05-18T23:15:10","date_gmt":"2025-05-18T23:15:10","guid":{"rendered":"https:\/\/staging2.stylingagenten.com\/da\/produkt\/goldwell-dualsenses-color-brilliance-shampoo-250ml\/"},"modified":"2026-03-23T19:27:36","modified_gmt":"2026-03-23T19:27:36","slug":"goldwell-dualsenses-color-brilliance-shampoo-250ml","status":"publish","type":"product","link":"https:\/\/stylingagenten.com\/da\/produkt\/goldwell-dualsenses-color-brilliance-shampoo-250ml\/","title":{"rendered":"Goldwell Dualsenses Color Brilliance Shampoo 250ml"},"content":{"rendered":"<p>&nbsp;Goldwell Dualsenses Color Brilliance Shampoo frembringer \u00f8jeblikkeligt en unik farveglans til farvet eller ubehandlet h\u00e5r. Unik FadeStopFormula, s\u00e5 sk\u00e5nsom som vand, minimerer farvefalmning ved hver brug. MicroPROtec-komplekset og Luminescine konverterer ikke-synligt UV-lys til synlige str\u00e5ler for at fremh\u00e6ve h\u00e5rets glans.<\/p>\n","protected":false},"excerpt":{"rendered":"<p>&nbsp;Goldwell Dualsenses Color Brilliance Shampoo frembringer \u00f8jeblikkeligt en unik farveglans til farvet eller ubehandlet h\u00e5r. Unik FadeStopFormula, s\u00e5 sk\u00e5nsom som vand, minimerer farvefalmning ved hver brug. MicroPROtec-komplekset og Luminescine konverterer ikke-synligt UV-lys til synlige str\u00e5ler for at fremh\u00e6ve h\u00e5rets glans.<\/p>\n","protected":false},"featured_media":142747,"comment_status":"open","ping_status":"closed","template":"","meta":{"_trash_the_other_posts":false},"product_brand":[],"product_cat":[563],"product_tag":[],"berocket_brand":[1328],"class_list":{"0":"post-142748","1":"product","2":"type-product","3":"status-publish","4":"has-post-thumbnail","6":"product_cat-shampoo","7":"pa_brand-goldwell","8":"berocket_brand-goldwell","10":"first","11":"instock","12":"sale","13":"taxable","14":"shipping-taxable","15":"purchasable","16":"product-type-simple"},"_links":{"self":[{"href":"https:\/\/stylingagenten.com\/da\/wp-json\/wp\/v2\/product\/142748","targetHints":{"allow":["GET"]}}],"collection":[{"href":"https:\/\/stylingagenten.com\/da\/wp-json\/wp\/v2\/product"}],"about":[{"href":"https:\/\/stylingagenten.com\/da\/wp-json\/wp\/v2\/types\/product"}],"replies":[{"embeddable":true,"href":"https:\/\/stylingagenten.com\/da\/wp-json\/wp\/v2\/comments?post=142748"}],"version-history":[{"count":0,"href":"https:\/\/stylingagenten.com\/da\/wp-json\/wp\/v2\/product\/142748\/revisions"}],"wp:featuredmedia":[{"embeddable":true,"href":"https:\/\/stylingagenten.com\/da\/wp-json\/wp\/v2\/media\/142747"}],"wp:attachment":[{"href":"https:\/\/stylingagenten.com\/da\/wp-json\/wp\/v2\/media?parent=142748"}],"wp:term":[{"taxonomy":"product_brand","embeddable":true,"href":"https:\/\/stylingagenten.com\/da\/wp-json\/wp\/v2\/product_brand?post=142748"},{"taxonomy":"product_cat","embeddable":true,"href":"https:\/\/stylingagenten.com\/da\/wp-json\/wp\/v2\/product_cat?post=142748"},{"taxonomy":"product_tag","embeddable":true,"href":"https:\/\/stylingagenten.com\/da\/wp-json\/wp\/v2\/product_tag?post=142748"},{"taxonomy":"berocket_brand","embeddable":true,"href":"https:\/\/stylingagenten.com\/da\/wp-json\/wp\/v2\/berocket_brand?post=142748"}],"curies":[{"name":"wp","href":"https:\/\/api.w.org\/{rel}","templated":true}]}}