{"id":142727,"date":"2025-05-18T23:15:02","date_gmt":"2025-05-18T23:15:02","guid":{"rendered":"https:\/\/staging2.stylingagenten.com\/da\/produkt\/goldwell-dualsenses-just-smooth-taming-shampoo-250ml\/"},"modified":"2026-03-30T07:31:51","modified_gmt":"2026-03-30T07:31:51","slug":"goldwell-dualsenses-just-smooth-taming-shampoo-250ml","status":"publish","type":"product","link":"https:\/\/stylingagenten.com\/da\/produkt\/goldwell-dualsenses-just-smooth-taming-shampoo-250ml\/","title":{"rendered":"Goldwell Dualsenses Just Smooth Taming Shampoo 250ml"},"content":{"rendered":"<p>Goldwell Dualsenses Just Smooth Taming Shampoo passer til dig med uoverskueligt og kruset h\u00e5r. Ved hj\u00e6lp af en blanding af microPROtec og Kukui Nut Oil, som er kendt for sine fugtgivende egenskaber, bliver h\u00e5ret mere medg\u00f8rligt, kruset kontrolleres og h\u00e5ret f\u00e5r en str\u00e5lende glans. Unik FadeStopFormula, s\u00e5 sk\u00e5nsom som vand, minimerer farvefalmning ved hver brug.<\/p>\n","protected":false},"excerpt":{"rendered":"<p>Goldwell Dualsenses Just Smooth Taming Shampoo passer til dig med uoverskueligt og kruset h\u00e5r. Ved hj\u00e6lp af en blanding af microPROtec og Kukui Nut Oil, som er kendt for sine fugtgivende egenskaber, bliver h\u00e5ret mere medg\u00f8rligt, kruset kontrolleres og h\u00e5ret f\u00e5r en str\u00e5lende glans. Unik FadeStopFormula, s\u00e5 sk\u00e5nsom som vand, minimerer farvefalmning ved hver brug.<\/p>\n","protected":false},"featured_media":142725,"comment_status":"open","ping_status":"closed","template":"","meta":{"_trash_the_other_posts":false},"product_brand":[],"product_cat":[1003,563],"product_tag":[],"berocket_brand":[1328],"class_list":{"0":"post-142727","1":"product","2":"type-product","3":"status-publish","4":"has-post-thumbnail","6":"product_cat-bestsellere","7":"product_cat-shampoo","8":"pa_brand-goldwell","9":"berocket_brand-goldwell","11":"first","12":"instock","13":"sale","14":"taxable","15":"shipping-taxable","16":"purchasable","17":"product-type-simple"},"_links":{"self":[{"href":"https:\/\/stylingagenten.com\/da\/wp-json\/wp\/v2\/product\/142727","targetHints":{"allow":["GET"]}}],"collection":[{"href":"https:\/\/stylingagenten.com\/da\/wp-json\/wp\/v2\/product"}],"about":[{"href":"https:\/\/stylingagenten.com\/da\/wp-json\/wp\/v2\/types\/product"}],"replies":[{"embeddable":true,"href":"https:\/\/stylingagenten.com\/da\/wp-json\/wp\/v2\/comments?post=142727"}],"version-history":[{"count":0,"href":"https:\/\/stylingagenten.com\/da\/wp-json\/wp\/v2\/product\/142727\/revisions"}],"wp:featuredmedia":[{"embeddable":true,"href":"https:\/\/stylingagenten.com\/da\/wp-json\/wp\/v2\/media\/142725"}],"wp:attachment":[{"href":"https:\/\/stylingagenten.com\/da\/wp-json\/wp\/v2\/media?parent=142727"}],"wp:term":[{"taxonomy":"product_brand","embeddable":true,"href":"https:\/\/stylingagenten.com\/da\/wp-json\/wp\/v2\/product_brand?post=142727"},{"taxonomy":"product_cat","embeddable":true,"href":"https:\/\/stylingagenten.com\/da\/wp-json\/wp\/v2\/product_cat?post=142727"},{"taxonomy":"product_tag","embeddable":true,"href":"https:\/\/stylingagenten.com\/da\/wp-json\/wp\/v2\/product_tag?post=142727"},{"taxonomy":"berocket_brand","embeddable":true,"href":"https:\/\/stylingagenten.com\/da\/wp-json\/wp\/v2\/berocket_brand?post=142727"}],"curies":[{"name":"wp","href":"https:\/\/api.w.org\/{rel}","templated":true}]}}