{"id":142722,"date":"2025-05-18T23:15:01","date_gmt":"2025-05-18T23:15:01","guid":{"rendered":"https:\/\/staging2.stylingagenten.com\/da\/produkt\/ellwo-moisturizing-shampoo-350ml\/"},"modified":"2026-04-03T15:15:06","modified_gmt":"2026-04-03T15:15:06","slug":"ellwo-moisturizing-shampoo-350ml","status":"publish","type":"product","link":"https:\/\/stylingagenten.com\/da\/produkt\/ellwo-moisturizing-shampoo-350ml\/","title":{"rendered":"Ellwo Moisturizing Shampoo 350ml"},"content":{"rendered":"<p>Ellwo Moisturizing Shampoo er en farvebevarende shampoo, der genopretter h\u00e5rets naturlige fugtbalance og tilf\u00f8jer glans og glans. Velegnet til alle h\u00e5rtyper, ogs\u00e5 h\u00e5r der har v\u00e6ret udsat for kemiske behandlinger. Shampooen har en blomster- og frugtagtig duft med strejf af jasmin og er beriget med arganolie, jojobaolie og olivenolie.<\/p>\n<p>Fri sulfat og parabener<br \/>Veganer<br \/>Farvebevarelse<br \/>UV-beskyttelse <\/p>\n<p><\/p>\n<p><\/p>\n","protected":false},"excerpt":{"rendered":"<p>Ellwo Moisturizing Shampoo er en farvebevarende shampoo, der genopretter h\u00e5rets naturlige fugtbalance og tilf\u00f8jer glans og glans. Velegnet til alle h\u00e5rtyper, ogs\u00e5 h\u00e5r der har v\u00e6ret udsat for kemiske behandlinger. Shampooen har en blomster- og frugtagtig duft med strejf af jasmin og er beriget med arganolie, jojobaolie og olivenolie. Fri sulfat og parabenerVeganerFarvebevarelseUV-beskyttelse<\/p>\n","protected":false},"featured_media":142720,"comment_status":"open","ping_status":"closed","template":"","meta":{"_trash_the_other_posts":false},"product_brand":[],"product_cat":[563],"product_tag":[],"berocket_brand":[1305],"class_list":{"0":"post-142722","1":"product","2":"type-product","3":"status-publish","4":"has-post-thumbnail","6":"product_cat-shampoo","7":"pa_brand-ellwo-professional","8":"berocket_brand-ellwo-professional","10":"first","11":"instock","12":"sale","13":"taxable","14":"shipping-taxable","15":"purchasable","16":"product-type-simple"},"_links":{"self":[{"href":"https:\/\/stylingagenten.com\/da\/wp-json\/wp\/v2\/product\/142722","targetHints":{"allow":["GET"]}}],"collection":[{"href":"https:\/\/stylingagenten.com\/da\/wp-json\/wp\/v2\/product"}],"about":[{"href":"https:\/\/stylingagenten.com\/da\/wp-json\/wp\/v2\/types\/product"}],"replies":[{"embeddable":true,"href":"https:\/\/stylingagenten.com\/da\/wp-json\/wp\/v2\/comments?post=142722"}],"version-history":[{"count":0,"href":"https:\/\/stylingagenten.com\/da\/wp-json\/wp\/v2\/product\/142722\/revisions"}],"wp:featuredmedia":[{"embeddable":true,"href":"https:\/\/stylingagenten.com\/da\/wp-json\/wp\/v2\/media\/142720"}],"wp:attachment":[{"href":"https:\/\/stylingagenten.com\/da\/wp-json\/wp\/v2\/media?parent=142722"}],"wp:term":[{"taxonomy":"product_brand","embeddable":true,"href":"https:\/\/stylingagenten.com\/da\/wp-json\/wp\/v2\/product_brand?post=142722"},{"taxonomy":"product_cat","embeddable":true,"href":"https:\/\/stylingagenten.com\/da\/wp-json\/wp\/v2\/product_cat?post=142722"},{"taxonomy":"product_tag","embeddable":true,"href":"https:\/\/stylingagenten.com\/da\/wp-json\/wp\/v2\/product_tag?post=142722"},{"taxonomy":"berocket_brand","embeddable":true,"href":"https:\/\/stylingagenten.com\/da\/wp-json\/wp\/v2\/berocket_brand?post=142722"}],"curies":[{"name":"wp","href":"https:\/\/api.w.org\/{rel}","templated":true}]}}