{"id":142715,"date":"2025-05-18T23:14:58","date_gmt":"2025-05-18T23:14:58","guid":{"rendered":"https:\/\/staging2.stylingagenten.com\/da\/produkt\/ida-warg-repair-shampoo-250ml\/"},"modified":"2026-03-11T21:49:25","modified_gmt":"2026-03-11T21:49:25","slug":"ida-warg-repair-shampoo-250ml","status":"publish","type":"product","link":"https:\/\/stylingagenten.com\/da\/produkt\/ida-warg-repair-shampoo-250ml\/","title":{"rendered":"Ida Warg Repair Shampoo 250ml"},"content":{"rendered":"<p>Ida Warg Repair Shampoo er en cremet shampoo, der reparerer h\u00e5ret ved dybden. Shampooen er desuden fugtgivende og styrkende, hvilket g\u00f8r h\u00e5ret bl\u00f8dt og smidigt. Kan bruges dagligt.&nbsp;<\/p>\n<p>grusomhedsfri, 100 % vegansk.<\/p>\n","protected":false},"excerpt":{"rendered":"<p>Ida Warg Repair Shampoo er en cremet shampoo, der reparerer h\u00e5ret ved dybden. Shampooen er desuden fugtgivende og styrkende, hvilket g\u00f8r h\u00e5ret bl\u00f8dt og smidigt. Kan bruges dagligt.&nbsp; grusomhedsfri, 100 % vegansk.<\/p>\n","protected":false},"featured_media":142712,"comment_status":"open","ping_status":"closed","template":"","meta":{"_trash_the_other_posts":false},"product_brand":[],"product_cat":[563],"product_tag":[3012],"berocket_brand":[1346],"class_list":{"0":"post-142715","1":"product","2":"type-product","3":"status-publish","4":"has-post-thumbnail","6":"product_cat-shampoo","7":"product_tag-ida-warg-repair-shampoo","8":"pa_brand-ida-warg","9":"pa_variant-250ml","10":"berocket_brand-ida-warg","12":"first","13":"instock","14":"sale","15":"taxable","16":"shipping-taxable","17":"purchasable","18":"product-type-simple"},"_links":{"self":[{"href":"https:\/\/stylingagenten.com\/da\/wp-json\/wp\/v2\/product\/142715","targetHints":{"allow":["GET"]}}],"collection":[{"href":"https:\/\/stylingagenten.com\/da\/wp-json\/wp\/v2\/product"}],"about":[{"href":"https:\/\/stylingagenten.com\/da\/wp-json\/wp\/v2\/types\/product"}],"replies":[{"embeddable":true,"href":"https:\/\/stylingagenten.com\/da\/wp-json\/wp\/v2\/comments?post=142715"}],"version-history":[{"count":0,"href":"https:\/\/stylingagenten.com\/da\/wp-json\/wp\/v2\/product\/142715\/revisions"}],"wp:featuredmedia":[{"embeddable":true,"href":"https:\/\/stylingagenten.com\/da\/wp-json\/wp\/v2\/media\/142712"}],"wp:attachment":[{"href":"https:\/\/stylingagenten.com\/da\/wp-json\/wp\/v2\/media?parent=142715"}],"wp:term":[{"taxonomy":"product_brand","embeddable":true,"href":"https:\/\/stylingagenten.com\/da\/wp-json\/wp\/v2\/product_brand?post=142715"},{"taxonomy":"product_cat","embeddable":true,"href":"https:\/\/stylingagenten.com\/da\/wp-json\/wp\/v2\/product_cat?post=142715"},{"taxonomy":"product_tag","embeddable":true,"href":"https:\/\/stylingagenten.com\/da\/wp-json\/wp\/v2\/product_tag?post=142715"},{"taxonomy":"berocket_brand","embeddable":true,"href":"https:\/\/stylingagenten.com\/da\/wp-json\/wp\/v2\/berocket_brand?post=142715"}],"curies":[{"name":"wp","href":"https:\/\/api.w.org\/{rel}","templated":true}]}}