{"id":142688,"date":"2025-05-18T23:14:49","date_gmt":"2025-05-18T23:14:49","guid":{"rendered":"https:\/\/staging2.stylingagenten.com\/da\/produkt\/brave-new-hair-color-shampoo-250ml\/"},"modified":"2026-03-11T21:53:09","modified_gmt":"2026-03-11T21:53:09","slug":"brave-new-hair-color-shampoo-250ml","status":"publish","type":"product","link":"https:\/\/stylingagenten.com\/da\/produkt\/brave-new-hair-color-shampoo-250ml\/","title":{"rendered":"Brave. New. Hair. Color Shampoo 250ml"},"content":{"rendered":"<p id=\"isPasted\" style=\"margin-top:0cm;margin-right:0cm;margin-bottom:7.5pt;margin-left:0cm;background:white\">Farveshampoo fra Brave New Hair er et sulfat -fri shampoo, der bevarer din h\u00e5rfarve og giver glans ved hj\u00e6lp af quinoa, UV-filtre og frugtsyrer.<\/p>\n<p style=\"margin-top:0cm;margin-right:0cm;margin-bottom:7.5pt\">10 fordele:<br \/>\u2014 Bevarer farven og nuancen p\u00e5 din h\u00e5r<br \/>\u2014 Forbedrer h\u00e5rets klarhed og glans p\u00e5 grund af en anti-kalkeffekt<br \/>\u2014 Beskytter mod milj\u00f8forurening<br \/>\u2014 Letter styling<br \/>\u2014 Forbedrer h\u00e5rets struktur<br \/>\u2014 Antistatisk effekt<br \/>\u2014 Forbedrer h\u00e5ret udseende og fremh\u00e6ver h\u00e5rets glans&nbsp; <br \/>\u2014 \u00d8ger absorptionen af \u200b\u200bpigment i h\u00e5ret efter omfarvning<br \/>\u2014 Endnu bedre farvebevarelse efter genfarvning<\/p>\n<p style=\"margin-top:0cm;margin-right:0cm;background:white\">Anvendelse: Mass\u00e9r shampooen ind i v\u00e5dt h\u00e5r og skyl med vand. Gentag processen og mass\u00e9r h\u00e5ret og hovedbunden, indtil det skummer godt, skyl derefter grundigt med vand. Regelm\u00e6ssig brug anbefales for at opn\u00e5 optimale resultater.<\/p>\n<p style=\"margin-top:0cm;margin-right:0cm;margin-bottom:7.5pt;margin-left:0cm\">Fri for:<br \/>&nbsp;sulfater<br \/>&nbsp;Siliconer<br \/>&nbsp;Tilsat salt<br \/>&nbsp;Ingredienser af animalsk oprindelse<br \/>&nbsp;Ralin<\/p>\n","protected":false},"excerpt":{"rendered":"<p>Farveshampoo fra Brave New Hair er et sulfat -fri shampoo, der bevarer din h\u00e5rfarve og giver glans ved hj\u00e6lp af quinoa, UV-filtre og frugtsyrer. 10 fordele:\u2014 Bevarer farven og nuancen p\u00e5 din h\u00e5r\u2014 Forbedrer h\u00e5rets klarhed og glans p\u00e5 grund af en anti-kalkeffekt\u2014 Beskytter mod milj\u00f8forurening\u2014 Letter styling\u2014 Forbedrer h\u00e5rets struktur\u2014 Antistatisk effekt\u2014 Forbedrer h\u00e5ret [&hellip;]<\/p>\n","protected":false},"featured_media":142685,"comment_status":"open","ping_status":"closed","template":"","meta":{"_trash_the_other_posts":false},"product_brand":[],"product_cat":[563],"product_tag":[],"berocket_brand":[1211],"class_list":{"0":"post-142688","1":"product","2":"type-product","3":"status-publish","4":"has-post-thumbnail","6":"product_cat-shampoo","7":"pa_brand-brave-new-hair","8":"berocket_brand-brave-new-hair","10":"first","11":"instock","12":"sale","13":"taxable","14":"shipping-taxable","15":"purchasable","16":"product-type-simple"},"_links":{"self":[{"href":"https:\/\/stylingagenten.com\/da\/wp-json\/wp\/v2\/product\/142688","targetHints":{"allow":["GET"]}}],"collection":[{"href":"https:\/\/stylingagenten.com\/da\/wp-json\/wp\/v2\/product"}],"about":[{"href":"https:\/\/stylingagenten.com\/da\/wp-json\/wp\/v2\/types\/product"}],"replies":[{"embeddable":true,"href":"https:\/\/stylingagenten.com\/da\/wp-json\/wp\/v2\/comments?post=142688"}],"version-history":[{"count":0,"href":"https:\/\/stylingagenten.com\/da\/wp-json\/wp\/v2\/product\/142688\/revisions"}],"wp:featuredmedia":[{"embeddable":true,"href":"https:\/\/stylingagenten.com\/da\/wp-json\/wp\/v2\/media\/142685"}],"wp:attachment":[{"href":"https:\/\/stylingagenten.com\/da\/wp-json\/wp\/v2\/media?parent=142688"}],"wp:term":[{"taxonomy":"product_brand","embeddable":true,"href":"https:\/\/stylingagenten.com\/da\/wp-json\/wp\/v2\/product_brand?post=142688"},{"taxonomy":"product_cat","embeddable":true,"href":"https:\/\/stylingagenten.com\/da\/wp-json\/wp\/v2\/product_cat?post=142688"},{"taxonomy":"product_tag","embeddable":true,"href":"https:\/\/stylingagenten.com\/da\/wp-json\/wp\/v2\/product_tag?post=142688"},{"taxonomy":"berocket_brand","embeddable":true,"href":"https:\/\/stylingagenten.com\/da\/wp-json\/wp\/v2\/berocket_brand?post=142688"}],"curies":[{"name":"wp","href":"https:\/\/api.w.org\/{rel}","templated":true}]}}