{"id":142679,"date":"2025-05-18T23:14:45","date_gmt":"2025-05-18T23:14:45","guid":{"rendered":"https:\/\/staging2.stylingagenten.com\/da\/produkt\/brave-new-hair-balance-shampoo-250ml\/"},"modified":"2026-03-25T09:36:30","modified_gmt":"2026-03-25T09:36:30","slug":"brave-new-hair-balance-shampoo-250ml","status":"publish","type":"product","link":"https:\/\/stylingagenten.com\/da\/produkt\/brave-new-hair-balance-shampoo-250ml\/","title":{"rendered":"Brave. New. Hair. Balance Shampoo 250ml"},"content":{"rendered":"<p>Balance Shampoo fra Brave New Hair er en dybderensende detox shampoo til f\u00f8lsom og fedtet hovedbund.<\/p>\n<p>Fordele:<\/p>\n<p>\u00e2\u2014 Aktiveret bambuskul absorberer overskydende talg og renser hovedbunden uden at oparbejde det<\/p>\n<p>\u00e2\u2014 Fjerner milj\u00f8forurenende stoffer<\/p>\n<p>\u00e2\u2014 Regulerer h\u00e5rets bakterielle milj\u00f8 i kroppen<\/p>\n<p>\u00e2\u2014 Normaliserer talgsekretionen<\/p>\n<p> \u00e2\u2014 Forl\u00e6nger tiden mellem vaskene<\/p>\n<p>\u00e2\u2014 Neutraliserer sk\u00e6l<\/p>\n<p>\u00e2\u2014 p&gt;<\/p>\n<p>\u00e2\u2014 Lindrer hovedbunden og afgifter<\/p>\n<p>\u00e2\u2014 Forbedrer udseende af h\u00e5ret og giver glans<\/p>\n<p>\u00e2\u2014 Antistatisk effekt<\/p>\n<p>&lt; S\u00e5dan bruges: Mass\u00e9r shampooen ind i v\u00e5dt h\u00e5r og skyl med vand. Gentag processen og mass\u00e9r h\u00e5ret og hovedbunden, indtil det skummer, og skyl derefter grundigt med vand. Regelm\u00e6ssig brug anbefales for at opn\u00e5 optimale resultater.<\/p>\n<p>Undg\u00e5 kontakt med huden!<\/p>\n<p>Fri for:<br \/>sulfater<br \/>silikoner<br \/>Tilsat salt <br \/>petrolatum<br \/> Ingredienser af animalsk oprindelse<\/p>\n","protected":false},"excerpt":{"rendered":"<p>Balance Shampoo fra Brave New Hair er en dybderensende detox shampoo til f\u00f8lsom og fedtet hovedbund. Fordele: \u00e2\u2014 Aktiveret bambuskul absorberer overskydende talg og renser hovedbunden uden at oparbejde det \u00e2\u2014 Fjerner milj\u00f8forurenende stoffer \u00e2\u2014 Regulerer h\u00e5rets bakterielle milj\u00f8 i kroppen \u00e2\u2014 Normaliserer talgsekretionen \u00e2\u2014 Forl\u00e6nger tiden mellem vaskene \u00e2\u2014 Neutraliserer sk\u00e6l \u00e2\u2014 p&gt; \u00e2\u2014 [&hellip;]<\/p>\n","protected":false},"featured_media":142676,"comment_status":"open","ping_status":"closed","template":"","meta":{"_trash_the_other_posts":false},"product_brand":[],"product_cat":[563],"product_tag":[],"berocket_brand":[1211],"class_list":{"0":"post-142679","1":"product","2":"type-product","3":"status-publish","4":"has-post-thumbnail","6":"product_cat-shampoo","7":"pa_brand-brave-new-hair","8":"berocket_brand-brave-new-hair","10":"first","11":"instock","12":"sale","13":"taxable","14":"shipping-taxable","15":"purchasable","16":"product-type-simple"},"_links":{"self":[{"href":"https:\/\/stylingagenten.com\/da\/wp-json\/wp\/v2\/product\/142679","targetHints":{"allow":["GET"]}}],"collection":[{"href":"https:\/\/stylingagenten.com\/da\/wp-json\/wp\/v2\/product"}],"about":[{"href":"https:\/\/stylingagenten.com\/da\/wp-json\/wp\/v2\/types\/product"}],"replies":[{"embeddable":true,"href":"https:\/\/stylingagenten.com\/da\/wp-json\/wp\/v2\/comments?post=142679"}],"version-history":[{"count":0,"href":"https:\/\/stylingagenten.com\/da\/wp-json\/wp\/v2\/product\/142679\/revisions"}],"wp:featuredmedia":[{"embeddable":true,"href":"https:\/\/stylingagenten.com\/da\/wp-json\/wp\/v2\/media\/142676"}],"wp:attachment":[{"href":"https:\/\/stylingagenten.com\/da\/wp-json\/wp\/v2\/media?parent=142679"}],"wp:term":[{"taxonomy":"product_brand","embeddable":true,"href":"https:\/\/stylingagenten.com\/da\/wp-json\/wp\/v2\/product_brand?post=142679"},{"taxonomy":"product_cat","embeddable":true,"href":"https:\/\/stylingagenten.com\/da\/wp-json\/wp\/v2\/product_cat?post=142679"},{"taxonomy":"product_tag","embeddable":true,"href":"https:\/\/stylingagenten.com\/da\/wp-json\/wp\/v2\/product_tag?post=142679"},{"taxonomy":"berocket_brand","embeddable":true,"href":"https:\/\/stylingagenten.com\/da\/wp-json\/wp\/v2\/berocket_brand?post=142679"}],"curies":[{"name":"wp","href":"https:\/\/api.w.org\/{rel}","templated":true}]}}