{"id":142677,"date":"2025-05-18T23:14:45","date_gmt":"2025-05-18T23:14:45","guid":{"rendered":"https:\/\/staging2.stylingagenten.com\/da\/produkt\/ida-warg-moisture-shampoo-250ml\/"},"modified":"2026-03-11T21:48:44","modified_gmt":"2026-03-11T21:48:44","slug":"ida-warg-moisture-shampoo-250ml","status":"publish","type":"product","link":"https:\/\/stylingagenten.com\/da\/produkt\/ida-warg-moisture-shampoo-250ml\/","title":{"rendered":"Ida Warg Moisture Shampoo 250ml"},"content":{"rendered":"<p>Ida Warg Moisture Shampoo er en ekstra fugtgivende og bl\u00f8dg\u00f8rende shampoo med n\u00e6rende kokosolie til groft, t\u00f8rt og glansl\u00f8st h\u00e5r.<\/p>\n<p>cruelty free , 100 % vegansk<\/p>\n","protected":false},"excerpt":{"rendered":"<p>Ida Warg Moisture Shampoo er en ekstra fugtgivende og bl\u00f8dg\u00f8rende shampoo med n\u00e6rende kokosolie til groft, t\u00f8rt og glansl\u00f8st h\u00e5r. cruelty free , 100 % vegansk<\/p>\n","protected":false},"featured_media":142674,"comment_status":"open","ping_status":"closed","template":"","meta":{"_trash_the_other_posts":false},"product_brand":[],"product_cat":[563],"product_tag":[3008],"berocket_brand":[1346],"class_list":{"0":"post-142677","1":"product","2":"type-product","3":"status-publish","4":"has-post-thumbnail","6":"product_cat-shampoo","7":"product_tag-ida-warg-moisture-shampoo","8":"pa_brand-ida-warg","9":"pa_variant-250ml","10":"berocket_brand-ida-warg","12":"first","13":"instock","14":"sale","15":"taxable","16":"shipping-taxable","17":"purchasable","18":"product-type-simple"},"_links":{"self":[{"href":"https:\/\/stylingagenten.com\/da\/wp-json\/wp\/v2\/product\/142677","targetHints":{"allow":["GET"]}}],"collection":[{"href":"https:\/\/stylingagenten.com\/da\/wp-json\/wp\/v2\/product"}],"about":[{"href":"https:\/\/stylingagenten.com\/da\/wp-json\/wp\/v2\/types\/product"}],"replies":[{"embeddable":true,"href":"https:\/\/stylingagenten.com\/da\/wp-json\/wp\/v2\/comments?post=142677"}],"version-history":[{"count":0,"href":"https:\/\/stylingagenten.com\/da\/wp-json\/wp\/v2\/product\/142677\/revisions"}],"wp:featuredmedia":[{"embeddable":true,"href":"https:\/\/stylingagenten.com\/da\/wp-json\/wp\/v2\/media\/142674"}],"wp:attachment":[{"href":"https:\/\/stylingagenten.com\/da\/wp-json\/wp\/v2\/media?parent=142677"}],"wp:term":[{"taxonomy":"product_brand","embeddable":true,"href":"https:\/\/stylingagenten.com\/da\/wp-json\/wp\/v2\/product_brand?post=142677"},{"taxonomy":"product_cat","embeddable":true,"href":"https:\/\/stylingagenten.com\/da\/wp-json\/wp\/v2\/product_cat?post=142677"},{"taxonomy":"product_tag","embeddable":true,"href":"https:\/\/stylingagenten.com\/da\/wp-json\/wp\/v2\/product_tag?post=142677"},{"taxonomy":"berocket_brand","embeddable":true,"href":"https:\/\/stylingagenten.com\/da\/wp-json\/wp\/v2\/berocket_brand?post=142677"}],"curies":[{"name":"wp","href":"https:\/\/api.w.org\/{rel}","templated":true}]}}