{"id":142621,"date":"2025-05-18T23:14:28","date_gmt":"2025-05-18T23:14:28","guid":{"rendered":"https:\/\/staging2.stylingagenten.com\/da\/produkt\/wella-sp-luxeoil-keratin-protect-shampoo-1000ml\/"},"modified":"2026-03-13T14:38:49","modified_gmt":"2026-03-13T14:38:49","slug":"wella-sp-luxeoil-keratin-protect-shampoo-1000ml","status":"publish","type":"product","link":"https:\/\/stylingagenten.com\/da\/produkt\/wella-sp-luxeoil-keratin-protect-shampoo-1000ml\/","title":{"rendered":"Wella SP LuxeOil Keratin Protect Shampoo 1000ml"},"content":{"rendered":"<p>Wella SP LuxeOil Keratin Protect Shampoo er en shampoo, der sk\u00e5nsomt fjerner overskydende olie og urenheder fra dit h\u00e5r. Den lette formel beskytter, reparerer og n\u00e6rer uden at tynge h\u00e5ret. Resultatet er silkebl\u00f8dt, smidigt og elegant h\u00e5r. Til en let og luksuri\u00f8s reng\u00f8ring.<\/p>\n","protected":false},"excerpt":{"rendered":"<p>Wella SP LuxeOil Keratin Protect Shampoo er en shampoo, der sk\u00e5nsomt fjerner overskydende olie og urenheder fra dit h\u00e5r. Den lette formel beskytter, reparerer og n\u00e6rer uden at tynge h\u00e5ret. Resultatet er silkebl\u00f8dt, smidigt og elegant h\u00e5r. Til en let og luksuri\u00f8s reng\u00f8ring.<\/p>\n","protected":false},"featured_media":142620,"comment_status":"open","ping_status":"closed","template":"","meta":{"_trash_the_other_posts":false},"product_brand":[],"product_cat":[563],"product_tag":[4073],"berocket_brand":[1030],"class_list":{"0":"post-142621","1":"product","2":"type-product","3":"status-publish","4":"has-post-thumbnail","6":"product_cat-shampoo","7":"product_tag-wella-sp-luxeoil-keratin-protect-shampoo","8":"pa_brand-wella","9":"pa_variant-1000ml","10":"berocket_brand-wella","12":"first","13":"instock","14":"sale","15":"taxable","16":"shipping-taxable","17":"purchasable","18":"product-type-simple"},"_links":{"self":[{"href":"https:\/\/stylingagenten.com\/da\/wp-json\/wp\/v2\/product\/142621","targetHints":{"allow":["GET"]}}],"collection":[{"href":"https:\/\/stylingagenten.com\/da\/wp-json\/wp\/v2\/product"}],"about":[{"href":"https:\/\/stylingagenten.com\/da\/wp-json\/wp\/v2\/types\/product"}],"replies":[{"embeddable":true,"href":"https:\/\/stylingagenten.com\/da\/wp-json\/wp\/v2\/comments?post=142621"}],"version-history":[{"count":0,"href":"https:\/\/stylingagenten.com\/da\/wp-json\/wp\/v2\/product\/142621\/revisions"}],"wp:featuredmedia":[{"embeddable":true,"href":"https:\/\/stylingagenten.com\/da\/wp-json\/wp\/v2\/media\/142620"}],"wp:attachment":[{"href":"https:\/\/stylingagenten.com\/da\/wp-json\/wp\/v2\/media?parent=142621"}],"wp:term":[{"taxonomy":"product_brand","embeddable":true,"href":"https:\/\/stylingagenten.com\/da\/wp-json\/wp\/v2\/product_brand?post=142621"},{"taxonomy":"product_cat","embeddable":true,"href":"https:\/\/stylingagenten.com\/da\/wp-json\/wp\/v2\/product_cat?post=142621"},{"taxonomy":"product_tag","embeddable":true,"href":"https:\/\/stylingagenten.com\/da\/wp-json\/wp\/v2\/product_tag?post=142621"},{"taxonomy":"berocket_brand","embeddable":true,"href":"https:\/\/stylingagenten.com\/da\/wp-json\/wp\/v2\/berocket_brand?post=142621"}],"curies":[{"name":"wp","href":"https:\/\/api.w.org\/{rel}","templated":true}]}}