{"id":142618,"date":"2025-05-18T23:14:26","date_gmt":"2025-05-18T23:14:26","guid":{"rendered":"https:\/\/staging2.stylingagenten.com\/da\/produkt\/paul-mitchell-lemon-sage-thickening-shampoo-300ml\/"},"modified":"2026-04-11T16:18:50","modified_gmt":"2026-04-11T16:18:50","slug":"paul-mitchell-lemon-sage-thickening-shampoo-300ml","status":"publish","type":"product","link":"https:\/\/stylingagenten.com\/da\/produkt\/paul-mitchell-lemon-sage-thickening-shampoo-300ml\/","title":{"rendered":"Paul Mitchell Lemon Sage Thickening Shampoo 300ml"},"content":{"rendered":"<p>Paul Mitchell Tea Tree Lemon Sage Thickening Shampoo er beriget med dejlige ingredienser, der hj\u00e6lper med at give h\u00e5ret en tykkere f\u00f8lelse, mens det efterlader det med en ren, frisk duft af citron og pebermynte. Dit h\u00e5r f\u00f8les fyldigere, rent og friskt<\/p>\n<p>Fri for parabener &amp; gluten. Vegansk venlig.<\/p>\n","protected":false},"excerpt":{"rendered":"<p>Paul Mitchell Tea Tree Lemon Sage Thickening Shampoo er beriget med dejlige ingredienser, der hj\u00e6lper med at give h\u00e5ret en tykkere f\u00f8lelse, mens det efterlader det med en ren, frisk duft af citron og pebermynte. Dit h\u00e5r f\u00f8les fyldigere, rent og friskt Fri for parabener &amp; gluten. Vegansk venlig.<\/p>\n","protected":false},"featured_media":440827,"comment_status":"open","ping_status":"closed","template":"","meta":{"_trash_the_other_posts":false},"product_brand":[],"product_cat":[563],"product_tag":[3783],"berocket_brand":[1053],"class_list":{"0":"post-142618","1":"product","2":"type-product","3":"status-publish","4":"has-post-thumbnail","6":"product_cat-shampoo","7":"product_tag-paul-mitchell-lemon-sage-thickening-shampoo","8":"pa_brand-paul-mitchell","9":"pa_variant-300ml","10":"berocket_brand-paul-mitchell","12":"first","13":"outofstock","14":"sale","15":"taxable","16":"shipping-taxable","17":"purchasable","18":"product-type-simple"},"_links":{"self":[{"href":"https:\/\/stylingagenten.com\/da\/wp-json\/wp\/v2\/product\/142618","targetHints":{"allow":["GET"]}}],"collection":[{"href":"https:\/\/stylingagenten.com\/da\/wp-json\/wp\/v2\/product"}],"about":[{"href":"https:\/\/stylingagenten.com\/da\/wp-json\/wp\/v2\/types\/product"}],"replies":[{"embeddable":true,"href":"https:\/\/stylingagenten.com\/da\/wp-json\/wp\/v2\/comments?post=142618"}],"version-history":[{"count":0,"href":"https:\/\/stylingagenten.com\/da\/wp-json\/wp\/v2\/product\/142618\/revisions"}],"wp:featuredmedia":[{"embeddable":true,"href":"https:\/\/stylingagenten.com\/da\/wp-json\/wp\/v2\/media\/440827"}],"wp:attachment":[{"href":"https:\/\/stylingagenten.com\/da\/wp-json\/wp\/v2\/media?parent=142618"}],"wp:term":[{"taxonomy":"product_brand","embeddable":true,"href":"https:\/\/stylingagenten.com\/da\/wp-json\/wp\/v2\/product_brand?post=142618"},{"taxonomy":"product_cat","embeddable":true,"href":"https:\/\/stylingagenten.com\/da\/wp-json\/wp\/v2\/product_cat?post=142618"},{"taxonomy":"product_tag","embeddable":true,"href":"https:\/\/stylingagenten.com\/da\/wp-json\/wp\/v2\/product_tag?post=142618"},{"taxonomy":"berocket_brand","embeddable":true,"href":"https:\/\/stylingagenten.com\/da\/wp-json\/wp\/v2\/berocket_brand?post=142618"}],"curies":[{"name":"wp","href":"https:\/\/api.w.org\/{rel}","templated":true}]}}