{"id":142613,"date":"2025-05-18T23:14:25","date_gmt":"2025-05-18T23:14:25","guid":{"rendered":"https:\/\/staging2.stylingagenten.com\/da\/produkt\/paul-mitchell-lavender-mint-moisturizing-shampoo-300ml\/"},"modified":"2026-04-01T09:08:45","modified_gmt":"2026-04-01T09:08:45","slug":"paul-mitchell-lavender-mint-moisturizing-shampoo-300ml","status":"publish","type":"product","link":"https:\/\/stylingagenten.com\/da\/produkt\/paul-mitchell-lavender-mint-moisturizing-shampoo-300ml\/","title":{"rendered":"Paul Mitchell Lavender Mint Moisturizing Shampoo 300ml"},"content":{"rendered":"<p>Paul Mitchell Lavender Mint Moisturizing Shampoo er en fugtgivende shampoo med en farvebevarende formel. Dit t\u00f8rre h\u00e5r bliver bl\u00f8dt og fugtet med en frisk og forfriskende f\u00f8lelse. Beskytter og tilf\u00f8rer fugt. Friter og reparerer spaltede ender. Efterlader en beroligende f\u00f8lelse og duft. &nbsp;<\/p>\n","protected":false},"excerpt":{"rendered":"<p>Paul Mitchell Lavender Mint Moisturizing Shampoo er en fugtgivende shampoo med en farvebevarende formel. Dit t\u00f8rre h\u00e5r bliver bl\u00f8dt og fugtet med en frisk og forfriskende f\u00f8lelse. Beskytter og tilf\u00f8rer fugt. Friter og reparerer spaltede ender. Efterlader en beroligende f\u00f8lelse og duft. &nbsp;<\/p>\n","protected":false},"featured_media":440822,"comment_status":"open","ping_status":"closed","template":"","meta":{"_trash_the_other_posts":false},"product_brand":[],"product_cat":[563],"product_tag":[3781],"berocket_brand":[1053],"class_list":{"0":"post-142613","1":"product","2":"type-product","3":"status-publish","4":"has-post-thumbnail","6":"product_cat-shampoo","7":"product_tag-paul-mitchell-lavender-mint-moisturizing-shampoo","8":"pa_brand-paul-mitchell","9":"pa_variant-300ml","10":"berocket_brand-paul-mitchell","12":"first","13":"outofstock","14":"sale","15":"taxable","16":"shipping-taxable","17":"purchasable","18":"product-type-simple"},"_links":{"self":[{"href":"https:\/\/stylingagenten.com\/da\/wp-json\/wp\/v2\/product\/142613","targetHints":{"allow":["GET"]}}],"collection":[{"href":"https:\/\/stylingagenten.com\/da\/wp-json\/wp\/v2\/product"}],"about":[{"href":"https:\/\/stylingagenten.com\/da\/wp-json\/wp\/v2\/types\/product"}],"replies":[{"embeddable":true,"href":"https:\/\/stylingagenten.com\/da\/wp-json\/wp\/v2\/comments?post=142613"}],"version-history":[{"count":0,"href":"https:\/\/stylingagenten.com\/da\/wp-json\/wp\/v2\/product\/142613\/revisions"}],"wp:featuredmedia":[{"embeddable":true,"href":"https:\/\/stylingagenten.com\/da\/wp-json\/wp\/v2\/media\/440822"}],"wp:attachment":[{"href":"https:\/\/stylingagenten.com\/da\/wp-json\/wp\/v2\/media?parent=142613"}],"wp:term":[{"taxonomy":"product_brand","embeddable":true,"href":"https:\/\/stylingagenten.com\/da\/wp-json\/wp\/v2\/product_brand?post=142613"},{"taxonomy":"product_cat","embeddable":true,"href":"https:\/\/stylingagenten.com\/da\/wp-json\/wp\/v2\/product_cat?post=142613"},{"taxonomy":"product_tag","embeddable":true,"href":"https:\/\/stylingagenten.com\/da\/wp-json\/wp\/v2\/product_tag?post=142613"},{"taxonomy":"berocket_brand","embeddable":true,"href":"https:\/\/stylingagenten.com\/da\/wp-json\/wp\/v2\/berocket_brand?post=142613"}],"curies":[{"name":"wp","href":"https:\/\/api.w.org\/{rel}","templated":true}]}}