{"id":142591,"date":"2025-05-18T23:14:14","date_gmt":"2025-05-18T23:14:14","guid":{"rendered":"https:\/\/staging2.stylingagenten.com\/da\/produkt\/american-crew-classic-3-in-1-450ml\/"},"modified":"2026-04-14T13:48:30","modified_gmt":"2026-04-14T13:48:30","slug":"american-crew-classic-3-in-1-450ml","status":"publish","type":"product","link":"https:\/\/stylingagenten.com\/da\/produkt\/american-crew-classic-3-in-1-450ml\/","title":{"rendered":"American Crew Classic 3-in-1 450ml"},"content":{"rendered":"<p>American Crew Classic er et 3-i-1 produkt med shampoo, balsam og kropsvask til alle h\u00e5rtyper. Bl\u00f8dg\u00f8r, reder ud og giver glans til h\u00e5ret ved at revitalisere og reparere det. &nbsp;Klassisk maskulin duft.<\/p>\n","protected":false},"excerpt":{"rendered":"<p>American Crew Classic er et 3-i-1 produkt med shampoo, balsam og kropsvask til alle h\u00e5rtyper. Bl\u00f8dg\u00f8r, reder ud og giver glans til h\u00e5ret ved at revitalisere og reparere det. &nbsp;Klassisk maskulin duft.<\/p>\n","protected":false},"featured_media":142590,"comment_status":"open","ping_status":"closed","template":"","meta":{"_trash_the_other_posts":false},"product_brand":[],"product_cat":[1003,682,563],"product_tag":[2364],"berocket_brand":[1071],"class_list":{"0":"post-142591","1":"product","2":"type-product","3":"status-publish","4":"has-post-thumbnail","6":"product_cat-bestsellere","7":"product_cat-hudvard-mand","8":"product_cat-shampoo","9":"product_tag-american-crew-classic-3-in-1","10":"pa_brand-american-crew","11":"pa_variant-450ml","12":"berocket_brand-american-crew","14":"first","15":"instock","16":"sale","17":"taxable","18":"shipping-taxable","19":"purchasable","20":"product-type-simple"},"_links":{"self":[{"href":"https:\/\/stylingagenten.com\/da\/wp-json\/wp\/v2\/product\/142591","targetHints":{"allow":["GET"]}}],"collection":[{"href":"https:\/\/stylingagenten.com\/da\/wp-json\/wp\/v2\/product"}],"about":[{"href":"https:\/\/stylingagenten.com\/da\/wp-json\/wp\/v2\/types\/product"}],"replies":[{"embeddable":true,"href":"https:\/\/stylingagenten.com\/da\/wp-json\/wp\/v2\/comments?post=142591"}],"version-history":[{"count":0,"href":"https:\/\/stylingagenten.com\/da\/wp-json\/wp\/v2\/product\/142591\/revisions"}],"wp:featuredmedia":[{"embeddable":true,"href":"https:\/\/stylingagenten.com\/da\/wp-json\/wp\/v2\/media\/142590"}],"wp:attachment":[{"href":"https:\/\/stylingagenten.com\/da\/wp-json\/wp\/v2\/media?parent=142591"}],"wp:term":[{"taxonomy":"product_brand","embeddable":true,"href":"https:\/\/stylingagenten.com\/da\/wp-json\/wp\/v2\/product_brand?post=142591"},{"taxonomy":"product_cat","embeddable":true,"href":"https:\/\/stylingagenten.com\/da\/wp-json\/wp\/v2\/product_cat?post=142591"},{"taxonomy":"product_tag","embeddable":true,"href":"https:\/\/stylingagenten.com\/da\/wp-json\/wp\/v2\/product_tag?post=142591"},{"taxonomy":"berocket_brand","embeddable":true,"href":"https:\/\/stylingagenten.com\/da\/wp-json\/wp\/v2\/berocket_brand?post=142591"}],"curies":[{"name":"wp","href":"https:\/\/api.w.org\/{rel}","templated":true}]}}