{"id":142561,"date":"2025-05-18T23:13:58","date_gmt":"2025-05-18T23:13:58","guid":{"rendered":"https:\/\/staging2.stylingagenten.com\/da\/produkt\/ida-warg-plumping-shampoo-250ml\/"},"modified":"2026-04-04T15:48:55","modified_gmt":"2026-04-04T15:48:55","slug":"ida-warg-plumping-shampoo-250ml","status":"publish","type":"product","link":"https:\/\/stylingagenten.com\/da\/produkt\/ida-warg-plumping-shampoo-250ml\/","title":{"rendered":"Ida Warg Plumping Shampoo 250ml"},"content":{"rendered":"<p>Plumping Shampoo er en ekstra volumengivende shampoo, der giver en masse fylde og t\u00f8rhed til h\u00e5ret. Formlen indeholder hydrolyserede hvedeproteiner, som tilf\u00f8rer og bevarer fugt dybt inde i h\u00e5rstr\u00e5et samt peptider, som genopbygger skader p\u00e5 h\u00e5ret. h\u00e5rets indre struktur og tilf\u00f8jer en fyldig f\u00f8lelse. Jo mere du bruger produktet, jo st\u00f8rre effekt giver det. Brug sammen med Plumping Conditioner for de bedste resultater.<\/p>\n<p>Duft: En meget prikkende og forfriskende duft med strejf af citrus, eneb\u00e6r og p\u00e6re<\/p>\n<p>100 % vegansk<\/p>\n<p>Gr\u00f8mmelighed -gratis<\/p>\n","protected":false},"excerpt":{"rendered":"<p>Plumping Shampoo er en ekstra volumengivende shampoo, der giver en masse fylde og t\u00f8rhed til h\u00e5ret. Formlen indeholder hydrolyserede hvedeproteiner, som tilf\u00f8rer og bevarer fugt dybt inde i h\u00e5rstr\u00e5et samt peptider, som genopbygger skader p\u00e5 h\u00e5ret. h\u00e5rets indre struktur og tilf\u00f8jer en fyldig f\u00f8lelse. Jo mere du bruger produktet, jo st\u00f8rre effekt giver det. Brug [&hellip;]<\/p>\n","protected":false},"featured_media":142557,"comment_status":"open","ping_status":"closed","template":"","meta":{"_trash_the_other_posts":false},"product_brand":[],"product_cat":[563],"product_tag":[3010],"berocket_brand":[1346],"class_list":{"0":"post-142561","1":"product","2":"type-product","3":"status-publish","4":"has-post-thumbnail","6":"product_cat-shampoo","7":"product_tag-ida-warg-plumping-shampoo","8":"pa_brand-ida-warg","9":"pa_variant-250ml","10":"berocket_brand-ida-warg","12":"first","13":"instock","14":"sale","15":"taxable","16":"shipping-taxable","17":"purchasable","18":"product-type-simple"},"_links":{"self":[{"href":"https:\/\/stylingagenten.com\/da\/wp-json\/wp\/v2\/product\/142561","targetHints":{"allow":["GET"]}}],"collection":[{"href":"https:\/\/stylingagenten.com\/da\/wp-json\/wp\/v2\/product"}],"about":[{"href":"https:\/\/stylingagenten.com\/da\/wp-json\/wp\/v2\/types\/product"}],"replies":[{"embeddable":true,"href":"https:\/\/stylingagenten.com\/da\/wp-json\/wp\/v2\/comments?post=142561"}],"version-history":[{"count":0,"href":"https:\/\/stylingagenten.com\/da\/wp-json\/wp\/v2\/product\/142561\/revisions"}],"wp:featuredmedia":[{"embeddable":true,"href":"https:\/\/stylingagenten.com\/da\/wp-json\/wp\/v2\/media\/142557"}],"wp:attachment":[{"href":"https:\/\/stylingagenten.com\/da\/wp-json\/wp\/v2\/media?parent=142561"}],"wp:term":[{"taxonomy":"product_brand","embeddable":true,"href":"https:\/\/stylingagenten.com\/da\/wp-json\/wp\/v2\/product_brand?post=142561"},{"taxonomy":"product_cat","embeddable":true,"href":"https:\/\/stylingagenten.com\/da\/wp-json\/wp\/v2\/product_cat?post=142561"},{"taxonomy":"product_tag","embeddable":true,"href":"https:\/\/stylingagenten.com\/da\/wp-json\/wp\/v2\/product_tag?post=142561"},{"taxonomy":"berocket_brand","embeddable":true,"href":"https:\/\/stylingagenten.com\/da\/wp-json\/wp\/v2\/berocket_brand?post=142561"}],"curies":[{"name":"wp","href":"https:\/\/api.w.org\/{rel}","templated":true}]}}