{"id":142506,"date":"2025-05-18T23:13:28","date_gmt":"2025-05-18T23:13:28","guid":{"rendered":"https:\/\/staging2.stylingagenten.com\/da\/produkt\/american-crew-daily-silver-shampoo-250ml\/"},"modified":"2026-04-13T06:08:34","modified_gmt":"2026-04-13T06:08:34","slug":"american-crew-daily-silver-shampoo-250ml","status":"publish","type":"product","link":"https:\/\/stylingagenten.com\/da\/produkt\/american-crew-daily-silver-shampoo-250ml\/","title":{"rendered":"American Crew Daily Silver Shampoo 250ml"},"content":{"rendered":"<p>American Crew Daily Silver Shampoo er formuleret med violet pigment for at modvirke u\u00f8nskede gule toner i k\u00f8lige nuancer. UV-filtre hj\u00e6lper med at forhindre h\u00e5ret i at falme i solen. Den fugtede hovedbund f\u00f8les frisk.<br \/>Kan bruges hver dag uden at farve eller tynge h\u00e5ret. Formuleret med 95% naturligt afledte ingredienser og duft af naturligt afledt citrusmynte. Fri for silikone og vegansk formel.<\/p>\n","protected":false},"excerpt":{"rendered":"<p>American Crew Daily Silver Shampoo er formuleret med violet pigment for at modvirke u\u00f8nskede gule toner i k\u00f8lige nuancer. UV-filtre hj\u00e6lper med at forhindre h\u00e5ret i at falme i solen. Den fugtede hovedbund f\u00f8les frisk.Kan bruges hver dag uden at farve eller tynge h\u00e5ret. Formuleret med 95% naturligt afledte ingredienser og duft af naturligt afledt [&hellip;]<\/p>\n","protected":false},"featured_media":142505,"comment_status":"open","ping_status":"closed","template":"","meta":{"_trash_the_other_posts":false},"product_brand":[],"product_cat":[563,1004],"product_tag":[],"berocket_brand":[1071],"class_list":{"0":"post-142506","1":"product","2":"type-product","3":"status-publish","4":"has-post-thumbnail","6":"product_cat-shampoo","7":"product_cat-solvshampoo","8":"pa_brand-american-crew","9":"berocket_brand-american-crew","11":"first","12":"instock","13":"sale","14":"taxable","15":"shipping-taxable","16":"purchasable","17":"product-type-simple"},"_links":{"self":[{"href":"https:\/\/stylingagenten.com\/da\/wp-json\/wp\/v2\/product\/142506","targetHints":{"allow":["GET"]}}],"collection":[{"href":"https:\/\/stylingagenten.com\/da\/wp-json\/wp\/v2\/product"}],"about":[{"href":"https:\/\/stylingagenten.com\/da\/wp-json\/wp\/v2\/types\/product"}],"replies":[{"embeddable":true,"href":"https:\/\/stylingagenten.com\/da\/wp-json\/wp\/v2\/comments?post=142506"}],"version-history":[{"count":0,"href":"https:\/\/stylingagenten.com\/da\/wp-json\/wp\/v2\/product\/142506\/revisions"}],"wp:featuredmedia":[{"embeddable":true,"href":"https:\/\/stylingagenten.com\/da\/wp-json\/wp\/v2\/media\/142505"}],"wp:attachment":[{"href":"https:\/\/stylingagenten.com\/da\/wp-json\/wp\/v2\/media?parent=142506"}],"wp:term":[{"taxonomy":"product_brand","embeddable":true,"href":"https:\/\/stylingagenten.com\/da\/wp-json\/wp\/v2\/product_brand?post=142506"},{"taxonomy":"product_cat","embeddable":true,"href":"https:\/\/stylingagenten.com\/da\/wp-json\/wp\/v2\/product_cat?post=142506"},{"taxonomy":"product_tag","embeddable":true,"href":"https:\/\/stylingagenten.com\/da\/wp-json\/wp\/v2\/product_tag?post=142506"},{"taxonomy":"berocket_brand","embeddable":true,"href":"https:\/\/stylingagenten.com\/da\/wp-json\/wp\/v2\/berocket_brand?post=142506"}],"curies":[{"name":"wp","href":"https:\/\/api.w.org\/{rel}","templated":true}]}}