{"id":142494,"date":"2025-05-18T23:13:27","date_gmt":"2025-05-18T23:13:27","guid":{"rendered":"https:\/\/staging2.stylingagenten.com\/da\/produkt\/loreal-professionnel-absolut-repair-shampoo-300-ml\/"},"modified":"2026-02-16T14:19:30","modified_gmt":"2026-02-16T14:19:30","slug":"loreal-professionnel-absolut-repair-shampoo-300-ml","status":"publish","type":"product","link":"https:\/\/stylingagenten.com\/da\/produkt\/loreal-professionnel-absolut-repair-shampoo-300-ml\/","title":{"rendered":"LOreal Professionnel Absolut Repair Shampoo 300 ml"},"content":{"rendered":"<p>Professionel shampoo, der reparerer h\u00e5ret med det samme*, til t\u00f8rt og beskadiget h\u00e5r. Beriget med hvedeproteinderivater og gyldent quinoafr\u00f8ekstrakt. Den kombinerer intensiv reparation med en let fornemmelse i h\u00e5ret. H\u00e5ret forvandles straks: h\u00e5ret f\u00e5r mere modstand, bliver bl\u00f8dere og skinnende. *Instrumentel test shampoo + balsam. Serie Expert arbejder for mindre p\u00e5virkning af milj\u00f8et. Redesignet emballage med 100 % genbrugsplast &amp; lettere forpakning.<\/p>\n","protected":false},"excerpt":{"rendered":"<p>Professionel shampoo, der reparerer h\u00e5ret med det samme*, til t\u00f8rt og beskadiget h\u00e5r. Beriget med hvedeproteinderivater og gyldent quinoafr\u00f8ekstrakt. Den kombinerer intensiv reparation med en let fornemmelse i h\u00e5ret. H\u00e5ret forvandles straks: h\u00e5ret f\u00e5r mere modstand, bliver bl\u00f8dere og skinnende. *Instrumentel test shampoo + balsam. Serie Expert arbejder for mindre p\u00e5virkning af milj\u00f8et. Redesignet emballage [&hellip;]<\/p>\n","protected":false},"featured_media":142490,"comment_status":"open","ping_status":"closed","template":"","meta":{"_trash_the_other_posts":false},"product_brand":[],"product_cat":[563],"product_tag":[],"berocket_brand":[2000],"class_list":{"0":"post-142494","1":"product","2":"type-product","3":"status-publish","4":"has-post-thumbnail","6":"product_cat-shampoo","7":"pa_brand-loreal-paris-2","8":"berocket_brand-loreal-paris","10":"first","11":"instock","12":"sale","13":"taxable","14":"shipping-taxable","15":"purchasable","16":"product-type-simple"},"_links":{"self":[{"href":"https:\/\/stylingagenten.com\/da\/wp-json\/wp\/v2\/product\/142494","targetHints":{"allow":["GET"]}}],"collection":[{"href":"https:\/\/stylingagenten.com\/da\/wp-json\/wp\/v2\/product"}],"about":[{"href":"https:\/\/stylingagenten.com\/da\/wp-json\/wp\/v2\/types\/product"}],"replies":[{"embeddable":true,"href":"https:\/\/stylingagenten.com\/da\/wp-json\/wp\/v2\/comments?post=142494"}],"version-history":[{"count":0,"href":"https:\/\/stylingagenten.com\/da\/wp-json\/wp\/v2\/product\/142494\/revisions"}],"wp:featuredmedia":[{"embeddable":true,"href":"https:\/\/stylingagenten.com\/da\/wp-json\/wp\/v2\/media\/142490"}],"wp:attachment":[{"href":"https:\/\/stylingagenten.com\/da\/wp-json\/wp\/v2\/media?parent=142494"}],"wp:term":[{"taxonomy":"product_brand","embeddable":true,"href":"https:\/\/stylingagenten.com\/da\/wp-json\/wp\/v2\/product_brand?post=142494"},{"taxonomy":"product_cat","embeddable":true,"href":"https:\/\/stylingagenten.com\/da\/wp-json\/wp\/v2\/product_cat?post=142494"},{"taxonomy":"product_tag","embeddable":true,"href":"https:\/\/stylingagenten.com\/da\/wp-json\/wp\/v2\/product_tag?post=142494"},{"taxonomy":"berocket_brand","embeddable":true,"href":"https:\/\/stylingagenten.com\/da\/wp-json\/wp\/v2\/berocket_brand?post=142494"}],"curies":[{"name":"wp","href":"https:\/\/api.w.org\/{rel}","templated":true}]}}