{"id":142478,"date":"2025-05-18T23:13:24","date_gmt":"2025-05-18T23:13:24","guid":{"rendered":"https:\/\/staging2.stylingagenten.com\/da\/produkt\/american-crew-detox-shampoo-250ml\/"},"modified":"2026-04-13T13:48:31","modified_gmt":"2026-04-13T13:48:31","slug":"american-crew-detox-shampoo-250ml","status":"publish","type":"product","link":"https:\/\/stylingagenten.com\/da\/produkt\/american-crew-detox-shampoo-250ml\/","title":{"rendered":"American Crew Detox Shampoo 250ml"},"content":{"rendered":"<p>Shampoo der renser p\u00e5 dybden samtidig med, at den sk\u00e5nsomt eksfolierer hovedbunden. Fjerner effektivt snavs og rester af stylingprodukter fra h\u00e5ret. Har en frisk naturlig duft. Silikonefri og vegansk formel.<\/p>\n","protected":false},"excerpt":{"rendered":"<p>Shampoo der renser p\u00e5 dybden samtidig med, at den sk\u00e5nsomt eksfolierer hovedbunden. Fjerner effektivt snavs og rester af stylingprodukter fra h\u00e5ret. Har en frisk naturlig duft. Silikonefri og vegansk formel.<\/p>\n","protected":false},"featured_media":142477,"comment_status":"open","ping_status":"closed","template":"","meta":{"_trash_the_other_posts":false},"product_brand":[],"product_cat":[563],"product_tag":[2369],"berocket_brand":[1071],"class_list":{"0":"post-142478","1":"product","2":"type-product","3":"status-publish","4":"has-post-thumbnail","6":"product_cat-shampoo","7":"product_tag-american-crew-detox-shampoo","8":"pa_brand-american-crew","9":"pa_variant-250ml","10":"berocket_brand-american-crew","12":"first","13":"instock","14":"sale","15":"taxable","16":"shipping-taxable","17":"purchasable","18":"product-type-simple"},"_links":{"self":[{"href":"https:\/\/stylingagenten.com\/da\/wp-json\/wp\/v2\/product\/142478","targetHints":{"allow":["GET"]}}],"collection":[{"href":"https:\/\/stylingagenten.com\/da\/wp-json\/wp\/v2\/product"}],"about":[{"href":"https:\/\/stylingagenten.com\/da\/wp-json\/wp\/v2\/types\/product"}],"replies":[{"embeddable":true,"href":"https:\/\/stylingagenten.com\/da\/wp-json\/wp\/v2\/comments?post=142478"}],"version-history":[{"count":0,"href":"https:\/\/stylingagenten.com\/da\/wp-json\/wp\/v2\/product\/142478\/revisions"}],"wp:featuredmedia":[{"embeddable":true,"href":"https:\/\/stylingagenten.com\/da\/wp-json\/wp\/v2\/media\/142477"}],"wp:attachment":[{"href":"https:\/\/stylingagenten.com\/da\/wp-json\/wp\/v2\/media?parent=142478"}],"wp:term":[{"taxonomy":"product_brand","embeddable":true,"href":"https:\/\/stylingagenten.com\/da\/wp-json\/wp\/v2\/product_brand?post=142478"},{"taxonomy":"product_cat","embeddable":true,"href":"https:\/\/stylingagenten.com\/da\/wp-json\/wp\/v2\/product_cat?post=142478"},{"taxonomy":"product_tag","embeddable":true,"href":"https:\/\/stylingagenten.com\/da\/wp-json\/wp\/v2\/product_tag?post=142478"},{"taxonomy":"berocket_brand","embeddable":true,"href":"https:\/\/stylingagenten.com\/da\/wp-json\/wp\/v2\/berocket_brand?post=142478"}],"curies":[{"name":"wp","href":"https:\/\/api.w.org\/{rel}","templated":true}]}}