{"id":142476,"date":"2025-05-18T23:13:23","date_gmt":"2025-05-18T23:13:23","guid":{"rendered":"https:\/\/staging2.stylingagenten.com\/da\/produkt\/american-crew-daily-cleansing-shampoo-450ml\/"},"modified":"2026-04-08T23:08:41","modified_gmt":"2026-04-08T23:08:41","slug":"american-crew-daily-cleansing-shampoo-450ml","status":"publish","type":"product","link":"https:\/\/stylingagenten.com\/da\/produkt\/american-crew-daily-cleansing-shampoo-450ml\/","title":{"rendered":"American Crew Daily Cleansing Shampoo 450ml"},"content":{"rendered":"<p>American Crew Daily Cleansing Shampoo er en mild rensende shampoo, der kan bruges dagligt. Shampooen indeholder vitamin B5 som tilf\u00f8rer fugt til b\u00e5de h\u00e5r og hovedbund. Velegnet til m\u00e6nd med normalt til fedtet h\u00e5r og hovedbund.<\/p>\n","protected":false},"excerpt":{"rendered":"<p>American Crew Daily Cleansing Shampoo er en mild rensende shampoo, der kan bruges dagligt. Shampooen indeholder vitamin B5 som tilf\u00f8rer fugt til b\u00e5de h\u00e5r og hovedbund. Velegnet til m\u00e6nd med normalt til fedtet h\u00e5r og hovedbund.<\/p>\n","protected":false},"featured_media":142473,"comment_status":"open","ping_status":"closed","template":"","meta":{"_trash_the_other_posts":false},"product_brand":[],"product_cat":[563],"product_tag":[2365],"berocket_brand":[1071],"class_list":{"0":"post-142476","1":"product","2":"type-product","3":"status-publish","4":"has-post-thumbnail","6":"product_cat-shampoo","7":"product_tag-american-crew-daily-cleansing-shampoo","8":"pa_brand-american-crew","9":"pa_variant-450ml","10":"berocket_brand-american-crew","12":"first","13":"instock","14":"sale","15":"taxable","16":"shipping-taxable","17":"purchasable","18":"product-type-simple"},"_links":{"self":[{"href":"https:\/\/stylingagenten.com\/da\/wp-json\/wp\/v2\/product\/142476","targetHints":{"allow":["GET"]}}],"collection":[{"href":"https:\/\/stylingagenten.com\/da\/wp-json\/wp\/v2\/product"}],"about":[{"href":"https:\/\/stylingagenten.com\/da\/wp-json\/wp\/v2\/types\/product"}],"replies":[{"embeddable":true,"href":"https:\/\/stylingagenten.com\/da\/wp-json\/wp\/v2\/comments?post=142476"}],"version-history":[{"count":0,"href":"https:\/\/stylingagenten.com\/da\/wp-json\/wp\/v2\/product\/142476\/revisions"}],"wp:featuredmedia":[{"embeddable":true,"href":"https:\/\/stylingagenten.com\/da\/wp-json\/wp\/v2\/media\/142473"}],"wp:attachment":[{"href":"https:\/\/stylingagenten.com\/da\/wp-json\/wp\/v2\/media?parent=142476"}],"wp:term":[{"taxonomy":"product_brand","embeddable":true,"href":"https:\/\/stylingagenten.com\/da\/wp-json\/wp\/v2\/product_brand?post=142476"},{"taxonomy":"product_cat","embeddable":true,"href":"https:\/\/stylingagenten.com\/da\/wp-json\/wp\/v2\/product_cat?post=142476"},{"taxonomy":"product_tag","embeddable":true,"href":"https:\/\/stylingagenten.com\/da\/wp-json\/wp\/v2\/product_tag?post=142476"},{"taxonomy":"berocket_brand","embeddable":true,"href":"https:\/\/stylingagenten.com\/da\/wp-json\/wp\/v2\/berocket_brand?post=142476"}],"curies":[{"name":"wp","href":"https:\/\/api.w.org\/{rel}","templated":true}]}}