{"id":142468,"date":"2025-05-18T23:13:22","date_gmt":"2025-05-18T23:13:22","guid":{"rendered":"https:\/\/staging2.stylingagenten.com\/da\/produkt\/joico-blonde-life-violet-shampoo-300ml\/"},"modified":"2026-04-14T15:00:35","modified_gmt":"2026-04-14T15:00:35","slug":"joico-blonde-life-violet-shampoo-300ml","status":"publish","type":"product","link":"https:\/\/stylingagenten.com\/da\/produkt\/joico-blonde-life-violet-shampoo-300ml\/","title":{"rendered":"Joico Blonde Life Violet Shampoo 300ml"},"content":{"rendered":"<p>Bevar dine k\u00f8lige toner med Blonde Life Violet Shampoo. En rig skummende, sulfatfri shampoo, der \u00f8jeblikkeligt neutraliserer u\u00f8nskede varme og gule toner og holder blond h\u00e5r k\u00f8ligt.<\/p>\n<p>HVORFOR VIL DU ELSKE DET:<br \/>Sulfatfri<br \/>Rig skum, der sk\u00e5nsomt renser h\u00e5ret<br \/> En let \u00f8get pH-v\u00e6rdi g\u00f8r det lettere for farvepigmenterne at tr\u00e6nge igennem h\u00e5ret<br \/>Neutraliserer u\u00f8nskede varme og gule toner<br \/>Forhindrer fremkomsten af \u200b\u200bgule toner<br \/>Bevarer k\u00f8lige og klare toner i kolde, blonde farver<br \/> Plejer og beskytter<\/p>\n<p>BRUG<br \/>P\u00e5f\u00f8res i v\u00e5dt h\u00e5r. Skum. Lad virke i 1-3 minutter. Skyl og f\u00f8lg med Blonde Life Violet Conditioner for optimale resultater og for at forsegle de k\u00f8lige pigmenter.<br \/>Bruges 2-3 gange om ugen for at bevare k\u00f8lige toner.<\/p>\n","protected":false},"excerpt":{"rendered":"<p>Bevar dine k\u00f8lige toner med Blonde Life Violet Shampoo. En rig skummende, sulfatfri shampoo, der \u00f8jeblikkeligt neutraliserer u\u00f8nskede varme og gule toner og holder blond h\u00e5r k\u00f8ligt. HVORFOR VIL DU ELSKE DET:SulfatfriRig skum, der sk\u00e5nsomt renser h\u00e5ret En let \u00f8get pH-v\u00e6rdi g\u00f8r det lettere for farvepigmenterne at tr\u00e6nge igennem h\u00e5retNeutraliserer u\u00f8nskede varme og gule tonerForhindrer [&hellip;]<\/p>\n","protected":false},"featured_media":142466,"comment_status":"open","ping_status":"closed","template":"","meta":{"_trash_the_other_posts":false},"product_brand":[],"product_cat":[1003,1004],"product_tag":[3060],"berocket_brand":[1372],"class_list":{"0":"post-142468","1":"product","2":"type-product","3":"status-publish","4":"has-post-thumbnail","6":"product_cat-bestsellere","7":"product_cat-solvshampoo","8":"product_tag-joico-blonde-life-violet-shampoo","9":"pa_brand-joico","10":"pa_variant-300ml","11":"berocket_brand-joico","13":"first","14":"instock","15":"sale","16":"taxable","17":"shipping-taxable","18":"purchasable","19":"product-type-simple"},"_links":{"self":[{"href":"https:\/\/stylingagenten.com\/da\/wp-json\/wp\/v2\/product\/142468","targetHints":{"allow":["GET"]}}],"collection":[{"href":"https:\/\/stylingagenten.com\/da\/wp-json\/wp\/v2\/product"}],"about":[{"href":"https:\/\/stylingagenten.com\/da\/wp-json\/wp\/v2\/types\/product"}],"replies":[{"embeddable":true,"href":"https:\/\/stylingagenten.com\/da\/wp-json\/wp\/v2\/comments?post=142468"}],"version-history":[{"count":0,"href":"https:\/\/stylingagenten.com\/da\/wp-json\/wp\/v2\/product\/142468\/revisions"}],"wp:featuredmedia":[{"embeddable":true,"href":"https:\/\/stylingagenten.com\/da\/wp-json\/wp\/v2\/media\/142466"}],"wp:attachment":[{"href":"https:\/\/stylingagenten.com\/da\/wp-json\/wp\/v2\/media?parent=142468"}],"wp:term":[{"taxonomy":"product_brand","embeddable":true,"href":"https:\/\/stylingagenten.com\/da\/wp-json\/wp\/v2\/product_brand?post=142468"},{"taxonomy":"product_cat","embeddable":true,"href":"https:\/\/stylingagenten.com\/da\/wp-json\/wp\/v2\/product_cat?post=142468"},{"taxonomy":"product_tag","embeddable":true,"href":"https:\/\/stylingagenten.com\/da\/wp-json\/wp\/v2\/product_tag?post=142468"},{"taxonomy":"berocket_brand","embeddable":true,"href":"https:\/\/stylingagenten.com\/da\/wp-json\/wp\/v2\/berocket_brand?post=142468"}],"curies":[{"name":"wp","href":"https:\/\/api.w.org\/{rel}","templated":true}]}}