{"id":142459,"date":"2025-05-18T23:13:20","date_gmt":"2025-05-18T23:13:20","guid":{"rendered":"https:\/\/staging2.stylingagenten.com\/da\/produkt\/milk_shake-curl-passion-shampoo-300ml\/"},"modified":"2026-04-14T07:18:40","modified_gmt":"2026-04-14T07:18:40","slug":"milk_shake-curl-passion-shampoo-300ml","status":"publish","type":"product","link":"https:\/\/stylingagenten.com\/da\/produkt\/milk_shake-curl-passion-shampoo-300ml\/","title":{"rendered":"Milk_Shake Curl Passion Shampoo 300ml"},"content":{"rendered":"<p>Shampoo til kr\u00f8llet h\u00e5r. Renser og plejer alle h\u00e5rtyper blidt og dybt, hvilket giver bl\u00f8dhed og h\u00e5ndterbarhed. Hj\u00e6lper med at g\u00f8re kr\u00f8llerne hoppende, fleksible og holdbare. Indeholder \u00f8kologiske pracaxi- og babassuolier, m\u00e6lkeproteiner, frugtekstrakter, Integrity 41\u00ae og quinoaproteiner. <\/p>\n<p>Anvendelse:<br \/>Fordel j\u00e6vnt over fugtigt h\u00e5r, skum og skyl derefter. Gentag om n\u00f8dvendigt. Forts\u00e6t med milk_shake\u00ae curl passion conditioner.<\/p>\n","protected":false},"excerpt":{"rendered":"<p>Shampoo til kr\u00f8llet h\u00e5r. Renser og plejer alle h\u00e5rtyper blidt og dybt, hvilket giver bl\u00f8dhed og h\u00e5ndterbarhed. Hj\u00e6lper med at g\u00f8re kr\u00f8llerne hoppende, fleksible og holdbare. Indeholder \u00f8kologiske pracaxi- og babassuolier, m\u00e6lkeproteiner, frugtekstrakter, Integrity 41\u00ae og quinoaproteiner. Anvendelse:Fordel j\u00e6vnt over fugtigt h\u00e5r, skum og skyl derefter. Gentag om n\u00f8dvendigt. Forts\u00e6t med milk_shake\u00ae curl passion conditioner.<\/p>\n","protected":false},"featured_media":142456,"comment_status":"open","ping_status":"closed","template":"","meta":{"_trash_the_other_posts":false},"product_brand":[],"product_cat":[1003,563],"product_tag":[3573],"berocket_brand":[1085],"class_list":{"0":"post-142459","1":"product","2":"type-product","3":"status-publish","4":"has-post-thumbnail","6":"product_cat-bestsellere","7":"product_cat-shampoo","8":"product_tag-milk_shake-curl-passion-shampoo","9":"pa_brand-milk_shake","10":"pa_variant-300ml","11":"berocket_brand-milk_shake","13":"first","14":"instock","15":"sale","16":"taxable","17":"shipping-taxable","18":"purchasable","19":"product-type-simple"},"_links":{"self":[{"href":"https:\/\/stylingagenten.com\/da\/wp-json\/wp\/v2\/product\/142459","targetHints":{"allow":["GET"]}}],"collection":[{"href":"https:\/\/stylingagenten.com\/da\/wp-json\/wp\/v2\/product"}],"about":[{"href":"https:\/\/stylingagenten.com\/da\/wp-json\/wp\/v2\/types\/product"}],"replies":[{"embeddable":true,"href":"https:\/\/stylingagenten.com\/da\/wp-json\/wp\/v2\/comments?post=142459"}],"version-history":[{"count":0,"href":"https:\/\/stylingagenten.com\/da\/wp-json\/wp\/v2\/product\/142459\/revisions"}],"wp:featuredmedia":[{"embeddable":true,"href":"https:\/\/stylingagenten.com\/da\/wp-json\/wp\/v2\/media\/142456"}],"wp:attachment":[{"href":"https:\/\/stylingagenten.com\/da\/wp-json\/wp\/v2\/media?parent=142459"}],"wp:term":[{"taxonomy":"product_brand","embeddable":true,"href":"https:\/\/stylingagenten.com\/da\/wp-json\/wp\/v2\/product_brand?post=142459"},{"taxonomy":"product_cat","embeddable":true,"href":"https:\/\/stylingagenten.com\/da\/wp-json\/wp\/v2\/product_cat?post=142459"},{"taxonomy":"product_tag","embeddable":true,"href":"https:\/\/stylingagenten.com\/da\/wp-json\/wp\/v2\/product_tag?post=142459"},{"taxonomy":"berocket_brand","embeddable":true,"href":"https:\/\/stylingagenten.com\/da\/wp-json\/wp\/v2\/berocket_brand?post=142459"}],"curies":[{"name":"wp","href":"https:\/\/api.w.org\/{rel}","templated":true}]}}