{"id":142453,"date":"2025-05-18T23:13:19","date_gmt":"2025-05-18T23:13:19","guid":{"rendered":"https:\/\/staging2.stylingagenten.com\/da\/produkt\/schwarzkopf-bc-moisture-kick-schampo-250ml\/"},"modified":"2026-03-21T12:07:46","modified_gmt":"2026-03-21T12:07:46","slug":"schwarzkopf-bc-moisture-kick-schampo-250ml","status":"publish","type":"product","link":"https:\/\/stylingagenten.com\/da\/produkt\/schwarzkopf-bc-moisture-kick-schampo-250ml\/","title":{"rendered":"Schwarzkopf BC Moisture Kick Schampo 250ml"},"content":{"rendered":"<p>BC Bonacure Moisture Kick Shampoo er en fugtgivende shampoo til t\u00f8rt, kruset og kr\u00f8llet h\u00e5r. Den silikonefri sammens\u00e6tning renser blidt h\u00e5ret og hovedbunden, mens den tilf\u00f8rer fugt for at forhindre dehydrering gennem let pleje. Glycerol balancerer h\u00e5rets fugtniveau. <\/p>\n<p>250 ml<\/p>\n","protected":false},"excerpt":{"rendered":"<p>BC Bonacure Moisture Kick Shampoo er en fugtgivende shampoo til t\u00f8rt, kruset og kr\u00f8llet h\u00e5r. Den silikonefri sammens\u00e6tning renser blidt h\u00e5ret og hovedbunden, mens den tilf\u00f8rer fugt for at forhindre dehydrering gennem let pleje. Glycerol balancerer h\u00e5rets fugtniveau. 250 ml<\/p>\n","protected":false},"featured_media":142451,"comment_status":"open","ping_status":"closed","template":"","meta":{"_trash_the_other_posts":false},"product_brand":[],"product_cat":[563],"product_tag":[],"berocket_brand":[1060],"class_list":{"0":"post-142453","1":"product","2":"type-product","3":"status-publish","4":"has-post-thumbnail","6":"product_cat-shampoo","7":"pa_brand-schwarzkopf","8":"berocket_brand-schwarzkopf","10":"first","11":"instock","12":"sale","13":"taxable","14":"shipping-taxable","15":"purchasable","16":"product-type-simple"},"_links":{"self":[{"href":"https:\/\/stylingagenten.com\/da\/wp-json\/wp\/v2\/product\/142453","targetHints":{"allow":["GET"]}}],"collection":[{"href":"https:\/\/stylingagenten.com\/da\/wp-json\/wp\/v2\/product"}],"about":[{"href":"https:\/\/stylingagenten.com\/da\/wp-json\/wp\/v2\/types\/product"}],"replies":[{"embeddable":true,"href":"https:\/\/stylingagenten.com\/da\/wp-json\/wp\/v2\/comments?post=142453"}],"version-history":[{"count":0,"href":"https:\/\/stylingagenten.com\/da\/wp-json\/wp\/v2\/product\/142453\/revisions"}],"wp:featuredmedia":[{"embeddable":true,"href":"https:\/\/stylingagenten.com\/da\/wp-json\/wp\/v2\/media\/142451"}],"wp:attachment":[{"href":"https:\/\/stylingagenten.com\/da\/wp-json\/wp\/v2\/media?parent=142453"}],"wp:term":[{"taxonomy":"product_brand","embeddable":true,"href":"https:\/\/stylingagenten.com\/da\/wp-json\/wp\/v2\/product_brand?post=142453"},{"taxonomy":"product_cat","embeddable":true,"href":"https:\/\/stylingagenten.com\/da\/wp-json\/wp\/v2\/product_cat?post=142453"},{"taxonomy":"product_tag","embeddable":true,"href":"https:\/\/stylingagenten.com\/da\/wp-json\/wp\/v2\/product_tag?post=142453"},{"taxonomy":"berocket_brand","embeddable":true,"href":"https:\/\/stylingagenten.com\/da\/wp-json\/wp\/v2\/berocket_brand?post=142453"}],"curies":[{"name":"wp","href":"https:\/\/api.w.org\/{rel}","templated":true}]}}