{"id":142445,"date":"2025-05-18T23:13:18","date_gmt":"2025-05-18T23:13:18","guid":{"rendered":"https:\/\/staging2.stylingagenten.com\/da\/produkt\/joico-k-pak-clarifying-shampoo-300ml\/"},"modified":"2026-04-14T14:48:36","modified_gmt":"2026-04-14T14:48:36","slug":"joico-k-pak-clarifying-shampoo-300ml","status":"publish","type":"product","link":"https:\/\/stylingagenten.com\/da\/produkt\/joico-k-pak-clarifying-shampoo-300ml\/","title":{"rendered":"Joico K-Pak Clarifying Shampoo 300ml"},"content":{"rendered":"<p>Dyb afgiftende shampoo, der sk\u00e5nsomt renser h\u00e5ret og effektivt fjerner produktrester og urenheder, som stylingprodukter, klor, h\u00e5rdt vand og ydre milj\u00f8p\u00e5virkninger kan efterlade. Resultatet er et skinnende og sundt h\u00e5r med bed\u00f8velser.<\/p>\n<p>Egenskaber:<br \/>\u2022 Afgifter h\u00e5ret fra h\u00e5rdt vand, klor og mineraler<br \/>\u2022 Beskytter h\u00e5ret mod ydre milj\u00f8p\u00e5virkninger<\/p>\n","protected":false},"excerpt":{"rendered":"<p>Dyb afgiftende shampoo, der sk\u00e5nsomt renser h\u00e5ret og effektivt fjerner produktrester og urenheder, som stylingprodukter, klor, h\u00e5rdt vand og ydre milj\u00f8p\u00e5virkninger kan efterlade. Resultatet er et skinnende og sundt h\u00e5r med bed\u00f8velser. Egenskaber:\u2022 Afgifter h\u00e5ret fra h\u00e5rdt vand, klor og mineraler\u2022 Beskytter h\u00e5ret mod ydre milj\u00f8p\u00e5virkninger<\/p>\n","protected":false},"featured_media":142443,"comment_status":"open","ping_status":"closed","template":"","meta":{"_trash_the_other_posts":false},"product_brand":[],"product_cat":[563],"product_tag":[3069],"berocket_brand":[1372],"class_list":{"0":"post-142445","1":"product","2":"type-product","3":"status-publish","4":"has-post-thumbnail","6":"product_cat-shampoo","7":"product_tag-joico-k-pak-clarifying-shampoo","8":"pa_brand-joico","9":"pa_variant-300ml","10":"berocket_brand-joico","12":"first","13":"instock","14":"sale","15":"taxable","16":"shipping-taxable","17":"purchasable","18":"product-type-simple"},"_links":{"self":[{"href":"https:\/\/stylingagenten.com\/da\/wp-json\/wp\/v2\/product\/142445","targetHints":{"allow":["GET"]}}],"collection":[{"href":"https:\/\/stylingagenten.com\/da\/wp-json\/wp\/v2\/product"}],"about":[{"href":"https:\/\/stylingagenten.com\/da\/wp-json\/wp\/v2\/types\/product"}],"replies":[{"embeddable":true,"href":"https:\/\/stylingagenten.com\/da\/wp-json\/wp\/v2\/comments?post=142445"}],"version-history":[{"count":0,"href":"https:\/\/stylingagenten.com\/da\/wp-json\/wp\/v2\/product\/142445\/revisions"}],"wp:featuredmedia":[{"embeddable":true,"href":"https:\/\/stylingagenten.com\/da\/wp-json\/wp\/v2\/media\/142443"}],"wp:attachment":[{"href":"https:\/\/stylingagenten.com\/da\/wp-json\/wp\/v2\/media?parent=142445"}],"wp:term":[{"taxonomy":"product_brand","embeddable":true,"href":"https:\/\/stylingagenten.com\/da\/wp-json\/wp\/v2\/product_brand?post=142445"},{"taxonomy":"product_cat","embeddable":true,"href":"https:\/\/stylingagenten.com\/da\/wp-json\/wp\/v2\/product_cat?post=142445"},{"taxonomy":"product_tag","embeddable":true,"href":"https:\/\/stylingagenten.com\/da\/wp-json\/wp\/v2\/product_tag?post=142445"},{"taxonomy":"berocket_brand","embeddable":true,"href":"https:\/\/stylingagenten.com\/da\/wp-json\/wp\/v2\/berocket_brand?post=142445"}],"curies":[{"name":"wp","href":"https:\/\/api.w.org\/{rel}","templated":true}]}}