{"id":142442,"date":"2025-05-18T23:13:17","date_gmt":"2025-05-18T23:13:17","guid":{"rendered":"https:\/\/staging2.stylingagenten.com\/da\/produkt\/joico-joifull-volumizing-shampoo-300ml\/"},"modified":"2026-04-15T07:59:39","modified_gmt":"2026-04-15T07:59:39","slug":"joico-joifull-volumizing-shampoo-300ml","status":"publish","type":"product","link":"https:\/\/stylingagenten.com\/da\/produkt\/joico-joifull-volumizing-shampoo-300ml\/","title":{"rendered":"Joico Joifull Volumizing Shampoo 300ml"},"content":{"rendered":"<p>JoiFull Volumizing Shampoo<br \/>Forbered h\u00e5ret til et luksuri\u00f8st, langtidsholdbart og fyldigt resultat med denne rige skummende shampoo, der n\u00e6nsomt fjerner overskydende olier og urenheder, der tynger h\u00e5ret ned. Hver h\u00e5rst\u00f8rrelse Blade renset, blanke og unikt v\u00e6rdsat &#8211; klar til ekstraordin\u00e6r volumen med en naturlig f\u00f8lelse.<\/p>\n","protected":false},"excerpt":{"rendered":"<p>JoiFull Volumizing ShampooForbered h\u00e5ret til et luksuri\u00f8st, langtidsholdbart og fyldigt resultat med denne rige skummende shampoo, der n\u00e6nsomt fjerner overskydende olier og urenheder, der tynger h\u00e5ret ned. Hver h\u00e5rst\u00f8rrelse Blade renset, blanke og unikt v\u00e6rdsat &#8211; klar til ekstraordin\u00e6r volumen med en naturlig f\u00f8lelse.<\/p>\n","protected":false},"featured_media":142441,"comment_status":"open","ping_status":"closed","template":"","meta":{"_trash_the_other_posts":false},"product_brand":[],"product_cat":[1003,563],"product_tag":[3068],"berocket_brand":[1372],"class_list":{"0":"post-142442","1":"product","2":"type-product","3":"status-publish","4":"has-post-thumbnail","6":"product_cat-bestsellere","7":"product_cat-shampoo","8":"product_tag-joico-joifull-volumizing-shampoo","9":"pa_brand-joico","10":"pa_variant-300ml","11":"berocket_brand-joico","13":"first","14":"instock","15":"sale","16":"taxable","17":"shipping-taxable","18":"purchasable","19":"product-type-simple"},"_links":{"self":[{"href":"https:\/\/stylingagenten.com\/da\/wp-json\/wp\/v2\/product\/142442","targetHints":{"allow":["GET"]}}],"collection":[{"href":"https:\/\/stylingagenten.com\/da\/wp-json\/wp\/v2\/product"}],"about":[{"href":"https:\/\/stylingagenten.com\/da\/wp-json\/wp\/v2\/types\/product"}],"replies":[{"embeddable":true,"href":"https:\/\/stylingagenten.com\/da\/wp-json\/wp\/v2\/comments?post=142442"}],"version-history":[{"count":0,"href":"https:\/\/stylingagenten.com\/da\/wp-json\/wp\/v2\/product\/142442\/revisions"}],"wp:featuredmedia":[{"embeddable":true,"href":"https:\/\/stylingagenten.com\/da\/wp-json\/wp\/v2\/media\/142441"}],"wp:attachment":[{"href":"https:\/\/stylingagenten.com\/da\/wp-json\/wp\/v2\/media?parent=142442"}],"wp:term":[{"taxonomy":"product_brand","embeddable":true,"href":"https:\/\/stylingagenten.com\/da\/wp-json\/wp\/v2\/product_brand?post=142442"},{"taxonomy":"product_cat","embeddable":true,"href":"https:\/\/stylingagenten.com\/da\/wp-json\/wp\/v2\/product_cat?post=142442"},{"taxonomy":"product_tag","embeddable":true,"href":"https:\/\/stylingagenten.com\/da\/wp-json\/wp\/v2\/product_tag?post=142442"},{"taxonomy":"berocket_brand","embeddable":true,"href":"https:\/\/stylingagenten.com\/da\/wp-json\/wp\/v2\/berocket_brand?post=142442"}],"curies":[{"name":"wp","href":"https:\/\/api.w.org\/{rel}","templated":true}]}}