{"id":142433,"date":"2025-05-18T23:13:16","date_gmt":"2025-05-18T23:13:16","guid":{"rendered":"https:\/\/staging2.stylingagenten.com\/da\/produkt\/joico-hydrasplash-hydrating-shampoo-300ml\/"},"modified":"2026-04-12T22:08:30","modified_gmt":"2026-04-12T22:08:30","slug":"joico-hydrasplash-hydrating-shampoo-300ml","status":"publish","type":"product","link":"https:\/\/stylingagenten.com\/da\/produkt\/joico-hydrasplash-hydrating-shampoo-300ml\/","title":{"rendered":"Joico Hydrasplash Hydrating Shampoo 300ml"},"content":{"rendered":"<p>HydraSplash Hydrating Shampoo<br \/>En rig skummende shampoo, der f\u00e5r h\u00e5ret til at f\u00f8les luksuri\u00f8st.<\/p>\n<p>HVORFOR VIL DU ELSKE DET:<br \/>Renser grundigt uden at fjerne h\u00e5rets naturlige fugt<br \/>H\u00e5ret f\u00f8les bl\u00f8dt og hydreret <br \/>Tynger ikke<br \/>Optimal for hele familien<\/p>\n<p>BRUG<br \/>P\u00e5f\u00f8res i fugtigt h\u00e5r. Skum. Skyl grundigt. F\u00f8lg op med HydraSplash Conditioner eller HydraSplash Masque og afslut med HydraSplash Replenishing Leave-In.<\/p>\n","protected":false},"excerpt":{"rendered":"<p>HydraSplash Hydrating ShampooEn rig skummende shampoo, der f\u00e5r h\u00e5ret til at f\u00f8les luksuri\u00f8st. HVORFOR VIL DU ELSKE DET:Renser grundigt uden at fjerne h\u00e5rets naturlige fugtH\u00e5ret f\u00f8les bl\u00f8dt og hydreret Tynger ikkeOptimal for hele familien BRUGP\u00e5f\u00f8res i fugtigt h\u00e5r. Skum. Skyl grundigt. F\u00f8lg op med HydraSplash Conditioner eller HydraSplash Masque og afslut med HydraSplash Replenishing Leave-In.<\/p>\n","protected":false},"featured_media":142429,"comment_status":"open","ping_status":"closed","template":"","meta":{"_trash_the_other_posts":false},"product_brand":[],"product_cat":[1003,563],"product_tag":[3066],"berocket_brand":[1372],"class_list":{"0":"post-142433","1":"product","2":"type-product","3":"status-publish","4":"has-post-thumbnail","6":"product_cat-bestsellere","7":"product_cat-shampoo","8":"product_tag-joico-hydrasplash-hydrating-shampoo","9":"pa_brand-joico","10":"pa_variant-300ml","11":"berocket_brand-joico","13":"first","14":"instock","15":"sale","16":"taxable","17":"shipping-taxable","18":"purchasable","19":"product-type-simple"},"_links":{"self":[{"href":"https:\/\/stylingagenten.com\/da\/wp-json\/wp\/v2\/product\/142433","targetHints":{"allow":["GET"]}}],"collection":[{"href":"https:\/\/stylingagenten.com\/da\/wp-json\/wp\/v2\/product"}],"about":[{"href":"https:\/\/stylingagenten.com\/da\/wp-json\/wp\/v2\/types\/product"}],"replies":[{"embeddable":true,"href":"https:\/\/stylingagenten.com\/da\/wp-json\/wp\/v2\/comments?post=142433"}],"version-history":[{"count":0,"href":"https:\/\/stylingagenten.com\/da\/wp-json\/wp\/v2\/product\/142433\/revisions"}],"wp:featuredmedia":[{"embeddable":true,"href":"https:\/\/stylingagenten.com\/da\/wp-json\/wp\/v2\/media\/142429"}],"wp:attachment":[{"href":"https:\/\/stylingagenten.com\/da\/wp-json\/wp\/v2\/media?parent=142433"}],"wp:term":[{"taxonomy":"product_brand","embeddable":true,"href":"https:\/\/stylingagenten.com\/da\/wp-json\/wp\/v2\/product_brand?post=142433"},{"taxonomy":"product_cat","embeddable":true,"href":"https:\/\/stylingagenten.com\/da\/wp-json\/wp\/v2\/product_cat?post=142433"},{"taxonomy":"product_tag","embeddable":true,"href":"https:\/\/stylingagenten.com\/da\/wp-json\/wp\/v2\/product_tag?post=142433"},{"taxonomy":"berocket_brand","embeddable":true,"href":"https:\/\/stylingagenten.com\/da\/wp-json\/wp\/v2\/berocket_brand?post=142433"}],"curies":[{"name":"wp","href":"https:\/\/api.w.org\/{rel}","templated":true}]}}