{"id":142418,"date":"2025-05-18T23:13:13","date_gmt":"2025-05-18T23:13:13","guid":{"rendered":"https:\/\/staging2.stylingagenten.com\/da\/produkt\/rco-acid-wash-cleansing-rinse-177ml\/"},"modified":"2025-11-19T12:02:42","modified_gmt":"2025-11-19T12:02:42","slug":"rco-acid-wash-cleansing-rinse-177ml","status":"publish","type":"product","link":"https:\/\/stylingagenten.com\/da\/produkt\/rco-acid-wash-cleansing-rinse-177ml\/","title":{"rendered":"R+Co Acid Wash Cleansing Rinse 177ml"},"content":{"rendered":"<p>Nogle gange skal du grundigt rense h\u00e5ret ordentligt og genoprette det til dets naturlige tilstand. ACID WASH, et \u00e6blecidereddikebaseret rensemiddel er perfekt til effektiv rensning af h\u00e5r uden at fjerne naturlige olier eller farve. Det g\u00f8r h\u00e5ret bl\u00f8dt, beroliger hovedbunden og giver enest\u00e5ende glans. H\u00e5r: Bl\u00e5t h\u00e5r. Pres forsigtigt ACID WASH direkte ind i hovedbunden ved hj\u00e6lp af flaskens dyse. Mass\u00e9r ind og lad virke i 1-3 minutter. Skyl grundigt.<br \/>Kan ogs\u00e5&aring; bruges som erstatning for shampoo, eller til kombineret shampoo og balsam som co-wash.<\/p>\n<p>God til: Til alle jer, der elsker t\u00f8rshampoo + stylingprodukter, samt \u00f8nsker at genoprette h\u00e5rets naturlige balance og skinnende tilstand.<\/p>\n","protected":false},"excerpt":{"rendered":"<p>Nogle gange skal du grundigt rense h\u00e5ret ordentligt og genoprette det til dets naturlige tilstand. ACID WASH, et \u00e6blecidereddikebaseret rensemiddel er perfekt til effektiv rensning af h\u00e5r uden at fjerne naturlige olier eller farve. Det g\u00f8r h\u00e5ret bl\u00f8dt, beroliger hovedbunden og giver enest\u00e5ende glans. H\u00e5r: Bl\u00e5t h\u00e5r. Pres forsigtigt ACID WASH direkte ind i hovedbunden [&hellip;]<\/p>\n","protected":false},"featured_media":142417,"comment_status":"open","ping_status":"closed","template":"","meta":{"_trash_the_other_posts":false},"product_brand":[],"product_cat":[563],"product_tag":[],"berocket_brand":[1373],"class_list":{"0":"post-142418","1":"product","2":"type-product","3":"status-publish","4":"has-post-thumbnail","6":"product_cat-shampoo","7":"pa_brand-rco","8":"berocket_brand-rco","10":"first","11":"outofstock","12":"sale","13":"taxable","14":"shipping-taxable","15":"purchasable","16":"product-type-simple"},"_links":{"self":[{"href":"https:\/\/stylingagenten.com\/da\/wp-json\/wp\/v2\/product\/142418","targetHints":{"allow":["GET"]}}],"collection":[{"href":"https:\/\/stylingagenten.com\/da\/wp-json\/wp\/v2\/product"}],"about":[{"href":"https:\/\/stylingagenten.com\/da\/wp-json\/wp\/v2\/types\/product"}],"replies":[{"embeddable":true,"href":"https:\/\/stylingagenten.com\/da\/wp-json\/wp\/v2\/comments?post=142418"}],"version-history":[{"count":0,"href":"https:\/\/stylingagenten.com\/da\/wp-json\/wp\/v2\/product\/142418\/revisions"}],"wp:featuredmedia":[{"embeddable":true,"href":"https:\/\/stylingagenten.com\/da\/wp-json\/wp\/v2\/media\/142417"}],"wp:attachment":[{"href":"https:\/\/stylingagenten.com\/da\/wp-json\/wp\/v2\/media?parent=142418"}],"wp:term":[{"taxonomy":"product_brand","embeddable":true,"href":"https:\/\/stylingagenten.com\/da\/wp-json\/wp\/v2\/product_brand?post=142418"},{"taxonomy":"product_cat","embeddable":true,"href":"https:\/\/stylingagenten.com\/da\/wp-json\/wp\/v2\/product_cat?post=142418"},{"taxonomy":"product_tag","embeddable":true,"href":"https:\/\/stylingagenten.com\/da\/wp-json\/wp\/v2\/product_tag?post=142418"},{"taxonomy":"berocket_brand","embeddable":true,"href":"https:\/\/stylingagenten.com\/da\/wp-json\/wp\/v2\/berocket_brand?post=142418"}],"curies":[{"name":"wp","href":"https:\/\/api.w.org\/{rel}","templated":true}]}}