{"id":142332,"date":"2025-05-18T23:13:00","date_gmt":"2025-05-18T23:13:00","guid":{"rendered":"https:\/\/staging2.stylingagenten.com\/da\/produkt\/wella-sp-silver-blond-shampoo-250ml\/"},"modified":"2026-03-30T07:08:49","modified_gmt":"2026-03-30T07:08:49","slug":"wella-sp-silver-blond-shampoo-250ml","status":"publish","type":"product","link":"https:\/\/stylingagenten.com\/da\/produkt\/wella-sp-silver-blond-shampoo-250ml\/","title":{"rendered":"Wella SP Silver Blond Shampoo 250ml"},"content":{"rendered":"<p>SP SILVER BLOND SHAMPOO<br \/>Fremh\u00e6ver k\u00f8lige nuancer i blondt h\u00e5r og bek\u00e6mper gulningseffekter. Forhindrer h\u00e5r i at t\u00f8rre ud. Formlen indeholder bl\u00e5t pigment for at fremh\u00e6ve k\u00f8lige nuancer i blondt, bleget, kr\u00f8llet og naturligt gr\u00e5t h\u00e5r.<\/p>\n","protected":false},"excerpt":{"rendered":"<p>SP SILVER BLOND SHAMPOOFremh\u00e6ver k\u00f8lige nuancer i blondt h\u00e5r og bek\u00e6mper gulningseffekter. Forhindrer h\u00e5r i at t\u00f8rre ud. Formlen indeholder bl\u00e5t pigment for at fremh\u00e6ve k\u00f8lige nuancer i blondt, bleget, kr\u00f8llet og naturligt gr\u00e5t h\u00e5r.<\/p>\n","protected":false},"featured_media":142330,"comment_status":"open","ping_status":"closed","template":"","meta":{"_trash_the_other_posts":false},"product_brand":[],"product_cat":[563,1004],"product_tag":[],"berocket_brand":[1030],"class_list":{"0":"post-142332","1":"product","2":"type-product","3":"status-publish","4":"has-post-thumbnail","6":"product_cat-shampoo","7":"product_cat-solvshampoo","8":"pa_brand-wella","9":"berocket_brand-wella","11":"first","12":"instock","13":"sale","14":"taxable","15":"shipping-taxable","16":"purchasable","17":"product-type-simple"},"_links":{"self":[{"href":"https:\/\/stylingagenten.com\/da\/wp-json\/wp\/v2\/product\/142332","targetHints":{"allow":["GET"]}}],"collection":[{"href":"https:\/\/stylingagenten.com\/da\/wp-json\/wp\/v2\/product"}],"about":[{"href":"https:\/\/stylingagenten.com\/da\/wp-json\/wp\/v2\/types\/product"}],"replies":[{"embeddable":true,"href":"https:\/\/stylingagenten.com\/da\/wp-json\/wp\/v2\/comments?post=142332"}],"version-history":[{"count":0,"href":"https:\/\/stylingagenten.com\/da\/wp-json\/wp\/v2\/product\/142332\/revisions"}],"wp:featuredmedia":[{"embeddable":true,"href":"https:\/\/stylingagenten.com\/da\/wp-json\/wp\/v2\/media\/142330"}],"wp:attachment":[{"href":"https:\/\/stylingagenten.com\/da\/wp-json\/wp\/v2\/media?parent=142332"}],"wp:term":[{"taxonomy":"product_brand","embeddable":true,"href":"https:\/\/stylingagenten.com\/da\/wp-json\/wp\/v2\/product_brand?post=142332"},{"taxonomy":"product_cat","embeddable":true,"href":"https:\/\/stylingagenten.com\/da\/wp-json\/wp\/v2\/product_cat?post=142332"},{"taxonomy":"product_tag","embeddable":true,"href":"https:\/\/stylingagenten.com\/da\/wp-json\/wp\/v2\/product_tag?post=142332"},{"taxonomy":"berocket_brand","embeddable":true,"href":"https:\/\/stylingagenten.com\/da\/wp-json\/wp\/v2\/berocket_brand?post=142332"}],"curies":[{"name":"wp","href":"https:\/\/api.w.org\/{rel}","templated":true}]}}