{"id":142322,"date":"2025-05-18T23:12:58","date_gmt":"2025-05-18T23:12:58","guid":{"rendered":"https:\/\/staging2.stylingagenten.com\/da\/produkt\/wella-sp-clear-scalp-shampeeling-150ml\/"},"modified":"2026-03-28T16:08:41","modified_gmt":"2026-03-28T16:08:41","slug":"wella-sp-clear-scalp-shampeeling-150ml","status":"publish","type":"product","link":"https:\/\/stylingagenten.com\/da\/produkt\/wella-sp-clear-scalp-shampeeling-150ml\/","title":{"rendered":"Wella SP Clear Scalp Shampeeling 150ml"},"content":{"rendered":"<p>SP CLEAR SCALP SHAMPEELING<br \/>Wella SP Clear Scalp Shampeeling er en intensiv og regulerende sk\u00e6lbehandling, der giver et langtidsholdbart og sk\u00e6lfrit resultat. Efter blot to m\u00e5neders brug vil du have smukt og sk\u00e6lfrit h\u00e5r.<\/p>\n","protected":false},"excerpt":{"rendered":"<p>SP CLEAR SCALP SHAMPEELINGWella SP Clear Scalp Shampeeling er en intensiv og regulerende sk\u00e6lbehandling, der giver et langtidsholdbart og sk\u00e6lfrit resultat. Efter blot to m\u00e5neders brug vil du have smukt og sk\u00e6lfrit h\u00e5r.<\/p>\n","protected":false},"featured_media":142321,"comment_status":"open","ping_status":"closed","template":"","meta":{"_trash_the_other_posts":false},"product_brand":[],"product_cat":[563],"product_tag":[],"berocket_brand":[1030],"class_list":{"0":"post-142322","1":"product","2":"type-product","3":"status-publish","4":"has-post-thumbnail","6":"product_cat-shampoo","7":"pa_brand-wella","8":"berocket_brand-wella","10":"first","11":"instock","12":"sale","13":"taxable","14":"shipping-taxable","15":"purchasable","16":"product-type-simple"},"_links":{"self":[{"href":"https:\/\/stylingagenten.com\/da\/wp-json\/wp\/v2\/product\/142322","targetHints":{"allow":["GET"]}}],"collection":[{"href":"https:\/\/stylingagenten.com\/da\/wp-json\/wp\/v2\/product"}],"about":[{"href":"https:\/\/stylingagenten.com\/da\/wp-json\/wp\/v2\/types\/product"}],"replies":[{"embeddable":true,"href":"https:\/\/stylingagenten.com\/da\/wp-json\/wp\/v2\/comments?post=142322"}],"version-history":[{"count":0,"href":"https:\/\/stylingagenten.com\/da\/wp-json\/wp\/v2\/product\/142322\/revisions"}],"wp:featuredmedia":[{"embeddable":true,"href":"https:\/\/stylingagenten.com\/da\/wp-json\/wp\/v2\/media\/142321"}],"wp:attachment":[{"href":"https:\/\/stylingagenten.com\/da\/wp-json\/wp\/v2\/media?parent=142322"}],"wp:term":[{"taxonomy":"product_brand","embeddable":true,"href":"https:\/\/stylingagenten.com\/da\/wp-json\/wp\/v2\/product_brand?post=142322"},{"taxonomy":"product_cat","embeddable":true,"href":"https:\/\/stylingagenten.com\/da\/wp-json\/wp\/v2\/product_cat?post=142322"},{"taxonomy":"product_tag","embeddable":true,"href":"https:\/\/stylingagenten.com\/da\/wp-json\/wp\/v2\/product_tag?post=142322"},{"taxonomy":"berocket_brand","embeddable":true,"href":"https:\/\/stylingagenten.com\/da\/wp-json\/wp\/v2\/berocket_brand?post=142322"}],"curies":[{"name":"wp","href":"https:\/\/api.w.org\/{rel}","templated":true}]}}