{"id":142316,"date":"2025-05-18T23:12:57","date_gmt":"2025-05-18T23:12:57","guid":{"rendered":"https:\/\/staging2.stylingagenten.com\/da\/produkt\/olaplex-no-4c-bond-maintenance-clarifying-shampoo-250ml\/"},"modified":"2026-04-12T11:08:29","modified_gmt":"2026-04-12T11:08:29","slug":"olaplex-no-4c-bond-maintenance-clarifying-shampoo-250ml","status":"publish","type":"product","link":"https:\/\/stylingagenten.com\/da\/produkt\/olaplex-no-4c-bond-maintenance-clarifying-shampoo-250ml\/","title":{"rendered":"Olaplex No.4C Bond Maintenance Clarifying Shampoo 250ml"},"content":{"rendered":"<p>Olaplex No.4C er en avanceret dybderensende shampoo, baseret p\u00e5 Olaplexs eksklusive renseteknologi. Den giver en kraftig dybderens og fjerner produktrester og urenheder for at skabe sundere, sundere h\u00e5r &#8211; uden at blive t\u00f8rt eller stribet.<\/p>\n<p>\u2022 Fjerner overflademineraler fra h\u00e5rdt vand, klor, overskydende olier og produktrester fra h\u00e5rsk\u00e6l efter kun \u00e9n brug<br \/>\u2022 Fugtgivende formel, der efterlader h\u00e5ret rent, bl\u00f8dt, skinnende og levende<br \/>\u2022 Indeholder OLAPLEX&#8217;s patenterede Bond-Building Technology\u2122 for at styrke h\u00e5ret og g\u00f8re det mere modstandsdygtigt<\/p>\n<p>Brug Olaplex 4C ugentligt , eller f\u00f8r h\u00e5rindpakning og andre behandlinger for maksimal ydeevne.<\/p>\n<p>Anvendelse:<br \/>Anvend No.4C i fugtigt h\u00e5r, mass\u00e9r ind i hovedbunden og arbejd udad mod l\u00e6ngderne. Lad virke i op til 5 minutter. Skyl grundigt og afslut med Olaplex No.5 balsam eller Olaplex No.8 h\u00e5rindpakning.<\/p>\n","protected":false},"excerpt":{"rendered":"<p>Olaplex No.4C er en avanceret dybderensende shampoo, baseret p\u00e5 Olaplexs eksklusive renseteknologi. Den giver en kraftig dybderens og fjerner produktrester og urenheder for at skabe sundere, sundere h\u00e5r &#8211; uden at blive t\u00f8rt eller stribet. \u2022 Fjerner overflademineraler fra h\u00e5rdt vand, klor, overskydende olier og produktrester fra h\u00e5rsk\u00e6l efter kun \u00e9n brug\u2022 Fugtgivende formel, der [&hellip;]<\/p>\n","protected":false},"featured_media":142300,"comment_status":"open","ping_status":"closed","template":"","meta":{"_trash_the_other_posts":false},"product_brand":[],"product_cat":[1003,563],"product_tag":[3721],"berocket_brand":[1023],"class_list":{"0":"post-142316","1":"product","2":"type-product","3":"status-publish","4":"has-post-thumbnail","6":"product_cat-bestsellere","7":"product_cat-shampoo","8":"product_tag-olaplex-no-4c-bond-maintenance-clarifying-shampoo","9":"pa_brand-olaplex","10":"pa_variant-250ml","11":"berocket_brand-olaplex","13":"first","14":"instock","15":"sale","16":"taxable","17":"shipping-taxable","18":"purchasable","19":"product-type-simple"},"_links":{"self":[{"href":"https:\/\/stylingagenten.com\/da\/wp-json\/wp\/v2\/product\/142316","targetHints":{"allow":["GET"]}}],"collection":[{"href":"https:\/\/stylingagenten.com\/da\/wp-json\/wp\/v2\/product"}],"about":[{"href":"https:\/\/stylingagenten.com\/da\/wp-json\/wp\/v2\/types\/product"}],"replies":[{"embeddable":true,"href":"https:\/\/stylingagenten.com\/da\/wp-json\/wp\/v2\/comments?post=142316"}],"version-history":[{"count":0,"href":"https:\/\/stylingagenten.com\/da\/wp-json\/wp\/v2\/product\/142316\/revisions"}],"wp:featuredmedia":[{"embeddable":true,"href":"https:\/\/stylingagenten.com\/da\/wp-json\/wp\/v2\/media\/142300"}],"wp:attachment":[{"href":"https:\/\/stylingagenten.com\/da\/wp-json\/wp\/v2\/media?parent=142316"}],"wp:term":[{"taxonomy":"product_brand","embeddable":true,"href":"https:\/\/stylingagenten.com\/da\/wp-json\/wp\/v2\/product_brand?post=142316"},{"taxonomy":"product_cat","embeddable":true,"href":"https:\/\/stylingagenten.com\/da\/wp-json\/wp\/v2\/product_cat?post=142316"},{"taxonomy":"product_tag","embeddable":true,"href":"https:\/\/stylingagenten.com\/da\/wp-json\/wp\/v2\/product_tag?post=142316"},{"taxonomy":"berocket_brand","embeddable":true,"href":"https:\/\/stylingagenten.com\/da\/wp-json\/wp\/v2\/berocket_brand?post=142316"}],"curies":[{"name":"wp","href":"https:\/\/api.w.org\/{rel}","templated":true}]}}