{"id":142278,"date":"2025-05-18T23:12:51","date_gmt":"2025-05-18T23:12:51","guid":{"rendered":"https:\/\/staging2.stylingagenten.com\/da\/produkt\/maria-nila-luminous-colour-shampoo-1000ml\/"},"modified":"2026-03-25T11:38:43","modified_gmt":"2026-03-25T11:38:43","slug":"maria-nila-luminous-colour-shampoo-1000ml","status":"publish","type":"product","link":"https:\/\/stylingagenten.com\/da\/produkt\/maria-nila-luminous-colour-shampoo-1000ml\/","title":{"rendered":"Maria Nila Luminous Colour Shampoo 1000ml"},"content":{"rendered":"<p>En farvebevarende shampoo med fugtgivende granat\u00e6bleekstrakt og Color Guard Complex, der styrker h\u00e5ret og bevarer din h\u00e5rfarve, samtidig med at den tilf\u00f8jer glans og glans. Luminous Color Shampoo har en frugtagtig duft af \u00e6ble, bromb\u00e6r og fersken.<\/p>\n<p>Giver glans og glans<br \/>Fugtgivende granat\u00e6bleekstrakt<br \/>Farvebevarelse<br \/>100 % vegansk &amp; dyrevenlig<br \/>Klimakompenseret emballage<\/p>\n","protected":false},"excerpt":{"rendered":"<p>En farvebevarende shampoo med fugtgivende granat\u00e6bleekstrakt og Color Guard Complex, der styrker h\u00e5ret og bevarer din h\u00e5rfarve, samtidig med at den tilf\u00f8jer glans og glans. Luminous Color Shampoo har en frugtagtig duft af \u00e6ble, bromb\u00e6r og fersken. Giver glans og glansFugtgivende granat\u00e6bleekstraktFarvebevarelse100 % vegansk &amp; dyrevenligKlimakompenseret emballage<\/p>\n","protected":false},"featured_media":142270,"comment_status":"open","ping_status":"closed","template":"","meta":{"_trash_the_other_posts":false},"product_brand":[],"product_cat":[1003,563],"product_tag":[3414],"berocket_brand":[1388],"class_list":{"0":"post-142278","1":"product","2":"type-product","3":"status-publish","4":"has-post-thumbnail","6":"product_cat-bestsellere","7":"product_cat-shampoo","8":"product_tag-maria-nila-luminous-colour-shampoo","9":"pa_brand-maria-nila","10":"pa_variant-1000ml","11":"berocket_brand-maria-nila","13":"first","14":"instock","15":"sale","16":"taxable","17":"shipping-taxable","18":"purchasable","19":"product-type-simple"},"_links":{"self":[{"href":"https:\/\/stylingagenten.com\/da\/wp-json\/wp\/v2\/product\/142278","targetHints":{"allow":["GET"]}}],"collection":[{"href":"https:\/\/stylingagenten.com\/da\/wp-json\/wp\/v2\/product"}],"about":[{"href":"https:\/\/stylingagenten.com\/da\/wp-json\/wp\/v2\/types\/product"}],"replies":[{"embeddable":true,"href":"https:\/\/stylingagenten.com\/da\/wp-json\/wp\/v2\/comments?post=142278"}],"version-history":[{"count":0,"href":"https:\/\/stylingagenten.com\/da\/wp-json\/wp\/v2\/product\/142278\/revisions"}],"wp:featuredmedia":[{"embeddable":true,"href":"https:\/\/stylingagenten.com\/da\/wp-json\/wp\/v2\/media\/142270"}],"wp:attachment":[{"href":"https:\/\/stylingagenten.com\/da\/wp-json\/wp\/v2\/media?parent=142278"}],"wp:term":[{"taxonomy":"product_brand","embeddable":true,"href":"https:\/\/stylingagenten.com\/da\/wp-json\/wp\/v2\/product_brand?post=142278"},{"taxonomy":"product_cat","embeddable":true,"href":"https:\/\/stylingagenten.com\/da\/wp-json\/wp\/v2\/product_cat?post=142278"},{"taxonomy":"product_tag","embeddable":true,"href":"https:\/\/stylingagenten.com\/da\/wp-json\/wp\/v2\/product_tag?post=142278"},{"taxonomy":"berocket_brand","embeddable":true,"href":"https:\/\/stylingagenten.com\/da\/wp-json\/wp\/v2\/berocket_brand?post=142278"}],"curies":[{"name":"wp","href":"https:\/\/api.w.org\/{rel}","templated":true}]}}