{"id":142251,"date":"2025-05-18T23:12:47","date_gmt":"2025-05-18T23:12:47","guid":{"rendered":"https:\/\/staging2.stylingagenten.com\/da\/produkt\/maria-nila-pure-volume-shampoo-350ml\/"},"modified":"2026-03-16T13:48:02","modified_gmt":"2026-03-16T13:48:02","slug":"maria-nila-pure-volume-shampoo-350ml","status":"publish","type":"product","link":"https:\/\/stylingagenten.com\/da\/produkt\/maria-nila-pure-volume-shampoo-350ml\/","title":{"rendered":"Maria Nila Pure Volume Shampoo 350ml"},"content":{"rendered":"<p>En volumengivende shampoo udviklet til dig, der \u00f8nsker et tykkere og fyldigere resultat, samtidig med at h\u00e5rets struktur styrkes. Pure Volume Shampoo indeholder Pro-Vitamin B5, som giver langvarig volumen, elasticitet og fastholdelse af fugt. Shampooen har en frisk og blomstret duft af neroli, citron og hyacint for en forfriskende f\u00f8lelse. Farvebevarelse Color Guard Complex beskytter dit h\u00e5r mod UV-str\u00e5ling og frie radikaler.<\/p>\n<p>\u2022Til tyndt og fint h\u00e5r<br \/>\u2022Volumiserende og styrkende<br \/>\u2022Med Provitamin B5<br \/>\u2022100% vegansk &amp; dyrevenlig<br \/>\u2022Klimakompenseret emballage<\/p>\n","protected":false},"excerpt":{"rendered":"<p>En volumengivende shampoo udviklet til dig, der \u00f8nsker et tykkere og fyldigere resultat, samtidig med at h\u00e5rets struktur styrkes. Pure Volume Shampoo indeholder Pro-Vitamin B5, som giver langvarig volumen, elasticitet og fastholdelse af fugt. Shampooen har en frisk og blomstret duft af neroli, citron og hyacint for en forfriskende f\u00f8lelse. Farvebevarelse Color Guard Complex beskytter [&hellip;]<\/p>\n","protected":false},"featured_media":142245,"comment_status":"open","ping_status":"closed","template":"","meta":{"_trash_the_other_posts":false},"product_brand":[],"product_cat":[563],"product_tag":[3420],"berocket_brand":[1388],"class_list":{"0":"post-142251","1":"product","2":"type-product","3":"status-publish","4":"has-post-thumbnail","6":"product_cat-shampoo","7":"product_tag-maria-nila-pure-volume-shampoo","8":"pa_brand-maria-nila","9":"pa_variant-350ml","10":"berocket_brand-maria-nila","12":"first","13":"instock","14":"taxable","15":"shipping-taxable","16":"purchasable","17":"product-type-simple"},"_links":{"self":[{"href":"https:\/\/stylingagenten.com\/da\/wp-json\/wp\/v2\/product\/142251","targetHints":{"allow":["GET"]}}],"collection":[{"href":"https:\/\/stylingagenten.com\/da\/wp-json\/wp\/v2\/product"}],"about":[{"href":"https:\/\/stylingagenten.com\/da\/wp-json\/wp\/v2\/types\/product"}],"replies":[{"embeddable":true,"href":"https:\/\/stylingagenten.com\/da\/wp-json\/wp\/v2\/comments?post=142251"}],"version-history":[{"count":0,"href":"https:\/\/stylingagenten.com\/da\/wp-json\/wp\/v2\/product\/142251\/revisions"}],"wp:featuredmedia":[{"embeddable":true,"href":"https:\/\/stylingagenten.com\/da\/wp-json\/wp\/v2\/media\/142245"}],"wp:attachment":[{"href":"https:\/\/stylingagenten.com\/da\/wp-json\/wp\/v2\/media?parent=142251"}],"wp:term":[{"taxonomy":"product_brand","embeddable":true,"href":"https:\/\/stylingagenten.com\/da\/wp-json\/wp\/v2\/product_brand?post=142251"},{"taxonomy":"product_cat","embeddable":true,"href":"https:\/\/stylingagenten.com\/da\/wp-json\/wp\/v2\/product_cat?post=142251"},{"taxonomy":"product_tag","embeddable":true,"href":"https:\/\/stylingagenten.com\/da\/wp-json\/wp\/v2\/product_tag?post=142251"},{"taxonomy":"berocket_brand","embeddable":true,"href":"https:\/\/stylingagenten.com\/da\/wp-json\/wp\/v2\/berocket_brand?post=142251"}],"curies":[{"name":"wp","href":"https:\/\/api.w.org\/{rel}","templated":true}]}}