{"id":142160,"date":"2025-05-18T23:12:34","date_gmt":"2025-05-18T23:12:34","guid":{"rendered":"https:\/\/staging2.stylingagenten.com\/da\/produkt\/loreal-professionnel-curl-expression-anti-buildup-cleansing-jelly-shampoo-300ml\/"},"modified":"2026-03-11T21:50:22","modified_gmt":"2026-03-11T21:50:22","slug":"loreal-professionnel-curl-expression-anti-buildup-cleansing-jelly-shampoo-300ml","status":"publish","type":"product","link":"https:\/\/stylingagenten.com\/da\/produkt\/loreal-professionnel-curl-expression-anti-buildup-cleansing-jelly-shampoo-300ml\/","title":{"rendered":"L&#8217;Oreal Professionnel Curl Expression Anti-Buildup Cleansing Jelly Shampoo 300ml"},"content":{"rendered":"<p>L&#8217;Oreal Professionnel Curl Expression Anti-Buildup Cleansing Jelly Shampoo 300ml<br \/>Ejere af kr\u00f8llet h\u00e5r ved, hvor sv\u00e6rt det er at finde en shampoo, der hj\u00e6lper deres h\u00e5r til at se velplejet og smukt ud. L&#8217;Oreal Professionnel har reageret p\u00e5 denne udfordring ved at udvikle en rensende gel shampoo, der sk\u00e5nsomt og effektivt plejer hvert l\u00e5g. Den vasker sk\u00e5nsomt urenheder ophobet i l\u00f8bet af dagen v\u00e6k uden at for\u00e5rsage kl\u00f8e eller beskadige h\u00e5ret.<br \/>Fordele ved L&#8217;Oreal Professionnel Gel Cleansing Shampoo til kr\u00f8llet h\u00e5r:<br \/>&#8211; giver en dybdeg\u00e5ende reng\u00f8ring af h\u00e5ret, fjerner perfekt urenheder og rester af stylingprodukter ;<br \/>&#8211; indeholder vegetabilsk glycerin og urinstof, som giver langvarig hydrering, forhindrer h\u00e5r i at t\u00f8rre ud og g\u00e5 i stykker;<br \/>&#8211; takket v\u00e6re tilstedev\u00e6relsen af \u200b\u200bhibiscusfr\u00f8 m\u00e6tter det kr\u00f8ller med v\u00e6rdifulde aminosyrer og vitaminer; <br \/>&#8211; har en gelatin\u00f8s tekstur, tr\u00e6nger let ind i tr\u00e5dene og skummer hurtigt;<br \/>&#8211; har en behagelig duft med antydninger af blomster, cedertr\u00e6 og forfriskende havbrise.<\/p>\n","protected":false},"excerpt":{"rendered":"<p>L&#8217;Oreal Professionnel Curl Expression Anti-Buildup Cleansing Jelly Shampoo 300mlEjere af kr\u00f8llet h\u00e5r ved, hvor sv\u00e6rt det er at finde en shampoo, der hj\u00e6lper deres h\u00e5r til at se velplejet og smukt ud. L&#8217;Oreal Professionnel har reageret p\u00e5 denne udfordring ved at udvikle en rensende gel shampoo, der sk\u00e5nsomt og effektivt plejer hvert l\u00e5g. Den vasker [&hellip;]<\/p>\n","protected":false},"featured_media":142155,"comment_status":"open","ping_status":"closed","template":"","meta":{"_trash_the_other_posts":false},"product_brand":[],"product_cat":[563],"product_tag":[],"berocket_brand":[2000],"class_list":{"0":"post-142160","1":"product","2":"type-product","3":"status-publish","4":"has-post-thumbnail","6":"product_cat-shampoo","7":"pa_brand-loreal-paris","8":"berocket_brand-loreal-paris","10":"first","11":"instock","12":"sale","13":"taxable","14":"shipping-taxable","15":"purchasable","16":"product-type-simple"},"_links":{"self":[{"href":"https:\/\/stylingagenten.com\/da\/wp-json\/wp\/v2\/product\/142160","targetHints":{"allow":["GET"]}}],"collection":[{"href":"https:\/\/stylingagenten.com\/da\/wp-json\/wp\/v2\/product"}],"about":[{"href":"https:\/\/stylingagenten.com\/da\/wp-json\/wp\/v2\/types\/product"}],"replies":[{"embeddable":true,"href":"https:\/\/stylingagenten.com\/da\/wp-json\/wp\/v2\/comments?post=142160"}],"version-history":[{"count":0,"href":"https:\/\/stylingagenten.com\/da\/wp-json\/wp\/v2\/product\/142160\/revisions"}],"wp:featuredmedia":[{"embeddable":true,"href":"https:\/\/stylingagenten.com\/da\/wp-json\/wp\/v2\/media\/142155"}],"wp:attachment":[{"href":"https:\/\/stylingagenten.com\/da\/wp-json\/wp\/v2\/media?parent=142160"}],"wp:term":[{"taxonomy":"product_brand","embeddable":true,"href":"https:\/\/stylingagenten.com\/da\/wp-json\/wp\/v2\/product_brand?post=142160"},{"taxonomy":"product_cat","embeddable":true,"href":"https:\/\/stylingagenten.com\/da\/wp-json\/wp\/v2\/product_cat?post=142160"},{"taxonomy":"product_tag","embeddable":true,"href":"https:\/\/stylingagenten.com\/da\/wp-json\/wp\/v2\/product_tag?post=142160"},{"taxonomy":"berocket_brand","embeddable":true,"href":"https:\/\/stylingagenten.com\/da\/wp-json\/wp\/v2\/berocket_brand?post=142160"}],"curies":[{"name":"wp","href":"https:\/\/api.w.org\/{rel}","templated":true}]}}