{"id":142119,"date":"2025-05-18T23:12:27","date_gmt":"2025-05-18T23:12:27","guid":{"rendered":"https:\/\/staging2.stylingagenten.com\/da\/produkt\/american-crew-classic-anti-dandruff-dry-scalp-shampoo-250ml\/"},"modified":"2026-04-12T09:38:34","modified_gmt":"2026-04-12T09:38:34","slug":"american-crew-classic-anti-dandruff-dry-scalp-shampoo-250ml","status":"publish","type":"product","link":"https:\/\/stylingagenten.com\/da\/produkt\/american-crew-classic-anti-dandruff-dry-scalp-shampoo-250ml\/","title":{"rendered":"American Crew Classic Anti Dandruff &amp; Dry Scalp Shampoo 250ml"},"content":{"rendered":"<p>En shampoo fra American Crew, der er specielt designet til at forhindre sk\u00e6l og t\u00f8r hovedbund. Efterlader h\u00e5ret bl\u00f8dt og fugtet med en naturlig glans, samtidig med at det er b\u00e5de effektivt og sk\u00e5nsomt nok til daglig brug. <br \/>Denne kraftfulde shampoo hj\u00e6lper med at holde hovedbunden sund og ren, fri for sk\u00e6l og fjerner overskydende olier og irritanter, der ellers kan give problemer. Indeholder den aktive ingrediens Piroctone Olamin, mens produktet er helt fri for sulfater, parabener og kunstige farvestoffer.<\/p>\n","protected":false},"excerpt":{"rendered":"<p>En shampoo fra American Crew, der er specielt designet til at forhindre sk\u00e6l og t\u00f8r hovedbund. Efterlader h\u00e5ret bl\u00f8dt og fugtet med en naturlig glans, samtidig med at det er b\u00e5de effektivt og sk\u00e5nsomt nok til daglig brug. Denne kraftfulde shampoo hj\u00e6lper med at holde hovedbunden sund og ren, fri for sk\u00e6l og fjerner overskydende [&hellip;]<\/p>\n","protected":false},"featured_media":142115,"comment_status":"open","ping_status":"closed","template":"","meta":{"_trash_the_other_posts":false},"product_brand":[],"product_cat":[563],"product_tag":[],"berocket_brand":[1071],"class_list":{"0":"post-142119","1":"product","2":"type-product","3":"status-publish","4":"has-post-thumbnail","6":"product_cat-shampoo","7":"pa_brand-american-crew","8":"berocket_brand-american-crew","10":"first","11":"outofstock","12":"sale","13":"taxable","14":"shipping-taxable","15":"purchasable","16":"product-type-simple"},"_links":{"self":[{"href":"https:\/\/stylingagenten.com\/da\/wp-json\/wp\/v2\/product\/142119","targetHints":{"allow":["GET"]}}],"collection":[{"href":"https:\/\/stylingagenten.com\/da\/wp-json\/wp\/v2\/product"}],"about":[{"href":"https:\/\/stylingagenten.com\/da\/wp-json\/wp\/v2\/types\/product"}],"replies":[{"embeddable":true,"href":"https:\/\/stylingagenten.com\/da\/wp-json\/wp\/v2\/comments?post=142119"}],"version-history":[{"count":0,"href":"https:\/\/stylingagenten.com\/da\/wp-json\/wp\/v2\/product\/142119\/revisions"}],"wp:featuredmedia":[{"embeddable":true,"href":"https:\/\/stylingagenten.com\/da\/wp-json\/wp\/v2\/media\/142115"}],"wp:attachment":[{"href":"https:\/\/stylingagenten.com\/da\/wp-json\/wp\/v2\/media?parent=142119"}],"wp:term":[{"taxonomy":"product_brand","embeddable":true,"href":"https:\/\/stylingagenten.com\/da\/wp-json\/wp\/v2\/product_brand?post=142119"},{"taxonomy":"product_cat","embeddable":true,"href":"https:\/\/stylingagenten.com\/da\/wp-json\/wp\/v2\/product_cat?post=142119"},{"taxonomy":"product_tag","embeddable":true,"href":"https:\/\/stylingagenten.com\/da\/wp-json\/wp\/v2\/product_tag?post=142119"},{"taxonomy":"berocket_brand","embeddable":true,"href":"https:\/\/stylingagenten.com\/da\/wp-json\/wp\/v2\/berocket_brand?post=142119"}],"curies":[{"name":"wp","href":"https:\/\/api.w.org\/{rel}","templated":true}]}}