{"id":142096,"date":"2025-05-18T23:12:23","date_gmt":"2025-05-18T23:12:23","guid":{"rendered":"https:\/\/staging2.stylingagenten.com\/da\/produkt\/american-crew-daily-deep-moisturizing-shampoo-450ml\/"},"modified":"2026-04-11T16:18:46","modified_gmt":"2026-04-11T16:18:46","slug":"american-crew-daily-deep-moisturizing-shampoo-450ml","status":"publish","type":"product","link":"https:\/\/stylingagenten.com\/da\/produkt\/american-crew-daily-deep-moisturizing-shampoo-450ml\/","title":{"rendered":"American Crew Daily Deep Moisturizing Shampoo 450ml"},"content":{"rendered":"<p>American Crew Daily Deep Moisturizing Shampoo er en mild rensende shampoo, der kan bruges dagligt. Den tilf\u00f8rer fugt og pleje til h\u00e5ret og t\u00f8r og irriteret hovedbund. Indeholder naturlige renseekstrakter, der ikke fjerner h\u00e5ret for dets naturlige olier. Hvedeprotein og risb\u00f8nneolie giver glans, fugt og styrke, og timian og rosmarin stimulerer hovedbunden. Tilpasset til at opbygge beskadiget h\u00e5r. Silikonefri og vegansk formel.<\/p>\n","protected":false},"excerpt":{"rendered":"<p>American Crew Daily Deep Moisturizing Shampoo er en mild rensende shampoo, der kan bruges dagligt. Den tilf\u00f8rer fugt og pleje til h\u00e5ret og t\u00f8r og irriteret hovedbund. Indeholder naturlige renseekstrakter, der ikke fjerner h\u00e5ret for dets naturlige olier. Hvedeprotein og risb\u00f8nneolie giver glans, fugt og styrke, og timian og rosmarin stimulerer hovedbunden. Tilpasset til at [&hellip;]<\/p>\n","protected":false},"featured_media":142095,"comment_status":"open","ping_status":"closed","template":"","meta":{"_trash_the_other_posts":false},"product_brand":[],"product_cat":[563],"product_tag":[2366],"berocket_brand":[1071],"class_list":{"0":"post-142096","1":"product","2":"type-product","3":"status-publish","4":"has-post-thumbnail","6":"product_cat-shampoo","7":"product_tag-american-crew-daily-deep-moisturizing-shampoo","8":"pa_brand-american-crew","9":"pa_variant-450ml","10":"berocket_brand-american-crew","12":"first","13":"instock","14":"sale","15":"taxable","16":"shipping-taxable","17":"purchasable","18":"product-type-simple"},"_links":{"self":[{"href":"https:\/\/stylingagenten.com\/da\/wp-json\/wp\/v2\/product\/142096","targetHints":{"allow":["GET"]}}],"collection":[{"href":"https:\/\/stylingagenten.com\/da\/wp-json\/wp\/v2\/product"}],"about":[{"href":"https:\/\/stylingagenten.com\/da\/wp-json\/wp\/v2\/types\/product"}],"replies":[{"embeddable":true,"href":"https:\/\/stylingagenten.com\/da\/wp-json\/wp\/v2\/comments?post=142096"}],"version-history":[{"count":0,"href":"https:\/\/stylingagenten.com\/da\/wp-json\/wp\/v2\/product\/142096\/revisions"}],"wp:featuredmedia":[{"embeddable":true,"href":"https:\/\/stylingagenten.com\/da\/wp-json\/wp\/v2\/media\/142095"}],"wp:attachment":[{"href":"https:\/\/stylingagenten.com\/da\/wp-json\/wp\/v2\/media?parent=142096"}],"wp:term":[{"taxonomy":"product_brand","embeddable":true,"href":"https:\/\/stylingagenten.com\/da\/wp-json\/wp\/v2\/product_brand?post=142096"},{"taxonomy":"product_cat","embeddable":true,"href":"https:\/\/stylingagenten.com\/da\/wp-json\/wp\/v2\/product_cat?post=142096"},{"taxonomy":"product_tag","embeddable":true,"href":"https:\/\/stylingagenten.com\/da\/wp-json\/wp\/v2\/product_tag?post=142096"},{"taxonomy":"berocket_brand","embeddable":true,"href":"https:\/\/stylingagenten.com\/da\/wp-json\/wp\/v2\/berocket_brand?post=142096"}],"curies":[{"name":"wp","href":"https:\/\/api.w.org\/{rel}","templated":true}]}}