{"id":142088,"date":"2025-05-18T23:12:22","date_gmt":"2025-05-18T23:12:22","guid":{"rendered":"https:\/\/staging2.stylingagenten.com\/da\/produkt\/sachajuan-curl-shampoo-250ml\/"},"modified":"2026-03-11T21:58:14","modified_gmt":"2026-03-11T21:58:14","slug":"sachajuan-curl-shampoo-250ml","status":"publish","type":"product","link":"https:\/\/stylingagenten.com\/da\/produkt\/sachajuan-curl-shampoo-250ml\/","title":{"rendered":"SACHAJUAN Curl Shampoo 250ml"},"content":{"rendered":"<p>SACHAJUAN Curl Shampoo er en shampoo tilpasset til kr\u00f8ller. Ocean silketeknologi og hvedeprotein n\u00e6rer h\u00e5ret og opbygger styrke og glans. Masser en lille m\u00e6ngde ind i v\u00e5dt h\u00e5r. Skyl grundigt. Afslut med sachajuan kr\u00f8llebalsam.<\/p>\n<p>250ml<\/p>\n","protected":false},"excerpt":{"rendered":"<p>SACHAJUAN Curl Shampoo er en shampoo tilpasset til kr\u00f8ller. Ocean silketeknologi og hvedeprotein n\u00e6rer h\u00e5ret og opbygger styrke og glans. Masser en lille m\u00e6ngde ind i v\u00e5dt h\u00e5r. Skyl grundigt. Afslut med sachajuan kr\u00f8llebalsam. 250ml<\/p>\n","protected":false},"featured_media":142086,"comment_status":"open","ping_status":"closed","template":"","meta":{"_trash_the_other_posts":false},"product_brand":[],"product_cat":[563],"product_tag":[],"berocket_brand":[1409],"class_list":{"0":"post-142088","1":"product","2":"type-product","3":"status-publish","4":"has-post-thumbnail","6":"product_cat-shampoo","7":"pa_brand-sachajuan","8":"berocket_brand-sachajuan","10":"first","11":"instock","12":"sale","13":"taxable","14":"shipping-taxable","15":"purchasable","16":"product-type-simple"},"_links":{"self":[{"href":"https:\/\/stylingagenten.com\/da\/wp-json\/wp\/v2\/product\/142088","targetHints":{"allow":["GET"]}}],"collection":[{"href":"https:\/\/stylingagenten.com\/da\/wp-json\/wp\/v2\/product"}],"about":[{"href":"https:\/\/stylingagenten.com\/da\/wp-json\/wp\/v2\/types\/product"}],"replies":[{"embeddable":true,"href":"https:\/\/stylingagenten.com\/da\/wp-json\/wp\/v2\/comments?post=142088"}],"version-history":[{"count":0,"href":"https:\/\/stylingagenten.com\/da\/wp-json\/wp\/v2\/product\/142088\/revisions"}],"wp:featuredmedia":[{"embeddable":true,"href":"https:\/\/stylingagenten.com\/da\/wp-json\/wp\/v2\/media\/142086"}],"wp:attachment":[{"href":"https:\/\/stylingagenten.com\/da\/wp-json\/wp\/v2\/media?parent=142088"}],"wp:term":[{"taxonomy":"product_brand","embeddable":true,"href":"https:\/\/stylingagenten.com\/da\/wp-json\/wp\/v2\/product_brand?post=142088"},{"taxonomy":"product_cat","embeddable":true,"href":"https:\/\/stylingagenten.com\/da\/wp-json\/wp\/v2\/product_cat?post=142088"},{"taxonomy":"product_tag","embeddable":true,"href":"https:\/\/stylingagenten.com\/da\/wp-json\/wp\/v2\/product_tag?post=142088"},{"taxonomy":"berocket_brand","embeddable":true,"href":"https:\/\/stylingagenten.com\/da\/wp-json\/wp\/v2\/berocket_brand?post=142088"}],"curies":[{"name":"wp","href":"https:\/\/api.w.org\/{rel}","templated":true}]}}