{"id":142074,"date":"2025-05-18T23:12:19","date_gmt":"2025-05-18T23:12:19","guid":{"rendered":"https:\/\/staging2.stylingagenten.com\/da\/produkt\/sachajuan-intensive-repair-shampoo-250ml\/"},"modified":"2026-03-11T21:59:41","modified_gmt":"2026-03-11T21:59:41","slug":"sachajuan-intensive-repair-shampoo-250ml","status":"publish","type":"product","link":"https:\/\/stylingagenten.com\/da\/produkt\/sachajuan-intensive-repair-shampoo-250ml\/","title":{"rendered":"SACHAJUAN Intensive Repair Shampoo 250ml"},"content":{"rendered":"<p>SACHAJUAN Intensive Repair Shampoo er til dig med slidt, stresset og behandlet h\u00e5r. Produkterne er intensivt n\u00e6rende og hj\u00e6lper med at genopbygge h\u00e5ret. Intensive Repair er baseret p\u00e5 en meget h\u00f8j koncentration af Ocean Silk Technology og indeholder desuden egenskaber fra UV-filterteknologi, der beskytter mod solen.<\/p>\n<p>250ml<\/p>\n","protected":false},"excerpt":{"rendered":"<p>SACHAJUAN Intensive Repair Shampoo er til dig med slidt, stresset og behandlet h\u00e5r. Produkterne er intensivt n\u00e6rende og hj\u00e6lper med at genopbygge h\u00e5ret. Intensive Repair er baseret p\u00e5 en meget h\u00f8j koncentration af Ocean Silk Technology og indeholder desuden egenskaber fra UV-filterteknologi, der beskytter mod solen. 250ml<\/p>\n","protected":false},"featured_media":142073,"comment_status":"open","ping_status":"closed","template":"","meta":{"_trash_the_other_posts":false},"product_brand":[],"product_cat":[563],"product_tag":[],"berocket_brand":[1409],"class_list":{"0":"post-142074","1":"product","2":"type-product","3":"status-publish","4":"has-post-thumbnail","6":"product_cat-shampoo","7":"pa_brand-sachajuan","8":"berocket_brand-sachajuan","10":"first","11":"instock","12":"sale","13":"taxable","14":"shipping-taxable","15":"purchasable","16":"product-type-simple"},"_links":{"self":[{"href":"https:\/\/stylingagenten.com\/da\/wp-json\/wp\/v2\/product\/142074","targetHints":{"allow":["GET"]}}],"collection":[{"href":"https:\/\/stylingagenten.com\/da\/wp-json\/wp\/v2\/product"}],"about":[{"href":"https:\/\/stylingagenten.com\/da\/wp-json\/wp\/v2\/types\/product"}],"replies":[{"embeddable":true,"href":"https:\/\/stylingagenten.com\/da\/wp-json\/wp\/v2\/comments?post=142074"}],"version-history":[{"count":0,"href":"https:\/\/stylingagenten.com\/da\/wp-json\/wp\/v2\/product\/142074\/revisions"}],"wp:featuredmedia":[{"embeddable":true,"href":"https:\/\/stylingagenten.com\/da\/wp-json\/wp\/v2\/media\/142073"}],"wp:attachment":[{"href":"https:\/\/stylingagenten.com\/da\/wp-json\/wp\/v2\/media?parent=142074"}],"wp:term":[{"taxonomy":"product_brand","embeddable":true,"href":"https:\/\/stylingagenten.com\/da\/wp-json\/wp\/v2\/product_brand?post=142074"},{"taxonomy":"product_cat","embeddable":true,"href":"https:\/\/stylingagenten.com\/da\/wp-json\/wp\/v2\/product_cat?post=142074"},{"taxonomy":"product_tag","embeddable":true,"href":"https:\/\/stylingagenten.com\/da\/wp-json\/wp\/v2\/product_tag?post=142074"},{"taxonomy":"berocket_brand","embeddable":true,"href":"https:\/\/stylingagenten.com\/da\/wp-json\/wp\/v2\/berocket_brand?post=142074"}],"curies":[{"name":"wp","href":"https:\/\/api.w.org\/{rel}","templated":true}]}}