{"id":142067,"date":"2025-05-18T23:12:19","date_gmt":"2025-05-18T23:12:19","guid":{"rendered":"https:\/\/staging2.stylingagenten.com\/da\/produkt\/sachajuan-ocean-mist-volume-shampoo-990ml\/"},"modified":"2026-03-11T22:04:26","modified_gmt":"2026-03-11T22:04:26","slug":"sachajuan-ocean-mist-volume-shampoo-990ml","status":"publish","type":"product","link":"https:\/\/stylingagenten.com\/da\/produkt\/sachajuan-ocean-mist-volume-shampoo-990ml\/","title":{"rendered":"SACHAJUAN Ocean Mist Volume Shampoo 990ml"},"content":{"rendered":"<p>SACHAJUAN Ocean Mist Volume Shampoo er en dybt formuleret shampoo, der har til form\u00e5l at styrke livl\u00f8st h\u00e5r.<\/p>\n<p>Tilpasset fra det bedst s\u00e6lgende h\u00e5rstylingprodukt Ocean Mist, giver Ocean Mist Volume Shampoo h\u00e5ret den ekstra \u00f8nskede volumen, samtidig med at den opn\u00e5r en blank, frisk finish. Perfekt til alle h\u00e5rtyper og -l\u00e6ngder, Ocean Mist Volume Shampoo er s\u00e6rlig effektiv p\u00e5 fint h\u00e5r, der tr\u00e6nger til et l\u00f8ft.<\/p>\n<p>990ml<\/p>\n","protected":false},"excerpt":{"rendered":"<p>SACHAJUAN Ocean Mist Volume Shampoo er en dybt formuleret shampoo, der har til form\u00e5l at styrke livl\u00f8st h\u00e5r. Tilpasset fra det bedst s\u00e6lgende h\u00e5rstylingprodukt Ocean Mist, giver Ocean Mist Volume Shampoo h\u00e5ret den ekstra \u00f8nskede volumen, samtidig med at den opn\u00e5r en blank, frisk finish. Perfekt til alle h\u00e5rtyper og -l\u00e6ngder, Ocean Mist Volume Shampoo [&hellip;]<\/p>\n","protected":false},"featured_media":142064,"comment_status":"open","ping_status":"closed","template":"","meta":{"_trash_the_other_posts":false},"product_brand":[],"product_cat":[1003,563],"product_tag":[3958],"berocket_brand":[1409],"class_list":{"0":"post-142067","1":"product","2":"type-product","3":"status-publish","4":"has-post-thumbnail","6":"product_cat-bestsellere","7":"product_cat-shampoo","8":"product_tag-sachajuan-ocean-mist-volume-shampoo","9":"pa_brand-sachajuan","10":"pa_variant-990ml","11":"berocket_brand-sachajuan","13":"first","14":"outofstock","15":"sale","16":"taxable","17":"shipping-taxable","18":"purchasable","19":"product-type-simple"},"_links":{"self":[{"href":"https:\/\/stylingagenten.com\/da\/wp-json\/wp\/v2\/product\/142067","targetHints":{"allow":["GET"]}}],"collection":[{"href":"https:\/\/stylingagenten.com\/da\/wp-json\/wp\/v2\/product"}],"about":[{"href":"https:\/\/stylingagenten.com\/da\/wp-json\/wp\/v2\/types\/product"}],"replies":[{"embeddable":true,"href":"https:\/\/stylingagenten.com\/da\/wp-json\/wp\/v2\/comments?post=142067"}],"version-history":[{"count":0,"href":"https:\/\/stylingagenten.com\/da\/wp-json\/wp\/v2\/product\/142067\/revisions"}],"wp:featuredmedia":[{"embeddable":true,"href":"https:\/\/stylingagenten.com\/da\/wp-json\/wp\/v2\/media\/142064"}],"wp:attachment":[{"href":"https:\/\/stylingagenten.com\/da\/wp-json\/wp\/v2\/media?parent=142067"}],"wp:term":[{"taxonomy":"product_brand","embeddable":true,"href":"https:\/\/stylingagenten.com\/da\/wp-json\/wp\/v2\/product_brand?post=142067"},{"taxonomy":"product_cat","embeddable":true,"href":"https:\/\/stylingagenten.com\/da\/wp-json\/wp\/v2\/product_cat?post=142067"},{"taxonomy":"product_tag","embeddable":true,"href":"https:\/\/stylingagenten.com\/da\/wp-json\/wp\/v2\/product_tag?post=142067"},{"taxonomy":"berocket_brand","embeddable":true,"href":"https:\/\/stylingagenten.com\/da\/wp-json\/wp\/v2\/berocket_brand?post=142067"}],"curies":[{"name":"wp","href":"https:\/\/api.w.org\/{rel}","templated":true}]}}