{"id":142050,"date":"2025-05-18T23:12:15","date_gmt":"2025-05-18T23:12:15","guid":{"rendered":"https:\/\/staging2.stylingagenten.com\/da\/produkt\/paul-mitchell-platinum-plus-shampoo-300ml\/"},"modified":"2026-04-08T15:28:49","modified_gmt":"2026-04-08T15:28:49","slug":"paul-mitchell-platinum-plus-shampoo-300ml","status":"publish","type":"product","link":"https:\/\/stylingagenten.com\/da\/produkt\/paul-mitchell-platinum-plus-shampoo-300ml\/","title":{"rendered":"Paul Mitchell Platinum Plus Shampoo 300ml"},"content":{"rendered":"<p>Paul Mitchell Platinum Plus Shampoo giver en dyb violet tone til mellem- til m\u00f8rkblondt og kr\u00f8llet h\u00e5r.<br \/>Til mellem- til m\u00f8rkeblondt og kr\u00f8llet h\u00e5r.<br \/>\u2022H\u00f8jkoncentreret pigmenteret violet shampoo, der hurtigt giver et resultat til at korrigere gule toner. <br \/> \u2022Indeholder en kombination af avocado, Yangu, Camellia og Abyssinian olie for at give glans. H\u00e5ret f\u00f8les bl\u00f8dt, fugtet og f\u00e5r en herlig glans.<\/p>\n<p>300ml<\/p>\n","protected":false},"excerpt":{"rendered":"<p>Paul Mitchell Platinum Plus Shampoo giver en dyb violet tone til mellem- til m\u00f8rkblondt og kr\u00f8llet h\u00e5r.Til mellem- til m\u00f8rkeblondt og kr\u00f8llet h\u00e5r.\u2022H\u00f8jkoncentreret pigmenteret violet shampoo, der hurtigt giver et resultat til at korrigere gule toner. \u2022Indeholder en kombination af avocado, Yangu, Camellia og Abyssinian olie for at give glans. H\u00e5ret f\u00f8les bl\u00f8dt, fugtet og [&hellip;]<\/p>\n","protected":false},"featured_media":142027,"comment_status":"open","ping_status":"closed","template":"","meta":{"_trash_the_other_posts":false},"product_brand":[],"product_cat":[563],"product_tag":[3791],"berocket_brand":[1053],"class_list":{"0":"post-142050","1":"product","2":"type-product","3":"status-publish","4":"has-post-thumbnail","6":"product_cat-shampoo","7":"product_tag-paul-mitchell-platinum-plus-shampoo","8":"pa_brand-paul-mitchell","9":"pa_variant-300ml","10":"berocket_brand-paul-mitchell","12":"first","13":"outofstock","14":"sale","15":"taxable","16":"shipping-taxable","17":"purchasable","18":"product-type-simple"},"_links":{"self":[{"href":"https:\/\/stylingagenten.com\/da\/wp-json\/wp\/v2\/product\/142050","targetHints":{"allow":["GET"]}}],"collection":[{"href":"https:\/\/stylingagenten.com\/da\/wp-json\/wp\/v2\/product"}],"about":[{"href":"https:\/\/stylingagenten.com\/da\/wp-json\/wp\/v2\/types\/product"}],"replies":[{"embeddable":true,"href":"https:\/\/stylingagenten.com\/da\/wp-json\/wp\/v2\/comments?post=142050"}],"version-history":[{"count":0,"href":"https:\/\/stylingagenten.com\/da\/wp-json\/wp\/v2\/product\/142050\/revisions"}],"wp:featuredmedia":[{"embeddable":true,"href":"https:\/\/stylingagenten.com\/da\/wp-json\/wp\/v2\/media\/142027"}],"wp:attachment":[{"href":"https:\/\/stylingagenten.com\/da\/wp-json\/wp\/v2\/media?parent=142050"}],"wp:term":[{"taxonomy":"product_brand","embeddable":true,"href":"https:\/\/stylingagenten.com\/da\/wp-json\/wp\/v2\/product_brand?post=142050"},{"taxonomy":"product_cat","embeddable":true,"href":"https:\/\/stylingagenten.com\/da\/wp-json\/wp\/v2\/product_cat?post=142050"},{"taxonomy":"product_tag","embeddable":true,"href":"https:\/\/stylingagenten.com\/da\/wp-json\/wp\/v2\/product_tag?post=142050"},{"taxonomy":"berocket_brand","embeddable":true,"href":"https:\/\/stylingagenten.com\/da\/wp-json\/wp\/v2\/berocket_brand?post=142050"}],"curies":[{"name":"wp","href":"https:\/\/api.w.org\/{rel}","templated":true}]}}