{"id":141959,"date":"2025-05-18T23:12:04","date_gmt":"2025-05-18T23:12:04","guid":{"rendered":"https:\/\/staging2.stylingagenten.com\/da\/produkt\/paul-mitchell-awapuhi-wild-ginger-hydrasoft-shampoo-1000ml\/"},"modified":"2026-04-08T15:30:19","modified_gmt":"2026-04-08T15:30:19","slug":"paul-mitchell-awapuhi-wild-ginger-hydrasoft-shampoo-1000ml","status":"publish","type":"product","link":"https:\/\/stylingagenten.com\/da\/produkt\/paul-mitchell-awapuhi-wild-ginger-hydrasoft-shampoo-1000ml\/","title":{"rendered":"Paul Mitchell Awapuhi Wild Ginger HydraSoft Shampoo 1000ml"},"content":{"rendered":"<p>Oplev luksusen af velplejet h\u00e5r med Paul Mitchell Awapuhi Wild Ginger HydraSoft Shampoo. Denne shampoo er din l\u00f8sning til at genoprette dit h\u00e5rs naturlige sk\u00f8nhed og sundhed. HydraSoft Shampoo g\u00e5r ud over simpel reng\u00f8ring \u2013 det plejer og fylder h\u00e5ret op samtidig med, at det tilf\u00f8rer optimal fugt uden at tynge h\u00e5ret!<\/p>\n<p>Takket v\u00e6re den innovative HydraTriplex\u2122-blanding, best\u00e5ende af aminosyrer, vegetabilsk protein og n\u00e6rende olier, bliver dit h\u00e5r dybt hydreret, mens fugt bindes og forsegles for langvarig effekt. Denne unikke kombination af ingredienser arbejder harmonisk for at styrke og beskytte hvert h\u00e5rstr\u00e5.<\/p>\n<p>Beriget med hyaluronsyre, vegansk kollagen og planteekstrakter giver HydraSoft Shampoo overlegen fugt uden at tynge h\u00e5ret. Dit h\u00e5r vil f\u00f8les silkebl\u00f8dt og f\u00e5 en naturlig glans!<\/p>\n<p>1000ml<\/p>\n","protected":false},"excerpt":{"rendered":"<p>Oplev luksusen af velplejet h\u00e5r med Paul Mitchell Awapuhi Wild Ginger HydraSoft Shampoo. Denne shampoo er din l\u00f8sning til at genoprette dit h\u00e5rs naturlige sk\u00f8nhed og sundhed. HydraSoft Shampoo g\u00e5r ud over simpel reng\u00f8ring \u2013 det plejer og fylder h\u00e5ret op samtidig med, at det tilf\u00f8rer optimal fugt uden at tynge h\u00e5ret! Takket v\u00e6re den [&hellip;]<\/p>\n","protected":false},"featured_media":141919,"comment_status":"open","ping_status":"closed","template":"","meta":{"_trash_the_other_posts":false},"product_brand":[],"product_cat":[563],"product_tag":[3752],"berocket_brand":[1053],"class_list":{"0":"post-141959","1":"product","2":"type-product","3":"status-publish","4":"has-post-thumbnail","6":"product_cat-shampoo","7":"product_tag-paul-mitchell-awapuhi-wild-ginger-hydrasoft-shampoo","8":"pa_brand-paul-mitchell","9":"pa_variant-1000ml","10":"berocket_brand-paul-mitchell","12":"first","13":"outofstock","14":"sale","15":"taxable","16":"shipping-taxable","17":"purchasable","18":"product-type-simple"},"_links":{"self":[{"href":"https:\/\/stylingagenten.com\/da\/wp-json\/wp\/v2\/product\/141959","targetHints":{"allow":["GET"]}}],"collection":[{"href":"https:\/\/stylingagenten.com\/da\/wp-json\/wp\/v2\/product"}],"about":[{"href":"https:\/\/stylingagenten.com\/da\/wp-json\/wp\/v2\/types\/product"}],"replies":[{"embeddable":true,"href":"https:\/\/stylingagenten.com\/da\/wp-json\/wp\/v2\/comments?post=141959"}],"version-history":[{"count":0,"href":"https:\/\/stylingagenten.com\/da\/wp-json\/wp\/v2\/product\/141959\/revisions"}],"wp:featuredmedia":[{"embeddable":true,"href":"https:\/\/stylingagenten.com\/da\/wp-json\/wp\/v2\/media\/141919"}],"wp:attachment":[{"href":"https:\/\/stylingagenten.com\/da\/wp-json\/wp\/v2\/media?parent=141959"}],"wp:term":[{"taxonomy":"product_brand","embeddable":true,"href":"https:\/\/stylingagenten.com\/da\/wp-json\/wp\/v2\/product_brand?post=141959"},{"taxonomy":"product_cat","embeddable":true,"href":"https:\/\/stylingagenten.com\/da\/wp-json\/wp\/v2\/product_cat?post=141959"},{"taxonomy":"product_tag","embeddable":true,"href":"https:\/\/stylingagenten.com\/da\/wp-json\/wp\/v2\/product_tag?post=141959"},{"taxonomy":"berocket_brand","embeddable":true,"href":"https:\/\/stylingagenten.com\/da\/wp-json\/wp\/v2\/berocket_brand?post=141959"}],"curies":[{"name":"wp","href":"https:\/\/api.w.org\/{rel}","templated":true}]}}