{"id":141955,"date":"2025-05-18T23:12:04","date_gmt":"2025-05-18T23:12:04","guid":{"rendered":"https:\/\/staging2.stylingagenten.com\/da\/produkt\/american-crew-daily-cleansing-shampoo-1000ml\/"},"modified":"2026-04-13T16:48:40","modified_gmt":"2026-04-13T16:48:40","slug":"american-crew-daily-cleansing-shampoo-1000ml","status":"publish","type":"product","link":"https:\/\/stylingagenten.com\/da\/produkt\/american-crew-daily-cleansing-shampoo-1000ml\/","title":{"rendered":"American Crew Daily Cleansing Shampoo 1000ml"},"content":{"rendered":"<p>Beriget med Vitamin B5 for ekstra fugt, er American Crew Daily Cleansing Shampoo en silikonefri shampoo perfekt til din daglige h\u00e5rplejerutine. Den ikke-udt\u00f8rrende veganske formel fjerner effektivt overskydende olie, hvilket g\u00f8r dit h\u00e5r mere h\u00e5ndterbart, sundt og bl\u00f8dt. Infunderet med American Crews signaturduft Citrus Mint, giver den en frisk og opl\u00f8ftende f\u00f8lelse. Denne shampoo er optimeret til m\u00e6nd med normalt til fedtet h\u00e5r og hovedbund, og giver dig en renere, friskere og mere h\u00e5ndterbar frisure hver dag.<\/p>\n<p>1000ml<\/p>\n","protected":false},"excerpt":{"rendered":"<p>Beriget med Vitamin B5 for ekstra fugt, er American Crew Daily Cleansing Shampoo en silikonefri shampoo perfekt til din daglige h\u00e5rplejerutine. Den ikke-udt\u00f8rrende veganske formel fjerner effektivt overskydende olie, hvilket g\u00f8r dit h\u00e5r mere h\u00e5ndterbart, sundt og bl\u00f8dt. Infunderet med American Crews signaturduft Citrus Mint, giver den en frisk og opl\u00f8ftende f\u00f8lelse. Denne shampoo er [&hellip;]<\/p>\n","protected":false},"featured_media":141939,"comment_status":"open","ping_status":"closed","template":"","meta":{"_trash_the_other_posts":false},"product_brand":[],"product_cat":[563],"product_tag":[2365],"berocket_brand":[1071],"class_list":{"0":"post-141955","1":"product","2":"type-product","3":"status-publish","4":"has-post-thumbnail","6":"product_cat-shampoo","7":"product_tag-american-crew-daily-cleansing-shampoo","8":"pa_brand-american-crew","9":"pa_variant-1000ml","10":"berocket_brand-american-crew","12":"first","13":"instock","14":"sale","15":"taxable","16":"shipping-taxable","17":"purchasable","18":"product-type-simple"},"_links":{"self":[{"href":"https:\/\/stylingagenten.com\/da\/wp-json\/wp\/v2\/product\/141955","targetHints":{"allow":["GET"]}}],"collection":[{"href":"https:\/\/stylingagenten.com\/da\/wp-json\/wp\/v2\/product"}],"about":[{"href":"https:\/\/stylingagenten.com\/da\/wp-json\/wp\/v2\/types\/product"}],"replies":[{"embeddable":true,"href":"https:\/\/stylingagenten.com\/da\/wp-json\/wp\/v2\/comments?post=141955"}],"version-history":[{"count":0,"href":"https:\/\/stylingagenten.com\/da\/wp-json\/wp\/v2\/product\/141955\/revisions"}],"wp:featuredmedia":[{"embeddable":true,"href":"https:\/\/stylingagenten.com\/da\/wp-json\/wp\/v2\/media\/141939"}],"wp:attachment":[{"href":"https:\/\/stylingagenten.com\/da\/wp-json\/wp\/v2\/media?parent=141955"}],"wp:term":[{"taxonomy":"product_brand","embeddable":true,"href":"https:\/\/stylingagenten.com\/da\/wp-json\/wp\/v2\/product_brand?post=141955"},{"taxonomy":"product_cat","embeddable":true,"href":"https:\/\/stylingagenten.com\/da\/wp-json\/wp\/v2\/product_cat?post=141955"},{"taxonomy":"product_tag","embeddable":true,"href":"https:\/\/stylingagenten.com\/da\/wp-json\/wp\/v2\/product_tag?post=141955"},{"taxonomy":"berocket_brand","embeddable":true,"href":"https:\/\/stylingagenten.com\/da\/wp-json\/wp\/v2\/berocket_brand?post=141955"}],"curies":[{"name":"wp","href":"https:\/\/api.w.org\/{rel}","templated":true}]}}