{"id":141914,"date":"2025-05-18T23:11:59","date_gmt":"2025-05-18T23:11:59","guid":{"rendered":"https:\/\/staging2.stylingagenten.com\/da\/produkt\/bjork-rena-purify-shampoo-300ml\/"},"modified":"2026-03-16T08:53:32","modified_gmt":"2026-03-16T08:53:32","slug":"bjork-rena-purify-shampoo-300ml","status":"publish","type":"product","link":"https:\/\/stylingagenten.com\/da\/produkt\/bjork-rena-purify-shampoo-300ml\/","title":{"rendered":"Bj\u00f6rk RENA Purify Shampoo 300ml"},"content":{"rendered":"<p>Bj\u00f6rk RENA Purify Shampoo er en mild dybderensende shampoo til alle h\u00e5rtyper. Den fjerner effektivt produktrester og genopretter balancen i hovedbunden. Den beroligende formel med lime og gr\u00f8n te reducerer overskydende talg og lindrer hovedbundsproblemer. Den reducerer kl\u00f8e og irritation, forhindrer sk\u00e6l og giver h\u00e5ret en frisk f\u00f8lelse.<\/p>\n<p>300 ml<\/p>\n","protected":false},"excerpt":{"rendered":"<p>Bj\u00f6rk RENA Purify Shampoo er en mild dybderensende shampoo til alle h\u00e5rtyper. Den fjerner effektivt produktrester og genopretter balancen i hovedbunden. Den beroligende formel med lime og gr\u00f8n te reducerer overskydende talg og lindrer hovedbundsproblemer. Den reducerer kl\u00f8e og irritation, forhindrer sk\u00e6l og giver h\u00e5ret en frisk f\u00f8lelse. 300 ml<\/p>\n","protected":false},"featured_media":141912,"comment_status":"open","ping_status":"closed","template":"","meta":{"_trash_the_other_posts":false},"product_brand":[],"product_cat":[563],"product_tag":[2570],"berocket_brand":[1418],"class_list":{"0":"post-141914","1":"product","2":"type-product","3":"status-publish","4":"has-post-thumbnail","6":"product_cat-shampoo","7":"product_tag-bjork-rena-purify-shampoo","8":"pa_brand-bjork","9":"pa_variant-300ml","10":"berocket_brand-bjork","12":"first","13":"instock","14":"sale","15":"taxable","16":"shipping-taxable","17":"purchasable","18":"product-type-simple"},"_links":{"self":[{"href":"https:\/\/stylingagenten.com\/da\/wp-json\/wp\/v2\/product\/141914","targetHints":{"allow":["GET"]}}],"collection":[{"href":"https:\/\/stylingagenten.com\/da\/wp-json\/wp\/v2\/product"}],"about":[{"href":"https:\/\/stylingagenten.com\/da\/wp-json\/wp\/v2\/types\/product"}],"replies":[{"embeddable":true,"href":"https:\/\/stylingagenten.com\/da\/wp-json\/wp\/v2\/comments?post=141914"}],"version-history":[{"count":0,"href":"https:\/\/stylingagenten.com\/da\/wp-json\/wp\/v2\/product\/141914\/revisions"}],"wp:featuredmedia":[{"embeddable":true,"href":"https:\/\/stylingagenten.com\/da\/wp-json\/wp\/v2\/media\/141912"}],"wp:attachment":[{"href":"https:\/\/stylingagenten.com\/da\/wp-json\/wp\/v2\/media?parent=141914"}],"wp:term":[{"taxonomy":"product_brand","embeddable":true,"href":"https:\/\/stylingagenten.com\/da\/wp-json\/wp\/v2\/product_brand?post=141914"},{"taxonomy":"product_cat","embeddable":true,"href":"https:\/\/stylingagenten.com\/da\/wp-json\/wp\/v2\/product_cat?post=141914"},{"taxonomy":"product_tag","embeddable":true,"href":"https:\/\/stylingagenten.com\/da\/wp-json\/wp\/v2\/product_tag?post=141914"},{"taxonomy":"berocket_brand","embeddable":true,"href":"https:\/\/stylingagenten.com\/da\/wp-json\/wp\/v2\/berocket_brand?post=141914"}],"curies":[{"name":"wp","href":"https:\/\/api.w.org\/{rel}","templated":true}]}}