{"id":141913,"date":"2025-05-18T23:11:59","date_gmt":"2025-05-18T23:11:59","guid":{"rendered":"https:\/\/staging2.stylingagenten.com\/da\/produkt\/bjork-hojd-volume-shampoo-300ml\/"},"modified":"2026-03-16T09:30:53","modified_gmt":"2026-03-16T09:30:53","slug":"bjork-hojd-volume-shampoo-300ml","status":"publish","type":"product","link":"https:\/\/stylingagenten.com\/da\/produkt\/bjork-hojd-volume-shampoo-300ml\/","title":{"rendered":"Bj\u00f6rk H\u00d6JD Volume Shampoo 300ml"},"content":{"rendered":"<p>Bj\u00f6rk H\u00d6JD Volume Shampoo er en volumin\u00f8s shampoo til tyndt, fint og livl\u00f8st h\u00e5r. Med en formel af vitamin B5 og birkeekstrakt, der giver volumen, fylde, elasticitet, styrker h\u00e5rets struktur og har en beroligende effekt p\u00e5 hovedbunden.<\/p>\n<p>Duft: Luksuri\u00f8s, blomsterduft med hint af passionsfrugt og \u00e6ble.<\/p>\n<p>300 ml<\/p>\n","protected":false},"excerpt":{"rendered":"<p>Bj\u00f6rk H\u00d6JD Volume Shampoo er en volumin\u00f8s shampoo til tyndt, fint og livl\u00f8st h\u00e5r. Med en formel af vitamin B5 og birkeekstrakt, der giver volumen, fylde, elasticitet, styrker h\u00e5rets struktur og har en beroligende effekt p\u00e5 hovedbunden. Duft: Luksuri\u00f8s, blomsterduft med hint af passionsfrugt og \u00e6ble. 300 ml<\/p>\n","protected":false},"featured_media":141911,"comment_status":"open","ping_status":"closed","template":"","meta":{"_trash_the_other_posts":false},"product_brand":[],"product_cat":[563],"product_tag":[2566],"berocket_brand":[1418],"class_list":{"0":"post-141913","1":"product","2":"type-product","3":"status-publish","4":"has-post-thumbnail","6":"product_cat-shampoo","7":"product_tag-bjork-hojd-volume-shampoo","8":"pa_brand-bjork","9":"pa_variant-300ml","10":"berocket_brand-bjork","12":"first","13":"instock","14":"sale","15":"taxable","16":"shipping-taxable","17":"purchasable","18":"product-type-simple"},"_links":{"self":[{"href":"https:\/\/stylingagenten.com\/da\/wp-json\/wp\/v2\/product\/141913","targetHints":{"allow":["GET"]}}],"collection":[{"href":"https:\/\/stylingagenten.com\/da\/wp-json\/wp\/v2\/product"}],"about":[{"href":"https:\/\/stylingagenten.com\/da\/wp-json\/wp\/v2\/types\/product"}],"replies":[{"embeddable":true,"href":"https:\/\/stylingagenten.com\/da\/wp-json\/wp\/v2\/comments?post=141913"}],"version-history":[{"count":0,"href":"https:\/\/stylingagenten.com\/da\/wp-json\/wp\/v2\/product\/141913\/revisions"}],"wp:featuredmedia":[{"embeddable":true,"href":"https:\/\/stylingagenten.com\/da\/wp-json\/wp\/v2\/media\/141911"}],"wp:attachment":[{"href":"https:\/\/stylingagenten.com\/da\/wp-json\/wp\/v2\/media?parent=141913"}],"wp:term":[{"taxonomy":"product_brand","embeddable":true,"href":"https:\/\/stylingagenten.com\/da\/wp-json\/wp\/v2\/product_brand?post=141913"},{"taxonomy":"product_cat","embeddable":true,"href":"https:\/\/stylingagenten.com\/da\/wp-json\/wp\/v2\/product_cat?post=141913"},{"taxonomy":"product_tag","embeddable":true,"href":"https:\/\/stylingagenten.com\/da\/wp-json\/wp\/v2\/product_tag?post=141913"},{"taxonomy":"berocket_brand","embeddable":true,"href":"https:\/\/stylingagenten.com\/da\/wp-json\/wp\/v2\/berocket_brand?post=141913"}],"curies":[{"name":"wp","href":"https:\/\/api.w.org\/{rel}","templated":true}]}}