{"id":141910,"date":"2025-05-18T23:11:58","date_gmt":"2025-05-18T23:11:58","guid":{"rendered":"https:\/\/staging2.stylingagenten.com\/da\/produkt\/olaplex-no-4p-blonde-enhancer-toning-shampoo-1000ml\/"},"modified":"2026-04-08T15:30:20","modified_gmt":"2026-04-08T15:30:20","slug":"olaplex-no-4p-blonde-enhancer-toning-shampoo-1000ml","status":"publish","type":"product","link":"https:\/\/stylingagenten.com\/da\/produkt\/olaplex-no-4p-blonde-enhancer-toning-shampoo-1000ml\/","title":{"rendered":"Olaplex No.4P Blonde Enhancer Toning Shampoo 1000ml"},"content":{"rendered":"<p>OLAPLEX No. 4P Blonde Enhancer Toning Shampoo renser, toner og reparerer samtidig med at det holder h\u00e5ret fugtet fra rod til spids. Denne h\u00f8jkoncentrerede, sulfatfrie shampoo danner et rigt skum for at neutralisere gyldne toner og \u00f8ge lysstyrken efter blot \u00e9n anvendelse.<\/p>\n<p>Fordele:<\/p>\n<p>Styrker, fugter og neutraliserer gule toner<br \/>\n<br \/>Velegnet til alle blonde, lysnede og gr\u00e5 h\u00e5r<br \/>\n<br \/>Indeholder OLAPLEXs patenterede bindingsteknologi, der genopbygger \u00f8delagte og sv\u00e6kkede bindinger<br \/>\n<br \/>For alle h\u00e5rtyper<br \/>\n<br \/>pH Balanseret<br \/>\n<br \/>Cruelty Free<br \/>\n<br \/>Kliniske resultater:<\/p>\n<p>Videnskabeligt bevist: 3x lysere sammenlignet med tops\u00e6lgende s\u00f8lvshampooer<br \/>\n<br \/>1000ml<\/p>\n","protected":false},"excerpt":{"rendered":"<p>OLAPLEX No. 4P Blonde Enhancer Toning Shampoo renser, toner og reparerer samtidig med at det holder h\u00e5ret fugtet fra rod til spids. Denne h\u00f8jkoncentrerede, sulfatfrie shampoo danner et rigt skum for at neutralisere gyldne toner og \u00f8ge lysstyrken efter blot \u00e9n anvendelse. Fordele: Styrker, fugter og neutraliserer gule toner Velegnet til alle blonde, lysnede og [&hellip;]<\/p>\n","protected":false},"featured_media":141902,"comment_status":"open","ping_status":"closed","template":"","meta":{"_trash_the_other_posts":false},"product_brand":[],"product_cat":[563],"product_tag":[3722],"berocket_brand":[1023],"class_list":{"0":"post-141910","1":"product","2":"type-product","3":"status-publish","4":"has-post-thumbnail","6":"product_cat-shampoo","7":"product_tag-olaplex-no-4p-blonde-enhancer-toning-shampoo","8":"pa_brand-olaplex","9":"pa_variant-1000ml","10":"berocket_brand-olaplex","12":"first","13":"instock","14":"sale","15":"taxable","16":"shipping-taxable","17":"purchasable","18":"product-type-simple"},"_links":{"self":[{"href":"https:\/\/stylingagenten.com\/da\/wp-json\/wp\/v2\/product\/141910","targetHints":{"allow":["GET"]}}],"collection":[{"href":"https:\/\/stylingagenten.com\/da\/wp-json\/wp\/v2\/product"}],"about":[{"href":"https:\/\/stylingagenten.com\/da\/wp-json\/wp\/v2\/types\/product"}],"replies":[{"embeddable":true,"href":"https:\/\/stylingagenten.com\/da\/wp-json\/wp\/v2\/comments?post=141910"}],"version-history":[{"count":0,"href":"https:\/\/stylingagenten.com\/da\/wp-json\/wp\/v2\/product\/141910\/revisions"}],"wp:featuredmedia":[{"embeddable":true,"href":"https:\/\/stylingagenten.com\/da\/wp-json\/wp\/v2\/media\/141902"}],"wp:attachment":[{"href":"https:\/\/stylingagenten.com\/da\/wp-json\/wp\/v2\/media?parent=141910"}],"wp:term":[{"taxonomy":"product_brand","embeddable":true,"href":"https:\/\/stylingagenten.com\/da\/wp-json\/wp\/v2\/product_brand?post=141910"},{"taxonomy":"product_cat","embeddable":true,"href":"https:\/\/stylingagenten.com\/da\/wp-json\/wp\/v2\/product_cat?post=141910"},{"taxonomy":"product_tag","embeddable":true,"href":"https:\/\/stylingagenten.com\/da\/wp-json\/wp\/v2\/product_tag?post=141910"},{"taxonomy":"berocket_brand","embeddable":true,"href":"https:\/\/stylingagenten.com\/da\/wp-json\/wp\/v2\/berocket_brand?post=141910"}],"curies":[{"name":"wp","href":"https:\/\/api.w.org\/{rel}","templated":true}]}}