{"id":141909,"date":"2025-05-18T23:11:58","date_gmt":"2025-05-18T23:11:58","guid":{"rendered":"https:\/\/staging2.stylingagenten.com\/da\/produkt\/olaplex-no-4c-bond-maintenance-clarifying-shampoo-1000ml\/"},"modified":"2026-04-11T00:58:31","modified_gmt":"2026-04-11T00:58:31","slug":"olaplex-no-4c-bond-maintenance-clarifying-shampoo-1000ml","status":"publish","type":"product","link":"https:\/\/stylingagenten.com\/da\/produkt\/olaplex-no-4c-bond-maintenance-clarifying-shampoo-1000ml\/","title":{"rendered":"Olaplex No.4C Bond Maintenance Clarifying Shampoo 1000ml"},"content":{"rendered":"<p>Olaplex No.4C er en avanceret dybderensende shampoo, baseret p\u00e5 Olaplex&#8217;s eksklusive renseteknologi. Den giver en kraftfuld dybderens og fjerner produktrester og urenheder for at skabe sundere, mere levende h\u00e5r \u2013 uden at blive t\u00f8rt eller glansl\u00f8st.<\/p>\n<p>\u2022 Fjerner overflademineraler fra h\u00e5rdt vand, klor, overskydende olier og produktrester fra h\u00e5rets sk\u00e6llag efter blot \u00e9n anvendelse<br \/>\n<br \/>\u2022 Fugtgivende formel, der efterlader h\u00e5ret rent, bl\u00f8dt, skinnende og livligt<br \/>\n<br \/>\u2022 Indeholder OLAPLEXs patenterede Bond-Building Technology\u2122 for at styrke h\u00e5ret og g\u00f8re det mere modstandsdygtigt<\/p>\n<p>Brug Olaplex 4C ugentligt, eller f\u00f8r h\u00e5rmaske og andre behandlinger for maksimal ydeevne.<\/p>\n<p>Brug:<br \/>\n<br \/>P\u00e5f\u00f8r No.4C i fugtigt h\u00e5r, masser ind i hovedbunden og arbejd ud mod l\u00e6ngderne. Lad virke i op til 5 minutter. Skyl grundigt og afslut med Olaplex No.5 balsam eller Olaplex No.8 h\u00e5rmaske.<\/p>\n<p>1000ml<\/p>\n","protected":false},"excerpt":{"rendered":"<p>Olaplex No.4C er en avanceret dybderensende shampoo, baseret p\u00e5 Olaplex&#8217;s eksklusive renseteknologi. Den giver en kraftfuld dybderens og fjerner produktrester og urenheder for at skabe sundere, mere levende h\u00e5r \u2013 uden at blive t\u00f8rt eller glansl\u00f8st. \u2022 Fjerner overflademineraler fra h\u00e5rdt vand, klor, overskydende olier og produktrester fra h\u00e5rets sk\u00e6llag efter blot \u00e9n anvendelse \u2022 [&hellip;]<\/p>\n","protected":false},"featured_media":141900,"comment_status":"open","ping_status":"closed","template":"","meta":{"_trash_the_other_posts":false},"product_brand":[],"product_cat":[563],"product_tag":[3721],"berocket_brand":[1023],"class_list":{"0":"post-141909","1":"product","2":"type-product","3":"status-publish","4":"has-post-thumbnail","6":"product_cat-shampoo","7":"product_tag-olaplex-no-4c-bond-maintenance-clarifying-shampoo","8":"pa_brand-olaplex","9":"pa_variant-1000ml","10":"berocket_brand-olaplex","12":"first","13":"instock","14":"sale","15":"taxable","16":"shipping-taxable","17":"purchasable","18":"product-type-simple"},"_links":{"self":[{"href":"https:\/\/stylingagenten.com\/da\/wp-json\/wp\/v2\/product\/141909","targetHints":{"allow":["GET"]}}],"collection":[{"href":"https:\/\/stylingagenten.com\/da\/wp-json\/wp\/v2\/product"}],"about":[{"href":"https:\/\/stylingagenten.com\/da\/wp-json\/wp\/v2\/types\/product"}],"replies":[{"embeddable":true,"href":"https:\/\/stylingagenten.com\/da\/wp-json\/wp\/v2\/comments?post=141909"}],"version-history":[{"count":0,"href":"https:\/\/stylingagenten.com\/da\/wp-json\/wp\/v2\/product\/141909\/revisions"}],"wp:featuredmedia":[{"embeddable":true,"href":"https:\/\/stylingagenten.com\/da\/wp-json\/wp\/v2\/media\/141900"}],"wp:attachment":[{"href":"https:\/\/stylingagenten.com\/da\/wp-json\/wp\/v2\/media?parent=141909"}],"wp:term":[{"taxonomy":"product_brand","embeddable":true,"href":"https:\/\/stylingagenten.com\/da\/wp-json\/wp\/v2\/product_brand?post=141909"},{"taxonomy":"product_cat","embeddable":true,"href":"https:\/\/stylingagenten.com\/da\/wp-json\/wp\/v2\/product_cat?post=141909"},{"taxonomy":"product_tag","embeddable":true,"href":"https:\/\/stylingagenten.com\/da\/wp-json\/wp\/v2\/product_tag?post=141909"},{"taxonomy":"berocket_brand","embeddable":true,"href":"https:\/\/stylingagenten.com\/da\/wp-json\/wp\/v2\/berocket_brand?post=141909"}],"curies":[{"name":"wp","href":"https:\/\/api.w.org\/{rel}","templated":true}]}}