{"id":141890,"date":"2025-05-18T23:11:55","date_gmt":"2025-05-18T23:11:55","guid":{"rendered":"https:\/\/staging2.stylingagenten.com\/da\/produkt\/bjork-lockar-curl-defining-shampoo-300ml\/"},"modified":"2026-04-14T20:58:39","modified_gmt":"2026-04-14T20:58:39","slug":"bjork-lockar-curl-defining-shampoo-300ml","status":"publish","type":"product","link":"https:\/\/stylingagenten.com\/da\/produkt\/bjork-lockar-curl-defining-shampoo-300ml\/","title":{"rendered":"Bj\u00f6rk LOCKAR Curl Defining Shampoo 300ml"},"content":{"rendered":"<p>Bj\u00f6rk LOCKAR Curl Defining Shampoo er en fugtgivende shampoo til b\u00f8lget og kr\u00f8llet h\u00e5r. Skaber en volumiserende effekt for at definere kr\u00f8ller, fylde og elasticitet. Sk\u00e5nsom og mildt rensende formel med birkeekstrakt, mandel- og \u00e6bleolie, der har pleiende egenskaber til at reducere frizz og definere kr\u00f8ller uden at tynge dem ned. Efterlader h\u00e5ret glansfuldt, bl\u00f8dt og fuld af bev\u00e6gelse.<\/p>\n<p>Duft: Frugtig og frisk duft med indslag af fersken og citrus.<\/p>\n<p>300 ml<\/p>\n","protected":false},"excerpt":{"rendered":"<p>Bj\u00f6rk LOCKAR Curl Defining Shampoo er en fugtgivende shampoo til b\u00f8lget og kr\u00f8llet h\u00e5r. Skaber en volumiserende effekt for at definere kr\u00f8ller, fylde og elasticitet. Sk\u00e5nsom og mildt rensende formel med birkeekstrakt, mandel- og \u00e6bleolie, der har pleiende egenskaber til at reducere frizz og definere kr\u00f8ller uden at tynge dem ned. Efterlader h\u00e5ret glansfuldt, bl\u00f8dt [&hellip;]<\/p>\n","protected":false},"featured_media":141888,"comment_status":"open","ping_status":"closed","template":"","meta":{"_trash_the_other_posts":false},"product_brand":[],"product_cat":[563],"product_tag":[],"berocket_brand":[1418],"class_list":{"0":"post-141890","1":"product","2":"type-product","3":"status-publish","4":"has-post-thumbnail","6":"product_cat-shampoo","7":"pa_brand-bjork","8":"berocket_brand-bjork","10":"first","11":"instock","12":"sale","13":"taxable","14":"shipping-taxable","15":"purchasable","16":"product-type-simple"},"_links":{"self":[{"href":"https:\/\/stylingagenten.com\/da\/wp-json\/wp\/v2\/product\/141890","targetHints":{"allow":["GET"]}}],"collection":[{"href":"https:\/\/stylingagenten.com\/da\/wp-json\/wp\/v2\/product"}],"about":[{"href":"https:\/\/stylingagenten.com\/da\/wp-json\/wp\/v2\/types\/product"}],"replies":[{"embeddable":true,"href":"https:\/\/stylingagenten.com\/da\/wp-json\/wp\/v2\/comments?post=141890"}],"version-history":[{"count":0,"href":"https:\/\/stylingagenten.com\/da\/wp-json\/wp\/v2\/product\/141890\/revisions"}],"wp:featuredmedia":[{"embeddable":true,"href":"https:\/\/stylingagenten.com\/da\/wp-json\/wp\/v2\/media\/141888"}],"wp:attachment":[{"href":"https:\/\/stylingagenten.com\/da\/wp-json\/wp\/v2\/media?parent=141890"}],"wp:term":[{"taxonomy":"product_brand","embeddable":true,"href":"https:\/\/stylingagenten.com\/da\/wp-json\/wp\/v2\/product_brand?post=141890"},{"taxonomy":"product_cat","embeddable":true,"href":"https:\/\/stylingagenten.com\/da\/wp-json\/wp\/v2\/product_cat?post=141890"},{"taxonomy":"product_tag","embeddable":true,"href":"https:\/\/stylingagenten.com\/da\/wp-json\/wp\/v2\/product_tag?post=141890"},{"taxonomy":"berocket_brand","embeddable":true,"href":"https:\/\/stylingagenten.com\/da\/wp-json\/wp\/v2\/berocket_brand?post=141890"}],"curies":[{"name":"wp","href":"https:\/\/api.w.org\/{rel}","templated":true}]}}