{"id":141880,"date":"2025-05-18T23:11:54","date_gmt":"2025-05-18T23:11:54","guid":{"rendered":"https:\/\/staging2.stylingagenten.com\/da\/produkt\/bjork-rena-anti-dandruff-dry-scalp-shampoo-300ml\/"},"modified":"2026-03-20T11:37:30","modified_gmt":"2026-03-20T11:37:30","slug":"bjork-rena-anti-dandruff-dry-scalp-shampoo-300ml","status":"publish","type":"product","link":"https:\/\/stylingagenten.com\/da\/produkt\/bjork-rena-anti-dandruff-dry-scalp-shampoo-300ml\/","title":{"rendered":"Bj\u00f6rk RENA Anti-Dandruff &amp; Dry Scalp Shampoo 300ml"},"content":{"rendered":"<p>Bj\u00f6rk RENA Anti-dandruff &amp; Dry Scalp Shampoo er en effektiv sk\u00e6lshampoo, der fjerner synlige flager fra hovedbunden og forhindrer dannelse af ny sk\u00e6l. Behandler og fugter t\u00f8r, irriteret, kl\u00f8ende og f\u00f8lsom hovedbund. Indeholder en beroligende formel med den anerkendte anti-sk\u00e6l ingrediens Piroctone Olamine samt birke- og aloe vera-ekstrakter, der behandler og balancerer hovedbunden, mens h\u00e5ret bliver bl\u00f8dt. Let parfumeret.<\/p>\n<p>Duft: Let parfumeret med en frisk citrusduft.<\/p>\n<p>300 ml<\/p>\n","protected":false},"excerpt":{"rendered":"<p>Bj\u00f6rk RENA Anti-dandruff &amp; Dry Scalp Shampoo er en effektiv sk\u00e6lshampoo, der fjerner synlige flager fra hovedbunden og forhindrer dannelse af ny sk\u00e6l. Behandler og fugter t\u00f8r, irriteret, kl\u00f8ende og f\u00f8lsom hovedbund. Indeholder en beroligende formel med den anerkendte anti-sk\u00e6l ingrediens Piroctone Olamine samt birke- og aloe vera-ekstrakter, der behandler og balancerer hovedbunden, mens h\u00e5ret [&hellip;]<\/p>\n","protected":false},"featured_media":141879,"comment_status":"open","ping_status":"closed","template":"","meta":{"_trash_the_other_posts":false},"product_brand":[],"product_cat":[563],"product_tag":[],"berocket_brand":[1418],"class_list":{"0":"post-141880","1":"product","2":"type-product","3":"status-publish","4":"has-post-thumbnail","6":"product_cat-shampoo","7":"pa_brand-bjork","8":"berocket_brand-bjork","10":"first","11":"instock","12":"sale","13":"taxable","14":"shipping-taxable","15":"purchasable","16":"product-type-simple"},"_links":{"self":[{"href":"https:\/\/stylingagenten.com\/da\/wp-json\/wp\/v2\/product\/141880","targetHints":{"allow":["GET"]}}],"collection":[{"href":"https:\/\/stylingagenten.com\/da\/wp-json\/wp\/v2\/product"}],"about":[{"href":"https:\/\/stylingagenten.com\/da\/wp-json\/wp\/v2\/types\/product"}],"replies":[{"embeddable":true,"href":"https:\/\/stylingagenten.com\/da\/wp-json\/wp\/v2\/comments?post=141880"}],"version-history":[{"count":0,"href":"https:\/\/stylingagenten.com\/da\/wp-json\/wp\/v2\/product\/141880\/revisions"}],"wp:featuredmedia":[{"embeddable":true,"href":"https:\/\/stylingagenten.com\/da\/wp-json\/wp\/v2\/media\/141879"}],"wp:attachment":[{"href":"https:\/\/stylingagenten.com\/da\/wp-json\/wp\/v2\/media?parent=141880"}],"wp:term":[{"taxonomy":"product_brand","embeddable":true,"href":"https:\/\/stylingagenten.com\/da\/wp-json\/wp\/v2\/product_brand?post=141880"},{"taxonomy":"product_cat","embeddable":true,"href":"https:\/\/stylingagenten.com\/da\/wp-json\/wp\/v2\/product_cat?post=141880"},{"taxonomy":"product_tag","embeddable":true,"href":"https:\/\/stylingagenten.com\/da\/wp-json\/wp\/v2\/product_tag?post=141880"},{"taxonomy":"berocket_brand","embeddable":true,"href":"https:\/\/stylingagenten.com\/da\/wp-json\/wp\/v2\/berocket_brand?post=141880"}],"curies":[{"name":"wp","href":"https:\/\/api.w.org\/{rel}","templated":true}]}}