{"id":141877,"date":"2025-05-18T23:11:53","date_gmt":"2025-05-18T23:11:53","guid":{"rendered":"https:\/\/staging2.stylingagenten.com\/da\/produkt\/goldwell-dualsenses-men-thickening-shampoo-300ml\/"},"modified":"2026-04-12T20:58:31","modified_gmt":"2026-04-12T20:58:31","slug":"goldwell-dualsenses-men-thickening-shampoo-300ml","status":"publish","type":"product","link":"https:\/\/stylingagenten.com\/da\/produkt\/goldwell-dualsenses-men-thickening-shampoo-300ml\/","title":{"rendered":"Goldwell Dualsenses Men Thickening Shampoo 300ml"},"content":{"rendered":"<p>Goldwell Dualsenses For Men Thickening Shampoo er en shampoo, der er perfekt til m\u00e6nd. Den giver synligt sundt, st\u00e6rkt og livligt h\u00e5r. Den unikke formel virker effektivt ved at rense grundigt og tilf\u00f8re volumen til fint h\u00e5r ved at \u00f8ge fylden for sunde resultater. En kombination af m\u00e6rkets innovative Recharge System og Guarana Caffeine Complex hj\u00e6lper med at styrke h\u00e5ret ved at tilf\u00f8re essentielle proteiner, hvilket g\u00f8r det ser fyldigere ud.<\/p>\n<p>300ml<\/p>\n","protected":false},"excerpt":{"rendered":"<p>Goldwell Dualsenses For Men Thickening Shampoo er en shampoo, der er perfekt til m\u00e6nd. Den giver synligt sundt, st\u00e6rkt og livligt h\u00e5r. Den unikke formel virker effektivt ved at rense grundigt og tilf\u00f8re volumen til fint h\u00e5r ved at \u00f8ge fylden for sunde resultater. En kombination af m\u00e6rkets innovative Recharge System og Guarana Caffeine Complex [&hellip;]<\/p>\n","protected":false},"featured_media":141874,"comment_status":"open","ping_status":"closed","template":"","meta":{"_trash_the_other_posts":false},"product_brand":[],"product_cat":[563],"product_tag":[],"berocket_brand":[1328],"class_list":{"0":"post-141877","1":"product","2":"type-product","3":"status-publish","4":"has-post-thumbnail","6":"product_cat-shampoo","7":"pa_brand-goldwell","8":"berocket_brand-goldwell","10":"first","11":"instock","12":"sale","13":"taxable","14":"shipping-taxable","15":"purchasable","16":"product-type-simple"},"_links":{"self":[{"href":"https:\/\/stylingagenten.com\/da\/wp-json\/wp\/v2\/product\/141877","targetHints":{"allow":["GET"]}}],"collection":[{"href":"https:\/\/stylingagenten.com\/da\/wp-json\/wp\/v2\/product"}],"about":[{"href":"https:\/\/stylingagenten.com\/da\/wp-json\/wp\/v2\/types\/product"}],"replies":[{"embeddable":true,"href":"https:\/\/stylingagenten.com\/da\/wp-json\/wp\/v2\/comments?post=141877"}],"version-history":[{"count":0,"href":"https:\/\/stylingagenten.com\/da\/wp-json\/wp\/v2\/product\/141877\/revisions"}],"wp:featuredmedia":[{"embeddable":true,"href":"https:\/\/stylingagenten.com\/da\/wp-json\/wp\/v2\/media\/141874"}],"wp:attachment":[{"href":"https:\/\/stylingagenten.com\/da\/wp-json\/wp\/v2\/media?parent=141877"}],"wp:term":[{"taxonomy":"product_brand","embeddable":true,"href":"https:\/\/stylingagenten.com\/da\/wp-json\/wp\/v2\/product_brand?post=141877"},{"taxonomy":"product_cat","embeddable":true,"href":"https:\/\/stylingagenten.com\/da\/wp-json\/wp\/v2\/product_cat?post=141877"},{"taxonomy":"product_tag","embeddable":true,"href":"https:\/\/stylingagenten.com\/da\/wp-json\/wp\/v2\/product_tag?post=141877"},{"taxonomy":"berocket_brand","embeddable":true,"href":"https:\/\/stylingagenten.com\/da\/wp-json\/wp\/v2\/berocket_brand?post=141877"}],"curies":[{"name":"wp","href":"https:\/\/api.w.org\/{rel}","templated":true}]}}