{"id":141856,"date":"2025-05-18T23:11:50","date_gmt":"2025-05-18T23:11:50","guid":{"rendered":"https:\/\/staging2.stylingagenten.com\/da\/produkt\/milk_shake-curl-passion-shampoo-1000ml\/"},"modified":"2025-11-19T12:31:59","modified_gmt":"2025-11-19T12:31:59","slug":"milk_shake-curl-passion-shampoo-1000ml","status":"publish","type":"product","link":"https:\/\/stylingagenten.com\/da\/produkt\/milk_shake-curl-passion-shampoo-1000ml\/","title":{"rendered":"Milk_Shake Curl Passion Shampoo 1000ml"},"content":{"rendered":"<p>Milk_Shake Curl Passion Shampoo er en shampoo til kr\u00f8llet h\u00e5r. Den renser og plejer sk\u00e5nsomt og dybt alle h\u00e5rtyper, hvilket giver bl\u00f8dhed og h\u00e5ndterbarhed. Hj\u00e6lper med at g\u00f8re kr\u00f8ller elastiske, fleksible og langvarige. Indeholder \u00f8kologiske pracaxi- og babassuolier, m\u00e6lkeproteiner, frugtekstrakter, Integrity 41\u00ae og quinoaproteiner.<\/p>\n<p>1000ml<\/p>\n","protected":false},"excerpt":{"rendered":"<p>Milk_Shake Curl Passion Shampoo er en shampoo til kr\u00f8llet h\u00e5r. Den renser og plejer sk\u00e5nsomt og dybt alle h\u00e5rtyper, hvilket giver bl\u00f8dhed og h\u00e5ndterbarhed. Hj\u00e6lper med at g\u00f8re kr\u00f8ller elastiske, fleksible og langvarige. Indeholder \u00f8kologiske pracaxi- og babassuolier, m\u00e6lkeproteiner, frugtekstrakter, Integrity 41\u00ae og quinoaproteiner. 1000ml<\/p>\n","protected":false},"featured_media":141851,"comment_status":"open","ping_status":"closed","template":"","meta":{"_trash_the_other_posts":false},"product_brand":[],"product_cat":[563],"product_tag":[3573],"berocket_brand":[1085],"class_list":{"0":"post-141856","1":"product","2":"type-product","3":"status-publish","4":"has-post-thumbnail","6":"product_cat-shampoo","7":"product_tag-milk_shake-curl-passion-shampoo","8":"pa_brand-milk_shake","9":"pa_variant-1000ml","10":"berocket_brand-milk_shake","12":"first","13":"outofstock","14":"sale","15":"taxable","16":"shipping-taxable","17":"purchasable","18":"product-type-simple"},"_links":{"self":[{"href":"https:\/\/stylingagenten.com\/da\/wp-json\/wp\/v2\/product\/141856","targetHints":{"allow":["GET"]}}],"collection":[{"href":"https:\/\/stylingagenten.com\/da\/wp-json\/wp\/v2\/product"}],"about":[{"href":"https:\/\/stylingagenten.com\/da\/wp-json\/wp\/v2\/types\/product"}],"replies":[{"embeddable":true,"href":"https:\/\/stylingagenten.com\/da\/wp-json\/wp\/v2\/comments?post=141856"}],"version-history":[{"count":0,"href":"https:\/\/stylingagenten.com\/da\/wp-json\/wp\/v2\/product\/141856\/revisions"}],"wp:featuredmedia":[{"embeddable":true,"href":"https:\/\/stylingagenten.com\/da\/wp-json\/wp\/v2\/media\/141851"}],"wp:attachment":[{"href":"https:\/\/stylingagenten.com\/da\/wp-json\/wp\/v2\/media?parent=141856"}],"wp:term":[{"taxonomy":"product_brand","embeddable":true,"href":"https:\/\/stylingagenten.com\/da\/wp-json\/wp\/v2\/product_brand?post=141856"},{"taxonomy":"product_cat","embeddable":true,"href":"https:\/\/stylingagenten.com\/da\/wp-json\/wp\/v2\/product_cat?post=141856"},{"taxonomy":"product_tag","embeddable":true,"href":"https:\/\/stylingagenten.com\/da\/wp-json\/wp\/v2\/product_tag?post=141856"},{"taxonomy":"berocket_brand","embeddable":true,"href":"https:\/\/stylingagenten.com\/da\/wp-json\/wp\/v2\/berocket_brand?post=141856"}],"curies":[{"name":"wp","href":"https:\/\/api.w.org\/{rel}","templated":true}]}}