{"id":141849,"date":"2025-05-18T23:11:49","date_gmt":"2025-05-18T23:11:49","guid":{"rendered":"https:\/\/staging2.stylingagenten.com\/da\/produkt\/balmain-illuminating-shampoo-white-pearl-300ml\/"},"modified":"2026-03-11T22:00:37","modified_gmt":"2026-03-11T22:00:37","slug":"balmain-illuminating-shampoo-white-pearl-300ml","status":"publish","type":"product","link":"https:\/\/stylingagenten.com\/da\/produkt\/balmain-illuminating-shampoo-white-pearl-300ml\/","title":{"rendered":"Balmain Illuminating Shampoo White Pearl 300ml"},"content":{"rendered":"<p>Hold det k\u00f8ligt med Balmain Hair Illuminating Shampoo!<br \/>\n<br \/>Blondt, gr\u00e5t og lysfarvet h\u00e5r bliver ofte gult og messingfarvet, is\u00e6r om sommeren, n\u00e5r h\u00e5ret uds\u00e6ttes for sol, hav og klor. D\u00e6mper messingagtige, varme gyldne toner mellem salonbes\u00f8g og vedligeholder en frisk blond, s\u00f8lv eller lys nuance.<\/p>\n<p>Illuminated White Pearl indeholder violette pigmenter, der nemt korrigerer til den \u00f8nskede effekt. Regelm\u00e6ssig brug hj\u00e6lper med at holde h\u00e5rfarven levende. Illuminating White Pearl Shampoo er til blondt eller lysfarvet\/bleget h\u00e5r. Vedligeholder lyst h\u00e5r, korrigerer varme gyldne toner uden at g\u00f8re h\u00e5ret gr\u00e5t. Ideel til h\u00e5r, der har brug for mere glans og en hvid perlemorseffekt.<\/p>\n<p>300 ml<\/p>\n","protected":false},"excerpt":{"rendered":"<p>Hold det k\u00f8ligt med Balmain Hair Illuminating Shampoo! Blondt, gr\u00e5t og lysfarvet h\u00e5r bliver ofte gult og messingfarvet, is\u00e6r om sommeren, n\u00e5r h\u00e5ret uds\u00e6ttes for sol, hav og klor. D\u00e6mper messingagtige, varme gyldne toner mellem salonbes\u00f8g og vedligeholder en frisk blond, s\u00f8lv eller lys nuance. Illuminated White Pearl indeholder violette pigmenter, der nemt korrigerer til [&hellip;]<\/p>\n","protected":false},"featured_media":141833,"comment_status":"open","ping_status":"closed","template":"","meta":{"_trash_the_other_posts":false},"product_brand":[],"product_cat":[563,1004],"product_tag":[],"berocket_brand":[1144],"class_list":{"0":"post-141849","1":"product","2":"type-product","3":"status-publish","4":"has-post-thumbnail","6":"product_cat-shampoo","7":"product_cat-solvshampoo","8":"pa_brand-balmain","9":"berocket_brand-balmain","11":"first","12":"instock","13":"sale","14":"taxable","15":"shipping-taxable","16":"purchasable","17":"product-type-simple"},"_links":{"self":[{"href":"https:\/\/stylingagenten.com\/da\/wp-json\/wp\/v2\/product\/141849","targetHints":{"allow":["GET"]}}],"collection":[{"href":"https:\/\/stylingagenten.com\/da\/wp-json\/wp\/v2\/product"}],"about":[{"href":"https:\/\/stylingagenten.com\/da\/wp-json\/wp\/v2\/types\/product"}],"replies":[{"embeddable":true,"href":"https:\/\/stylingagenten.com\/da\/wp-json\/wp\/v2\/comments?post=141849"}],"version-history":[{"count":0,"href":"https:\/\/stylingagenten.com\/da\/wp-json\/wp\/v2\/product\/141849\/revisions"}],"wp:featuredmedia":[{"embeddable":true,"href":"https:\/\/stylingagenten.com\/da\/wp-json\/wp\/v2\/media\/141833"}],"wp:attachment":[{"href":"https:\/\/stylingagenten.com\/da\/wp-json\/wp\/v2\/media?parent=141849"}],"wp:term":[{"taxonomy":"product_brand","embeddable":true,"href":"https:\/\/stylingagenten.com\/da\/wp-json\/wp\/v2\/product_brand?post=141849"},{"taxonomy":"product_cat","embeddable":true,"href":"https:\/\/stylingagenten.com\/da\/wp-json\/wp\/v2\/product_cat?post=141849"},{"taxonomy":"product_tag","embeddable":true,"href":"https:\/\/stylingagenten.com\/da\/wp-json\/wp\/v2\/product_tag?post=141849"},{"taxonomy":"berocket_brand","embeddable":true,"href":"https:\/\/stylingagenten.com\/da\/wp-json\/wp\/v2\/berocket_brand?post=141849"}],"curies":[{"name":"wp","href":"https:\/\/api.w.org\/{rel}","templated":true}]}}