{"id":141836,"date":"2025-05-18T23:11:47","date_gmt":"2025-05-18T23:11:47","guid":{"rendered":"https:\/\/staging2.stylingagenten.com\/da\/produkt\/balmain-moisturizing-shampoo-50ml\/"},"modified":"2026-03-11T21:44:48","modified_gmt":"2026-03-11T21:44:48","slug":"balmain-moisturizing-shampoo-50ml","status":"publish","type":"product","link":"https:\/\/stylingagenten.com\/da\/produkt\/balmain-moisturizing-shampoo-50ml\/","title":{"rendered":"Balmain Moisturizing Shampoo 50ml"},"content":{"rendered":"<p>Fugtgivende shampoo med h\u00f8j n\u00e6ring, beriget med ren \u00f8kologisk arganolie. Velegnet til behandlet og\/eller farvet h\u00e5r. Giver st\u00e6rkt, glansfuldt og let h\u00e5ndterbart h\u00e5r. N\u00e6ringsrig, foryngende og fremh\u00e6ver naturlig glans og ungdommelig elasticitet.<\/p>\n<p>50 ml<\/p>\n","protected":false},"excerpt":{"rendered":"<p>Fugtgivende shampoo med h\u00f8j n\u00e6ring, beriget med ren \u00f8kologisk arganolie. Velegnet til behandlet og\/eller farvet h\u00e5r. Giver st\u00e6rkt, glansfuldt og let h\u00e5ndterbart h\u00e5r. N\u00e6ringsrig, foryngende og fremh\u00e6ver naturlig glans og ungdommelig elasticitet. 50 ml<\/p>\n","protected":false},"featured_media":141831,"comment_status":"open","ping_status":"closed","template":"","meta":{"_trash_the_other_posts":false},"product_brand":[],"product_cat":[563],"product_tag":[2460],"berocket_brand":[1144],"class_list":{"0":"post-141836","1":"product","2":"type-product","3":"status-publish","4":"has-post-thumbnail","6":"product_cat-shampoo","7":"product_tag-balmain-moisturizing-shampoo","8":"pa_brand-balmain","9":"pa_variant-50ml","10":"berocket_brand-balmain","12":"first","13":"instock","14":"sale","15":"taxable","16":"shipping-taxable","17":"purchasable","18":"product-type-simple"},"_links":{"self":[{"href":"https:\/\/stylingagenten.com\/da\/wp-json\/wp\/v2\/product\/141836","targetHints":{"allow":["GET"]}}],"collection":[{"href":"https:\/\/stylingagenten.com\/da\/wp-json\/wp\/v2\/product"}],"about":[{"href":"https:\/\/stylingagenten.com\/da\/wp-json\/wp\/v2\/types\/product"}],"replies":[{"embeddable":true,"href":"https:\/\/stylingagenten.com\/da\/wp-json\/wp\/v2\/comments?post=141836"}],"version-history":[{"count":0,"href":"https:\/\/stylingagenten.com\/da\/wp-json\/wp\/v2\/product\/141836\/revisions"}],"wp:featuredmedia":[{"embeddable":true,"href":"https:\/\/stylingagenten.com\/da\/wp-json\/wp\/v2\/media\/141831"}],"wp:attachment":[{"href":"https:\/\/stylingagenten.com\/da\/wp-json\/wp\/v2\/media?parent=141836"}],"wp:term":[{"taxonomy":"product_brand","embeddable":true,"href":"https:\/\/stylingagenten.com\/da\/wp-json\/wp\/v2\/product_brand?post=141836"},{"taxonomy":"product_cat","embeddable":true,"href":"https:\/\/stylingagenten.com\/da\/wp-json\/wp\/v2\/product_cat?post=141836"},{"taxonomy":"product_tag","embeddable":true,"href":"https:\/\/stylingagenten.com\/da\/wp-json\/wp\/v2\/product_tag?post=141836"},{"taxonomy":"berocket_brand","embeddable":true,"href":"https:\/\/stylingagenten.com\/da\/wp-json\/wp\/v2\/berocket_brand?post=141836"}],"curies":[{"name":"wp","href":"https:\/\/api.w.org\/{rel}","templated":true}]}}