{"id":141786,"date":"2025-05-18T23:11:41","date_gmt":"2025-05-18T23:11:41","guid":{"rendered":"https:\/\/staging2.stylingagenten.com\/da\/produkt\/system-professional-repair-shampoo-250ml\/"},"modified":"2026-03-25T18:18:42","modified_gmt":"2026-03-25T18:18:42","slug":"system-professional-repair-shampoo-250ml","status":"publish","type":"product","link":"https:\/\/stylingagenten.com\/da\/produkt\/system-professional-repair-shampoo-250ml\/","title":{"rendered":"System Professional Repair Shampoo 250ml"},"content":{"rendered":"<p>System Professional Repair Shampoo er en styrkende og n\u00e6rende shampoo til skadet h\u00e5r. Denne milde shampoo genskaber straks h\u00e5rets kambarhed og g\u00f8r det glat, plejet og beskyttet.<\/p>\n<p>System Professional Repair-serien er designet til at reparere og styrke skadet og skr\u00f8beligt h\u00e5r. Den unikke formel indeholder avancerede FibraBuild-molekyler, der reparerer, n\u00e6rer og fornyer beskadigede omr\u00e5der og beskytter h\u00e5ret mod yderligere stress.<\/p>\n<p>250ml<\/p>\n","protected":false},"excerpt":{"rendered":"<p>System Professional Repair Shampoo er en styrkende og n\u00e6rende shampoo til skadet h\u00e5r. Denne milde shampoo genskaber straks h\u00e5rets kambarhed og g\u00f8r det glat, plejet og beskyttet. System Professional Repair-serien er designet til at reparere og styrke skadet og skr\u00f8beligt h\u00e5r. Den unikke formel indeholder avancerede FibraBuild-molekyler, der reparerer, n\u00e6rer og fornyer beskadigede omr\u00e5der og [&hellip;]<\/p>\n","protected":false},"featured_media":141756,"comment_status":"open","ping_status":"closed","template":"","meta":{"_trash_the_other_posts":false},"product_brand":[],"product_cat":[563],"product_tag":[],"berocket_brand":[1995],"class_list":{"0":"post-141786","1":"product","2":"type-product","3":"status-publish","4":"has-post-thumbnail","6":"product_cat-shampoo","7":"pa_brand-system-professional","8":"berocket_brand-system-professional","10":"first","11":"outofstock","12":"sale","13":"taxable","14":"shipping-taxable","15":"purchasable","16":"product-type-simple"},"_links":{"self":[{"href":"https:\/\/stylingagenten.com\/da\/wp-json\/wp\/v2\/product\/141786","targetHints":{"allow":["GET"]}}],"collection":[{"href":"https:\/\/stylingagenten.com\/da\/wp-json\/wp\/v2\/product"}],"about":[{"href":"https:\/\/stylingagenten.com\/da\/wp-json\/wp\/v2\/types\/product"}],"replies":[{"embeddable":true,"href":"https:\/\/stylingagenten.com\/da\/wp-json\/wp\/v2\/comments?post=141786"}],"version-history":[{"count":0,"href":"https:\/\/stylingagenten.com\/da\/wp-json\/wp\/v2\/product\/141786\/revisions"}],"wp:featuredmedia":[{"embeddable":true,"href":"https:\/\/stylingagenten.com\/da\/wp-json\/wp\/v2\/media\/141756"}],"wp:attachment":[{"href":"https:\/\/stylingagenten.com\/da\/wp-json\/wp\/v2\/media?parent=141786"}],"wp:term":[{"taxonomy":"product_brand","embeddable":true,"href":"https:\/\/stylingagenten.com\/da\/wp-json\/wp\/v2\/product_brand?post=141786"},{"taxonomy":"product_cat","embeddable":true,"href":"https:\/\/stylingagenten.com\/da\/wp-json\/wp\/v2\/product_cat?post=141786"},{"taxonomy":"product_tag","embeddable":true,"href":"https:\/\/stylingagenten.com\/da\/wp-json\/wp\/v2\/product_tag?post=141786"},{"taxonomy":"berocket_brand","embeddable":true,"href":"https:\/\/stylingagenten.com\/da\/wp-json\/wp\/v2\/berocket_brand?post=141786"}],"curies":[{"name":"wp","href":"https:\/\/api.w.org\/{rel}","templated":true}]}}