{"id":141766,"date":"2025-05-18T23:11:38","date_gmt":"2025-05-18T23:11:38","guid":{"rendered":"https:\/\/staging2.stylingagenten.com\/da\/produkt\/system-professional-hydrate-shampoo-250ml\/"},"modified":"2026-03-11T21:56:35","modified_gmt":"2026-03-11T21:56:35","slug":"system-professional-hydrate-shampoo-250ml","status":"publish","type":"product","link":"https:\/\/stylingagenten.com\/da\/produkt\/system-professional-hydrate-shampoo-250ml\/","title":{"rendered":"System Professional Hydrate Shampoo 250ml"},"content":{"rendered":"<p>System Professional Hydrate Shampoo er en let og sk\u00e5nsom shampoo til t\u00f8rt h\u00e5r. Professionel rensning med en formel, der fremmer langvarig fugt. Den sk\u00e5nsomme formel regulerer fugtbalancen og modvirker udt\u00f8rring. Hydrate Shampoo efterlader h\u00e5ret bl\u00f8dt, glat og plejet.<\/p>\n<p>Hydrate-serien er designet til at genoprette fugtbalancen i t\u00f8rt h\u00e5r p\u00e5 dybt niveau. Serien indeholder lette formler, der beriger h\u00e5ret og beskytter det mod udt\u00f8rring. Serien indeholder fugtgivende og n\u00e6rende ingredienser som glycerin, DL-panthenol, glukose og fruktose. Det fugter h\u00e5ret indefra og beskytter mod ydre udt\u00f8rringsfaktorer.<\/p>\n<p>250ml<\/p>\n","protected":false},"excerpt":{"rendered":"<p>System Professional Hydrate Shampoo er en let og sk\u00e5nsom shampoo til t\u00f8rt h\u00e5r. Professionel rensning med en formel, der fremmer langvarig fugt. Den sk\u00e5nsomme formel regulerer fugtbalancen og modvirker udt\u00f8rring. Hydrate Shampoo efterlader h\u00e5ret bl\u00f8dt, glat og plejet. Hydrate-serien er designet til at genoprette fugtbalancen i t\u00f8rt h\u00e5r p\u00e5 dybt niveau. Serien indeholder lette formler, [&hellip;]<\/p>\n","protected":false},"featured_media":141733,"comment_status":"open","ping_status":"closed","template":"","meta":{"_trash_the_other_posts":false},"product_brand":[],"product_cat":[563],"product_tag":[],"berocket_brand":[1995],"class_list":{"0":"post-141766","1":"product","2":"type-product","3":"status-publish","4":"has-post-thumbnail","6":"product_cat-shampoo","7":"pa_brand-system-professional","8":"berocket_brand-system-professional","10":"first","11":"instock","12":"sale","13":"taxable","14":"shipping-taxable","15":"purchasable","16":"product-type-simple"},"_links":{"self":[{"href":"https:\/\/stylingagenten.com\/da\/wp-json\/wp\/v2\/product\/141766","targetHints":{"allow":["GET"]}}],"collection":[{"href":"https:\/\/stylingagenten.com\/da\/wp-json\/wp\/v2\/product"}],"about":[{"href":"https:\/\/stylingagenten.com\/da\/wp-json\/wp\/v2\/types\/product"}],"replies":[{"embeddable":true,"href":"https:\/\/stylingagenten.com\/da\/wp-json\/wp\/v2\/comments?post=141766"}],"version-history":[{"count":0,"href":"https:\/\/stylingagenten.com\/da\/wp-json\/wp\/v2\/product\/141766\/revisions"}],"wp:featuredmedia":[{"embeddable":true,"href":"https:\/\/stylingagenten.com\/da\/wp-json\/wp\/v2\/media\/141733"}],"wp:attachment":[{"href":"https:\/\/stylingagenten.com\/da\/wp-json\/wp\/v2\/media?parent=141766"}],"wp:term":[{"taxonomy":"product_brand","embeddable":true,"href":"https:\/\/stylingagenten.com\/da\/wp-json\/wp\/v2\/product_brand?post=141766"},{"taxonomy":"product_cat","embeddable":true,"href":"https:\/\/stylingagenten.com\/da\/wp-json\/wp\/v2\/product_cat?post=141766"},{"taxonomy":"product_tag","embeddable":true,"href":"https:\/\/stylingagenten.com\/da\/wp-json\/wp\/v2\/product_tag?post=141766"},{"taxonomy":"berocket_brand","embeddable":true,"href":"https:\/\/stylingagenten.com\/da\/wp-json\/wp\/v2\/berocket_brand?post=141766"}],"curies":[{"name":"wp","href":"https:\/\/api.w.org\/{rel}","templated":true}]}}